{"id":11213,"date":"2022-02-23T12:21:36","date_gmt":"2022-02-23T11:21:36","guid":{"rendered":"https:\/\/www.campingdelileverte.com\/camping-bretagne\/"},"modified":"2026-04-22T11:18:11","modified_gmt":"2026-04-22T09:18:11","slug":"bretagne-tourismus","status":"publish","type":"page","link":"https:\/\/www.campingdelileverte.com\/de\/bretagne-tourismus\/","title":{"rendered":"Tourismus in der Bretagne"},"content":{"rendered":"<section id=\"section-62162ff3a3b2f\"\" class=\"section home-first tourism-fancy bg-white\" \/><div class=\"container extralarge\"><div class=\"colonnes-wrap valign-middle \"><div class=\"element colonne w-45 p-3 bg-color5\"><h1 class=\"element section-title left color4\">Tourismus in der Bretagne<\/h1><h2 class=\"element section-title left color2\">Die Bretagne besuchen<\/h2><div class=\"element bloc-text left \">\n\t<p>Willkommen in der Bretagne! F\u00fcr alle, die bereits die Gelegenheit hatten, eine ihrer vielen Facetten zu entdecken, ist der Wunsch, noch mehr zu sehen, ganz selbstverst\u00e4ndlich. F\u00fcr die anderen ist es die Neugier, die T\u00fcr zu dieser etwas abgelegenen, fast zeitlosen Region zu \u00f6ffnen, die Sie zu uns f\u00fchrt.<\/p>\n<p>Die Bretagne ist ein weites Gebiet mit <strong>Landschaften<\/strong> in tausend Facetten, einer tief verwurzelten <strong>Geschichte<\/strong>, einer <strong>Gastronomie<\/strong>, die von ihrem Terroir und den umliegenden Meeren inspiriert ist, und Bretonen, die einfach\u2026 bretonisch sind! Also auf zur Erkundung der Nordbretagne!<\/p>\n<p>Die Bretagne steht auch f\u00fcr eine <strong>warme Atmosph\u00e4re<\/strong>, gepr\u00e4gt von ihren Fest-noz und Musikfestivals, von denen einige zu den bedeutendsten in Frankreich z\u00e4hlen (La Route du Rock, Les Vieilles Charrues, Les Transmusicales, Festival Interceltique de Lorient usw.).<\/p>\n<p>Kurz gesagt\u2026 als echte Bretonin k\u00f6nnte ich noch viele Zeilen \u00fcber diese Region schreiben, die mir so am Herzen liegt. Mein Ziel ist es jedoch, Ihnen, wenn Sie <a href=\"https:\/\/www.campingdelileverte.com\/\">auf dem Camping \u00cele Verte in Ille-et-Vilaine<\/a> sind, schon jetzt die zahlreichen Sch\u00e4tze im Umkreis von 40 km rund um den Campingplatz n\u00e4herzubringen. Folgen Sie der Smaragdk\u00fcste und atmen Sie die frische Meeresluft an der Pointe du Grouin ein.<\/p>\n<p>Entdecken Sie <a href=\"https:\/\/www.campingdelileverte.com\/articles\/remparts-de-saint-malo\/\">Saint-Malo und seine ber\u00fchmten Stadtmauern<\/a> und anschlie\u00dfend die Altstadt dieser Korsarenstadt. \u00dcberqueren Sie die M\u00fcndung der Rance und schlendern Sie \u00fcber die Promenade von <a href=\"https:\/\/www.campingdelileverte.com\/articles\/visiter-dinard\/\">Dinard<\/a>. Bevor Sie zum Campingplatz zur\u00fcckkehren, machen Sie einen Abstecher nach Dinan, eine Stadt der Kunst und Geschichte mit ihren wundersch\u00f6nen Fachwerkh\u00e4usern. Glauben Sie mir, es gibt viel zu entdecken!<\/p>\n<\/div><\/div><div class=\"element colonne w-55 column-img\"><div class=\"element fancybox-container\"><a class=\"fancybox\" href=\"https:\/\/www.campingdelileverte.com\/wp-content\/uploads\/2021\/10\/camping-tourisme-bretagne-remparts-saint-malo.jpg\"><img decoding=\"async\" src=\"https:\/\/www.campingdelileverte.com\/wp-content\/uploads\/2021\/10\/camping-tourisme-bretagne-remparts-saint-malo-100x67.jpg\" data-src=\"https:\/\/www.campingdelileverte.com\/wp-content\/uploads\/2021\/10\/camping-tourisme-bretagne-remparts-saint-malo.jpg\" alt=\"tourisme bretagne\" class=\"images_image\" \/><\/a><a class=\"fancybox\" href=\"https:\/\/www.campingdelileverte.com\/wp-content\/uploads\/2021\/10\/camping-tourisme-bretagne-maison-colombage-dinan.jpg\"><img decoding=\"async\" src=\"https:\/\/www.campingdelileverte.com\/wp-content\/uploads\/2021\/10\/camping-tourisme-bretagne-maison-colombage-dinan-100x67.jpg\" data-src=\"https:\/\/www.campingdelileverte.com\/wp-content\/uploads\/2021\/10\/camping-tourisme-bretagne-maison-colombage-dinan.jpg\" alt=\"camping bretagne\" class=\"images_image\" \/><\/a><a class=\"fancybox\" href=\"https:\/\/www.campingdelileverte.com\/wp-content\/uploads\/2021\/10\/camping-tourisme-bretagne-dinard.jpg\"><img decoding=\"async\" src=\"https:\/\/www.campingdelileverte.com\/wp-content\/uploads\/2021\/10\/camping-tourisme-bretagne-dinard-100x67.jpg\" data-src=\"https:\/\/www.campingdelileverte.com\/wp-content\/uploads\/2021\/10\/camping-tourisme-bretagne-dinard.jpg\" alt=\"d\u00e9couvrir la bretagne\" class=\"images_image\" \/><\/a><\/div><\/div><\/div><\/div><\/section>\n\n<section id=\"section-62162ff3a3c3b\"\" class=\"section home-third bg-white p-b-0\" \/><div class=\"container full\"><div class=\"element images\"><div class=\"image\"><img decoding=\"async\" src=\"https:\/\/www.campingdelileverte.com\/wp-content\/uploads\/2022\/02\/camping-saint-malo-100x33.jpg\" data-src=\"https:\/\/www.campingdelileverte.com\/wp-content\/uploads\/2022\/02\/camping-saint-malo.jpg\" alt=\"camping saint malo\" class=\"images_image\" \/><\/div><\/div><div class=\"element images\"><div class=\"image\"><img decoding=\"async\" src=\"https:\/\/www.campingdelileverte.com\/wp-content\/uploads\/2021\/08\/wave-100x16.png\" data-src=\"https:\/\/www.campingdelileverte.com\/wp-content\/uploads\/2021\/08\/wave.png\" alt=\"wave\" class=\"images_image\" \/><\/div><\/div><\/div><\/section>\n\n<section id=\"section-62162ff3a3d15\"\" class=\"section home-third-bis bg-white p-t-0\" \/><div class=\"container large\"><h2 class=\"element section-title center color2\">Sehensw\u00fcrdigkeiten in der Bretagne<\/h2><div class=\"element bloc-text left \">\n\t<p>Nachdem Sie die Juwelen der <a href=\"https:\/\/www.campingdelileverte.com\/camping-bretagne\/camping-cote-emeraude\/\">Smaragdk\u00fcste<\/a> (Cancale, Saint-Malo, Dinard, Cap Fr\u00e9hel) entdeckt haben, erwartet Sie entlang der K\u00fcste ein weiterer ebenso beeindruckender Abschnitt: die Rosa Granitk\u00fcste (C\u00f4tes-d\u2019Armor), ges\u00e4umt von Badeorten wie Perros-Guirec und Pl\u00e9neuf-Val-Andr\u00e9.<br \/>\nUm in die bretonische Kultur einzutauchen, ist ein Besuch von Quimper, einer Stadt der Kunst und Geschichte, ein absolutes Muss.<br \/>\nDie Bretagne zu besuchen bedeutet auch, durch die <strong>Gassen der D\u00f6rfer<\/strong> mit ihren Stein- und Fachwerkh\u00e4usern wie Dinan und Locronan (eines der sch\u00f6nsten D\u00f6rfer Frankreichs) zu schlendern, eine Meeresfr\u00fcchteplatte im Hafen von Concarneau oder Le Guilvinec zu genie\u00dfen, die Cit\u00e9 de la Voile \u00c9ric Tabarly in Lorient zu besichtigen, das <strong>historische Zentrum<\/strong> von Vannes zu erkunden, nachdem Sie eine Cr\u00eape aus Weizen oder Buchweizen gegessen haben, ein <strong>Boot zu mieten<\/strong>, um im Golf von Morbihan zu segeln oder die Inseln (Gl\u00e9nan, Ouessant, Groix, Belle-\u00cele-en-Mer) zu umrunden, sowie beeindruckende mittelalterliche <strong>Schl\u00f6sser<\/strong> (Josselin, Vitr\u00e9, Foug\u00e8res) zu entdecken.<br \/>\nSchlie\u00dflich ist es unm\u00f6glich, die Bretagne zu verlassen, ohne eine <strong>Wanderung<\/strong> auf dem GR 34 zu unternehmen, der sich entlang der 2.000 km langen bretonischen K\u00fcste erstreckt. Planen Sie Ihre Etappenwanderung auf dem Z\u00f6llnerpfad (GR 34) ganz einfach dank der praktischen Informationen auf der Website <a href=\"https:\/\/itirando.bzh\/\">www.itirando.bzh<\/a>.<\/p>\n<\/div><\/div><\/section>\n\n<section id=\"section-62162ff3a3e04\"\" class=\"section cta-parent-ville bg-white p-t-0\" \/><div class=\"container extralarge\"><h2 class=\"element section-title center titre-cta\">Entdecken Sie die St\u00e4dte der Bretagne<\/h2><ul class=\"liste-de-page\"><\/ul><\/div><\/section>","protected":false},"excerpt":{"rendered":"","protected":false},"author":1,"featured_media":9280,"parent":0,"menu_order":0,"comment_status":"closed","ping_status":"closed","template":"","meta":{"_acf_changed":false,"footnotes":""},"class_list":["post-11213","page","type-page","status-publish","has-post-thumbnail","hentry"],"acf":[],"yoast_head":"<!-- This site is optimized with the Yoast SEO plugin v25.3 - https:\/\/yoast.com\/wordpress\/plugins\/seo\/ -->\n<title>Nordbretagne Tourismus: Was kann man w\u00e4hrend seines Urlaubs in der Nordbretagne unternehmen?<\/title>\n<meta name=\"description\" content=\"Entdecken Sie die Bretagne und ihre zahlreichen Sch\u00e4tze w\u00e4hrend Ihres Urlaubs auf dem Campingplatz \u00cele Verte. Die Bretagne ist eine Region mit vielen Facetten.\" \/>\n<meta name=\"robots\" content=\"index, follow, max-snippet:-1, max-image-preview:large, max-video-preview:-1\" \/>\n<link rel=\"canonical\" href=\"https:\/\/www.campingdelileverte.com\/de\/bretagne-tourismus\/\" \/>\n<meta property=\"og:locale\" content=\"de_DE\" \/>\n<meta property=\"og:type\" content=\"article\" \/>\n<meta property=\"og:title\" content=\"Nordbretagne Tourismus: Was kann man w\u00e4hrend seines Urlaubs in der Nordbretagne unternehmen?\" \/>\n<meta property=\"og:description\" content=\"Entdecken Sie die Bretagne und ihre zahlreichen Sch\u00e4tze w\u00e4hrend Ihres Urlaubs auf dem Campingplatz \u00cele Verte. Die Bretagne ist eine Region mit vielen Facetten.\" \/>\n<meta property=\"og:url\" content=\"https:\/\/www.campingdelileverte.com\/de\/bretagne-tourismus\/\" \/>\n<meta property=\"og:site_name\" content=\"Camping Ile Verte\" \/>\n<meta property=\"article:modified_time\" content=\"2026-04-22T09:18:11+00:00\" \/>\n<meta property=\"og:image\" content=\"https:\/\/www.campingdelileverte.com\/wp-content\/uploads\/2021\/12\/camping-tourisme-bretagne-cote-d-emeraude-1.jpg\" \/>\n\t<meta property=\"og:image:width\" content=\"1900\" \/>\n\t<meta property=\"og:image:height\" content=\"700\" \/>\n\t<meta property=\"og:image:type\" content=\"image\/jpeg\" \/>\n<meta name=\"twitter:card\" content=\"summary_large_image\" \/>\n<meta name=\"twitter:label1\" content=\"Gesch\u00e4tzte Lesezeit\" \/>\n\t<meta name=\"twitter:data1\" content=\"1\u00a0Minute\" \/>\n<script type=\"application\/ld+json\" class=\"yoast-schema-graph\">{\"@context\":\"https:\/\/schema.org\",\"@graph\":[{\"@type\":\"WebPage\",\"@id\":\"https:\/\/www.campingdelileverte.com\/de\/bretagne-tourismus\/\",\"url\":\"https:\/\/www.campingdelileverte.com\/de\/bretagne-tourismus\/\",\"name\":\"Nordbretagne Tourismus: Was kann man w\u00e4hrend seines Urlaubs in der Nordbretagne unternehmen?\",\"isPartOf\":{\"@id\":\"https:\/\/www.campingdelileverte.com\/de\/#website\"},\"primaryImageOfPage\":{\"@id\":\"https:\/\/www.campingdelileverte.com\/de\/bretagne-tourismus\/#primaryimage\"},\"image\":{\"@id\":\"https:\/\/www.campingdelileverte.com\/de\/bretagne-tourismus\/#primaryimage\"},\"thumbnailUrl\":\"https:\/\/www.campingdelileverte.com\/wp-content\/uploads\/2021\/12\/camping-tourisme-bretagne-cote-d-emeraude-1.jpg\",\"datePublished\":\"2022-02-23T11:21:36+00:00\",\"dateModified\":\"2026-04-22T09:18:11+00:00\",\"description\":\"Entdecken Sie die Bretagne und ihre zahlreichen Sch\u00e4tze w\u00e4hrend Ihres Urlaubs auf dem Campingplatz \u00cele Verte. Die Bretagne ist eine Region mit vielen Facetten.\",\"breadcrumb\":{\"@id\":\"https:\/\/www.campingdelileverte.com\/de\/bretagne-tourismus\/#breadcrumb\"},\"inLanguage\":\"de\",\"potentialAction\":[{\"@type\":\"ReadAction\",\"target\":[\"https:\/\/www.campingdelileverte.com\/de\/bretagne-tourismus\/\"]}]},{\"@type\":\"ImageObject\",\"inLanguage\":\"de\",\"@id\":\"https:\/\/www.campingdelileverte.com\/de\/bretagne-tourismus\/#primaryimage\",\"url\":\"https:\/\/www.campingdelileverte.com\/wp-content\/uploads\/2021\/12\/camping-tourisme-bretagne-cote-d-emeraude-1.jpg\",\"contentUrl\":\"https:\/\/www.campingdelileverte.com\/wp-content\/uploads\/2021\/12\/camping-tourisme-bretagne-cote-d-emeraude-1.jpg\",\"width\":1900,\"height\":700,\"caption\":\"camping bretagne\"},{\"@type\":\"BreadcrumbList\",\"@id\":\"https:\/\/www.campingdelileverte.com\/de\/bretagne-tourismus\/#breadcrumb\",\"itemListElement\":[{\"@type\":\"ListItem\",\"position\":1,\"name\":\"Camping Saint Malo\",\"item\":\"https:\/\/www.campingdelileverte.com\/de\/\"},{\"@type\":\"ListItem\",\"position\":2,\"name\":\"Tourismus in der Bretagne\"}]},{\"@type\":\"WebSite\",\"@id\":\"https:\/\/www.campingdelileverte.com\/de\/#website\",\"url\":\"https:\/\/www.campingdelileverte.com\/de\/\",\"name\":\"Camping Ile Verte\",\"description\":\"\",\"publisher\":{\"@id\":\"https:\/\/www.campingdelileverte.com\/de\/#organization\"},\"potentialAction\":[{\"@type\":\"SearchAction\",\"target\":{\"@type\":\"EntryPoint\",\"urlTemplate\":\"https:\/\/www.campingdelileverte.com\/de\/?s={search_term_string}\"},\"query-input\":{\"@type\":\"PropertyValueSpecification\",\"valueRequired\":true,\"valueName\":\"search_term_string\"}}],\"inLanguage\":\"de\"},{\"@type\":\"Organization\",\"@id\":\"https:\/\/www.campingdelileverte.com\/de\/#organization\",\"name\":\"Camping Ile Verte\",\"url\":\"https:\/\/www.campingdelileverte.com\/de\/\",\"logo\":{\"@type\":\"ImageObject\",\"inLanguage\":\"de\",\"@id\":\"https:\/\/www.campingdelileverte.com\/de\/#\/schema\/logo\/image\/\",\"url\":\"https:\/\/www.campingdelileverte.com\/wp-content\/uploads\/2021\/08\/camping-saint-malo.png\",\"contentUrl\":\"https:\/\/www.campingdelileverte.com\/wp-content\/uploads\/2021\/08\/camping-saint-malo.png\",\"width\":370,\"height\":264,\"caption\":\"Camping Ile Verte\"},\"image\":{\"@id\":\"https:\/\/www.campingdelileverte.com\/de\/#\/schema\/logo\/image\/\"}}]}<\/script>\n<!-- \/ Yoast SEO plugin. -->","yoast_head_json":{"title":"Nordbretagne Tourismus: Was kann man w\u00e4hrend seines Urlaubs in der Nordbretagne unternehmen?","description":"Entdecken Sie die Bretagne und ihre zahlreichen Sch\u00e4tze w\u00e4hrend Ihres Urlaubs auf dem Campingplatz \u00cele Verte. Die Bretagne ist eine Region mit vielen Facetten.","robots":{"index":"index","follow":"follow","max-snippet":"max-snippet:-1","max-image-preview":"max-image-preview:large","max-video-preview":"max-video-preview:-1"},"canonical":"https:\/\/www.campingdelileverte.com\/de\/bretagne-tourismus\/","og_locale":"de_DE","og_type":"article","og_title":"Nordbretagne Tourismus: Was kann man w\u00e4hrend seines Urlaubs in der Nordbretagne unternehmen?","og_description":"Entdecken Sie die Bretagne und ihre zahlreichen Sch\u00e4tze w\u00e4hrend Ihres Urlaubs auf dem Campingplatz \u00cele Verte. Die Bretagne ist eine Region mit vielen Facetten.","og_url":"https:\/\/www.campingdelileverte.com\/de\/bretagne-tourismus\/","og_site_name":"Camping Ile Verte","article_modified_time":"2026-04-22T09:18:11+00:00","og_image":[{"width":1900,"height":700,"url":"https:\/\/www.campingdelileverte.com\/wp-content\/uploads\/2021\/12\/camping-tourisme-bretagne-cote-d-emeraude-1.jpg","type":"image\/jpeg"}],"twitter_card":"summary_large_image","twitter_misc":{"Gesch\u00e4tzte Lesezeit":"1\u00a0Minute"},"schema":{"@context":"https:\/\/schema.org","@graph":[{"@type":"WebPage","@id":"https:\/\/www.campingdelileverte.com\/de\/bretagne-tourismus\/","url":"https:\/\/www.campingdelileverte.com\/de\/bretagne-tourismus\/","name":"Nordbretagne Tourismus: Was kann man w\u00e4hrend seines Urlaubs in der Nordbretagne unternehmen?","isPartOf":{"@id":"https:\/\/www.campingdelileverte.com\/de\/#website"},"primaryImageOfPage":{"@id":"https:\/\/www.campingdelileverte.com\/de\/bretagne-tourismus\/#primaryimage"},"image":{"@id":"https:\/\/www.campingdelileverte.com\/de\/bretagne-tourismus\/#primaryimage"},"thumbnailUrl":"https:\/\/www.campingdelileverte.com\/wp-content\/uploads\/2021\/12\/camping-tourisme-bretagne-cote-d-emeraude-1.jpg","datePublished":"2022-02-23T11:21:36+00:00","dateModified":"2026-04-22T09:18:11+00:00","description":"Entdecken Sie die Bretagne und ihre zahlreichen Sch\u00e4tze w\u00e4hrend Ihres Urlaubs auf dem Campingplatz \u00cele Verte. Die Bretagne ist eine Region mit vielen Facetten.","breadcrumb":{"@id":"https:\/\/www.campingdelileverte.com\/de\/bretagne-tourismus\/#breadcrumb"},"inLanguage":"de","potentialAction":[{"@type":"ReadAction","target":["https:\/\/www.campingdelileverte.com\/de\/bretagne-tourismus\/"]}]},{"@type":"ImageObject","inLanguage":"de","@id":"https:\/\/www.campingdelileverte.com\/de\/bretagne-tourismus\/#primaryimage","url":"https:\/\/www.campingdelileverte.com\/wp-content\/uploads\/2021\/12\/camping-tourisme-bretagne-cote-d-emeraude-1.jpg","contentUrl":"https:\/\/www.campingdelileverte.com\/wp-content\/uploads\/2021\/12\/camping-tourisme-bretagne-cote-d-emeraude-1.jpg","width":1900,"height":700,"caption":"camping bretagne"},{"@type":"BreadcrumbList","@id":"https:\/\/www.campingdelileverte.com\/de\/bretagne-tourismus\/#breadcrumb","itemListElement":[{"@type":"ListItem","position":1,"name":"Camping Saint Malo","item":"https:\/\/www.campingdelileverte.com\/de\/"},{"@type":"ListItem","position":2,"name":"Tourismus in der Bretagne"}]},{"@type":"WebSite","@id":"https:\/\/www.campingdelileverte.com\/de\/#website","url":"https:\/\/www.campingdelileverte.com\/de\/","name":"Camping Ile Verte","description":"","publisher":{"@id":"https:\/\/www.campingdelileverte.com\/de\/#organization"},"potentialAction":[{"@type":"SearchAction","target":{"@type":"EntryPoint","urlTemplate":"https:\/\/www.campingdelileverte.com\/de\/?s={search_term_string}"},"query-input":{"@type":"PropertyValueSpecification","valueRequired":true,"valueName":"search_term_string"}}],"inLanguage":"de"},{"@type":"Organization","@id":"https:\/\/www.campingdelileverte.com\/de\/#organization","name":"Camping Ile Verte","url":"https:\/\/www.campingdelileverte.com\/de\/","logo":{"@type":"ImageObject","inLanguage":"de","@id":"https:\/\/www.campingdelileverte.com\/de\/#\/schema\/logo\/image\/","url":"https:\/\/www.campingdelileverte.com\/wp-content\/uploads\/2021\/08\/camping-saint-malo.png","contentUrl":"https:\/\/www.campingdelileverte.com\/wp-content\/uploads\/2021\/08\/camping-saint-malo.png","width":370,"height":264,"caption":"Camping Ile Verte"},"image":{"@id":"https:\/\/www.campingdelileverte.com\/de\/#\/schema\/logo\/image\/"}}]}},"_links":{"self":[{"href":"https:\/\/www.campingdelileverte.com\/de\/wp-json\/wp\/v2\/pages\/11213","targetHints":{"allow":["GET"]}}],"collection":[{"href":"https:\/\/www.campingdelileverte.com\/de\/wp-json\/wp\/v2\/pages"}],"about":[{"href":"https:\/\/www.campingdelileverte.com\/de\/wp-json\/wp\/v2\/types\/page"}],"author":[{"embeddable":true,"href":"https:\/\/www.campingdelileverte.com\/de\/wp-json\/wp\/v2\/users\/1"}],"replies":[{"embeddable":true,"href":"https:\/\/www.campingdelileverte.com\/de\/wp-json\/wp\/v2\/comments?post=11213"}],"version-history":[{"count":1,"href":"https:\/\/www.campingdelileverte.com\/de\/wp-json\/wp\/v2\/pages\/11213\/revisions"}],"predecessor-version":[{"id":11220,"href":"https:\/\/www.campingdelileverte.com\/de\/wp-json\/wp\/v2\/pages\/11213\/revisions\/11220"}],"wp:featuredmedia":[{"embeddable":true,"href":"https:\/\/www.campingdelileverte.com\/de\/wp-json\/wp\/v2\/media\/9280"}],"wp:attachment":[{"href":"https:\/\/www.campingdelileverte.com\/de\/wp-json\/wp\/v2\/media?parent=11213"}],"curies":[{"name":"wp","href":"https:\/\/api.w.org\/{rel}","templated":true}]}}