{"id":8318,"date":"2021-09-28T12:15:57","date_gmt":"2021-09-28T10:15:57","guid":{"rendered":"https:\/\/www.campingdelileverte.com\/vermietung-mobilheim-saint-malo\/location-mobil-home-2-chambres-cancale\/"},"modified":"2021-12-20T16:15:24","modified_gmt":"2021-12-20T15:15:24","slug":"mobil-homes-2-zimmer","status":"publish","type":"page","link":"https:\/\/www.campingdelileverte.com\/de\/vermietung-mobilheim-saint-malo\/mobil-homes-2-zimmer\/","title":{"rendered":"MH 2ch"},"content":{"rendered":"<section id=\"section-61530bb8c2219\"\" class=\"section bg-white\" \/><div class=\"container\"><h1 class=\"element section-title center color4\">Mobil homes 2 zimmer<\/h1><\/div><\/section>\n\n<section id=\"section-615c3947b4cc6\"\" class=\"section bg-white\" \/><div class=\"container extralarge\"><ul class=\"liste-de-page hebergements\"><div class=\"row\"><li class=\"element hebergement call-to-action call-to-action--style-2  nombre-de-chambres-2 nombre-de-personnes-45 superficie-29\"><div class=\"hebergement_link\" id=\"7752\"><div class=\"call-to-action_image\"><img decoding=\"async\" src=\"https:\/\/www.campingdelileverte.com\/wp-content\/uploads\/2021\/08\/camping-cancale-mobil-home-luxe-2-chambres-terrasse-couverte.jpg\" data-src=\"https:\/\/www.campingdelileverte.com\/wp-content\/uploads\/2021\/08\/camping-cancale-mobil-home-luxe-2-chambres-terrasse-couverte.jpg\" alt=\"camping cancale mobil home luxe 2 chambres terrasse couverte\" class=\"\" \/><\/div><div class=\"call-to-action_contenu\"><div class=\"call-to-action_titre\">Mobil-Heim 2 ch LUXE<\/div><\/div><div class=\"hebergement-attributs\"><span class=\"attribut nombre-de-chambres\">2 <\/span><span class=\"attribut nombre-de-personnes\">4\/5 <\/span><span class=\"attribut superficie\">29m\u00b2<\/span><\/div><\/div><\/li><li class=\"element hebergement call-to-action call-to-action--style-2  nombre-de-chambres-2 nombre-de-personnes-4 superficie-24\"><div class=\"hebergement_link\" id=\"7755\"><div class=\"call-to-action_image\"><img decoding=\"async\" src=\"https:\/\/www.campingdelileverte.com\/wp-content\/uploads\/2021\/08\/grand-confort.png\" data-src=\"https:\/\/www.campingdelileverte.com\/wp-content\/uploads\/2021\/08\/grand-confort.png\" alt=\"\" class=\"\" \/><\/div><div class=\"call-to-action_contenu\"><div class=\"call-to-action_titre\">Mobilheim 2 Zi GRAND CONFORT 2020<\/div><\/div><div class=\"hebergement-attributs\"><span class=\"attribut nombre-de-chambres\">2 <\/span><span class=\"attribut nombre-de-personnes\">4 <\/span><span class=\"attribut superficie\">24m\u00b2<\/span><\/div><\/div><\/li><li class=\"element hebergement call-to-action call-to-action--style-2  nombre-de-chambres-2 nombre-de-personnes-4 superficie-24\"><div class=\"hebergement_link\" id=\"7759\"><div class=\"call-to-action_image\"><img decoding=\"async\" src=\"https:\/\/www.campingdelileverte.com\/wp-content\/uploads\/2021\/08\/camping-ille-et-villaine-mobil-home-confort-2-chambres-exterieur.jpg\" data-src=\"https:\/\/www.campingdelileverte.com\/wp-content\/uploads\/2021\/08\/camping-ille-et-villaine-mobil-home-confort-2-chambres-exterieur.jpg\" alt=\"\" class=\"\" \/><\/div><div class=\"call-to-action_contenu\"><div class=\"call-to-action_titre\">Mobilheim 2 Zi. CONFORT<\/div><\/div><div class=\"hebergement-attributs\"><span class=\"attribut nombre-de-chambres\">2 <\/span><span class=\"attribut nombre-de-personnes\">4 <\/span><span class=\"attribut superficie\">24m\u00b2<\/span><\/div><\/div><\/li><li class=\"element hebergement call-to-action call-to-action--style-2  nombre-de-chambres-2 nombre-de-personnes-45 superficie-28\"><div class=\"hebergement_link\" id=\"7764\"><div class=\"call-to-action_image\"><img decoding=\"async\" src=\"https:\/\/www.campingdelileverte.com\/wp-content\/uploads\/2021\/08\/camping-mont-saint-michel-mobil-home-ibiza-confort-2-chambres-exterieur.jpg\" data-src=\"https:\/\/www.campingdelileverte.com\/wp-content\/uploads\/2021\/08\/camping-mont-saint-michel-mobil-home-ibiza-confort-2-chambres-exterieur.jpg\" alt=\"camping mont saint michel mobil home ibiza confort 2 chambres exterieur\" class=\"\" \/><\/div><div class=\"call-to-action_contenu\"><div class=\"call-to-action_titre\">Mobilheim 2 Zi IBIZA CONFORT<\/div><\/div><div class=\"hebergement-attributs\"><span class=\"attribut nombre-de-chambres\">2 <\/span><span class=\"attribut nombre-de-personnes\">4\/5 <\/span><span class=\"attribut superficie\">28m\u00b2<\/span><\/div><\/div><\/li><li class=\"element hebergement call-to-action call-to-action--style-2  nombre-de-chambres-2 nombre-de-personnes-45 superficie-29\"><div class=\"hebergement_link\" id=\"7779\"><div class=\"call-to-action_image\"><img decoding=\"async\" src=\"https:\/\/www.campingdelileverte.com\/wp-content\/uploads\/2021\/08\/camping-ille-et-vilaine-mobil-home-grand-luxe-2-chambres-terrasse-couverte.jpg\" data-src=\"https:\/\/www.campingdelileverte.com\/wp-content\/uploads\/2021\/08\/camping-ille-et-vilaine-mobil-home-grand-luxe-2-chambres-terrasse-couverte.jpg\" alt=\"camping ille et vilaine mobil home grand luxe 2 chambres terrasse couverte\" class=\"\" \/><\/div><div class=\"call-to-action_contenu\"><div class=\"call-to-action_titre\">Mobilheim 2 Zi GRAND LUXE 2020<\/div><\/div><div class=\"hebergement-attributs\"><span class=\"attribut nombre-de-chambres\">2 <\/span><span class=\"attribut nombre-de-personnes\">4\/5 <\/span><span class=\"attribut superficie\">29m\u00b2<\/span><\/div><\/div><\/li><li class=\"element hebergement call-to-action call-to-action--style-2  nombre-de-chambres-2 nombre-de-personnes-4 superficie-35\"><div class=\"hebergement_link\" id=\"7799\"><div class=\"call-to-action_image\"><img decoding=\"async\" src=\"https:\/\/www.campingdelileverte.com\/wp-content\/uploads\/2021\/08\/taos.png\" data-src=\"https:\/\/www.campingdelileverte.com\/wp-content\/uploads\/2021\/08\/taos.png\" alt=\"\" class=\"\" \/><\/div><div class=\"call-to-action_contenu\"><div class=\"call-to-action_titre\">Residenz TAOS Prestige 2 ch 2 sdb<\/div><\/div><div class=\"hebergement-attributs\"><span class=\"attribut nombre-de-chambres\">2 <\/span><span class=\"attribut nombre-de-personnes\">4 <\/span><span class=\"attribut superficie\">35m\u00b2<\/span><\/div><\/div><\/li><li class=\"element hebergement call-to-action call-to-action--style-2  nombre-de-chambres-2 nombre-de-personnes-4 superficie-29\"><div class=\"hebergement_link\" id=\"10930\"><div class=\"call-to-action_image\"><img decoding=\"async\" src=\"https:\/\/www.campingdelileverte.com\/wp-content\/uploads\/2025\/12\/5.png\" data-src=\"https:\/\/www.campingdelileverte.com\/wp-content\/uploads\/2025\/12\/5.png\" alt=\"\" class=\"\" \/><\/div><div class=\"call-to-action_contenu\"><div class=\"call-to-action_titre\">Mobil-home 2 ch VINTAGE<\/div><\/div><div class=\"hebergement-attributs\"><span class=\"attribut nombre-de-chambres\">2 <\/span><span class=\"attribut nombre-de-personnes\">4 <\/span><span class=\"attribut superficie\">29m\u00b2<\/span><\/div><\/div><\/li><\/div><\/ul><\/div><\/section>\n\n<section id=\"section-61530bb8c29f8\"\" class=\"section bg-white\" \/><div class=\"container extralarge\"><div class=\"element section-title center color2 titre-cta\">Mieten Sie ein komfortables Mobilheim in Saint Malo<\/div><div class=\"element bloc-text justify \">\n\t<p>Unser Angebot an Mobilheimen mit 2 Schlafzimmern umfasst verschiedene Modelle mit Heizung. Wenn Sie \u00fcber ein kleines Budget verf\u00fcgen, sollten Sie sich f\u00fcr das Mobilheim Confort (22 m2) oder das Mobilheim Grand Confort (neue Kollektion 2020) mit ihrem Sonderangebot f\u00fcr Paare in der Nebensaison entscheiden. Das Modell Ibiza Confort (28 m2) ist ideal f\u00fcr Familien, die mit Babys reisen, da Sie ein Babybett im Elternschlafzimmer aufstellen k\u00f6nnen. M\u00f6chten Sie etwas mehr Komfort? Dann entscheiden Sie sich f\u00fcr die Luxusklasse, die neben der Grundausstattung (Fernseher, Toaster, Wasserkocher) auch \u00fcber einen Geschirrsp\u00fcler, eine ger\u00e4umige Dusche und eine separate Sitzecke verf\u00fcgt. <\/p>\n<p>Lust auf noch mehr Platz und Ausstattung? Dann werden Sie die Residenz Taos und Spa lieben: 35 m2, atemberaubendes Design, moderne K\u00fcche, 2 Badezimmer, Master-Suite, privates Spa f\u00fcr 5 Personen (nicht geeignet f\u00fcr Kinder unter 7 Jahren), Liegest\u00fchle.<\/p>\n<\/div><\/div><\/section>\n\n<section id=\"section-6156cd7db59fa\"\" class=\"section bg-white\" \/><div class=\"container extralarge\"><div class=\"element section-title center titre-cta\">Entdecken Sie unsere Unterk\u00fcnfte<\/div><ul class=\"liste-de-page\"><li class=\"element call-to-action carre call-to-action--style-1 call-to-action--big\"><a href=\"https:\/\/www.campingdelileverte.com\/de\/tarife-und-reservierung\/\"  class=\"call-to-action_link\" title=\"En savoir plus sur tarife und reservierung\"><div class=\"call-to-action_image\"><img decoding=\"async\" src=\"https:\/\/www.campingdelileverte.com\/wp-content\/uploads\/2021\/11\/camping-pas-cher-saint-benoit-des-ondes-100x37.jpg\" data-src=\"https:\/\/www.campingdelileverte.com\/wp-content\/uploads\/2021\/11\/camping-pas-cher-saint-benoit-des-ondes.jpg\" alt=\"camping pas cher saint benoit des ondes\" class=\"big\" \/><\/div><div class=\"call-to-action_contenu\"><div class=\"call-to-action_titre\">Tarife und Reservierung<\/div><\/div><\/a><\/li><li class=\"element call-to-action carre call-to-action--style-1 call-to-action--big call-to-action--style-1 call-to-action--big\"><a href=\"https:\/\/www.campingdelileverte.com\/de\/chalets-und-bungalows\/\"  class=\"call-to-action_link\" title=\"En savoir plus sur  chalet und bungalow \"><div class=\"call-to-action_image\"><img decoding=\"async\" src=\"https:\/\/www.campingdelileverte.com\/wp-content\/uploads\/2021\/08\/LODGE-EXTERIEUR-2023-exterieur-100x67.jpg\" data-src=\"https:\/\/www.campingdelileverte.com\/wp-content\/uploads\/2021\/08\/LODGE-EXTERIEUR-2023-exterieur.jpg\" alt=\"\" class=\"big\" \/><\/div><div class=\"call-to-action_contenu\"><div class=\"call-to-action_titre\"> Chalet und Bungalow <\/div><\/div><\/a><\/li><li class=\"element call-to-action carre call-to-action--style-1 call-to-action--big call-to-action--style-1 call-to-action--big call-to-action--style-1 call-to-action--big\"><a href=\"https:\/\/www.campingdelileverte.com\/de\/vermietung-mobilheim-saint-malo\/\"  class=\"call-to-action_link\" title=\"En savoir plus sur mobilheim\"><div class=\"call-to-action_image\"><img decoding=\"async\" src=\"https:\/\/www.campingdelileverte.com\/wp-content\/uploads\/2021\/11\/camping-location-mobil-home-spa-privatif-saint-benoit-des-ondes-100x37.jpg\" data-src=\"https:\/\/www.campingdelileverte.com\/wp-content\/uploads\/2021\/11\/camping-location-mobil-home-spa-privatif-saint-benoit-des-ondes.jpg\" alt=\"camping-location-mobil-home spa privatif saint benoit des ondes\" class=\"big\" \/><\/div><div class=\"call-to-action_contenu\"><div class=\"call-to-action_titre\">Mobilheim<\/div><\/div><\/a><\/li><\/ul><\/div><\/section>","protected":false},"excerpt":{"rendered":"","protected":false},"author":1,"featured_media":8319,"parent":8283,"menu_order":0,"comment_status":"closed","ping_status":"closed","template":"","meta":{"_acf_changed":false,"footnotes":""},"class_list":["post-8318","page","type-page","status-publish","has-post-thumbnail","hentry"],"acf":[],"yoast_head":"<!-- This site is optimized with the Yoast SEO plugin v25.3 - https:\/\/yoast.com\/wordpress\/plugins\/seo\/ -->\n<title>Mobil homes 2 zimmer - Vermeietung in der Norden Bretagne<\/title>\n<meta name=\"description\" content=\"Buchen Sie Ihr Mobilheim mit 2 Schlafzimmern auf dem Campingplatz Ile Verte f\u00fcr Ihren n\u00e4chsten Aufenthalt zwischen Saint Malo und Cancale.\" \/>\n<meta name=\"robots\" content=\"index, follow, max-snippet:-1, max-image-preview:large, max-video-preview:-1\" \/>\n<link rel=\"canonical\" href=\"https:\/\/www.campingdelileverte.com\/de\/vermietung-mobilheim-saint-malo\/mobil-homes-2-zimmer\/\" \/>\n<meta property=\"og:locale\" content=\"de_DE\" \/>\n<meta property=\"og:type\" content=\"article\" \/>\n<meta property=\"og:title\" content=\"Mobil homes 2 zimmer - Vermeietung in der Norden Bretagne\" \/>\n<meta property=\"og:description\" content=\"Buchen Sie Ihr Mobilheim mit 2 Schlafzimmern auf dem Campingplatz Ile Verte f\u00fcr Ihren n\u00e4chsten Aufenthalt zwischen Saint Malo und Cancale.\" \/>\n<meta property=\"og:url\" content=\"https:\/\/www.campingdelileverte.com\/de\/vermietung-mobilheim-saint-malo\/mobil-homes-2-zimmer\/\" \/>\n<meta property=\"og:site_name\" content=\"Camping Ile Verte\" \/>\n<meta property=\"article:modified_time\" content=\"2021-12-20T15:15:24+00:00\" \/>\n<meta property=\"og:image\" content=\"https:\/\/www.campingdelileverte.com\/wp-content\/uploads\/2021\/10\/camping-location-mobil-home-2-chambres-saint-malo.jpg\" \/>\n\t<meta property=\"og:image:width\" content=\"1900\" \/>\n\t<meta property=\"og:image:height\" content=\"701\" \/>\n\t<meta property=\"og:image:type\" content=\"image\/jpeg\" \/>\n<meta name=\"twitter:card\" content=\"summary_large_image\" \/>\n<script type=\"application\/ld+json\" class=\"yoast-schema-graph\">{\"@context\":\"https:\/\/schema.org\",\"@graph\":[{\"@type\":\"WebPage\",\"@id\":\"https:\/\/www.campingdelileverte.com\/de\/vermietung-mobilheim-saint-malo\/mobil-homes-2-zimmer\/\",\"url\":\"https:\/\/www.campingdelileverte.com\/de\/vermietung-mobilheim-saint-malo\/mobil-homes-2-zimmer\/\",\"name\":\"Mobil homes 2 zimmer - Vermeietung in der Norden Bretagne\",\"isPartOf\":{\"@id\":\"https:\/\/www.campingdelileverte.com\/de\/#website\"},\"primaryImageOfPage\":{\"@id\":\"https:\/\/www.campingdelileverte.com\/de\/vermietung-mobilheim-saint-malo\/mobil-homes-2-zimmer\/#primaryimage\"},\"image\":{\"@id\":\"https:\/\/www.campingdelileverte.com\/de\/vermietung-mobilheim-saint-malo\/mobil-homes-2-zimmer\/#primaryimage\"},\"thumbnailUrl\":\"https:\/\/www.campingdelileverte.com\/wp-content\/uploads\/2021\/10\/camping-location-mobil-home-2-chambres-saint-malo.jpg\",\"datePublished\":\"2021-09-28T10:15:57+00:00\",\"dateModified\":\"2021-12-20T15:15:24+00:00\",\"description\":\"Buchen Sie Ihr Mobilheim mit 2 Schlafzimmern auf dem Campingplatz Ile Verte f\u00fcr Ihren n\u00e4chsten Aufenthalt zwischen Saint Malo und Cancale.\",\"breadcrumb\":{\"@id\":\"https:\/\/www.campingdelileverte.com\/de\/vermietung-mobilheim-saint-malo\/mobil-homes-2-zimmer\/#breadcrumb\"},\"inLanguage\":\"de\",\"potentialAction\":[{\"@type\":\"ReadAction\",\"target\":[\"https:\/\/www.campingdelileverte.com\/de\/vermietung-mobilheim-saint-malo\/mobil-homes-2-zimmer\/\"]}]},{\"@type\":\"ImageObject\",\"inLanguage\":\"de\",\"@id\":\"https:\/\/www.campingdelileverte.com\/de\/vermietung-mobilheim-saint-malo\/mobil-homes-2-zimmer\/#primaryimage\",\"url\":\"https:\/\/www.campingdelileverte.com\/wp-content\/uploads\/2021\/10\/camping-location-mobil-home-2-chambres-saint-malo.jpg\",\"contentUrl\":\"https:\/\/www.campingdelileverte.com\/wp-content\/uploads\/2021\/10\/camping-location-mobil-home-2-chambres-saint-malo.jpg\",\"width\":1900,\"height\":701,\"caption\":\"camping location home 2 chambres saint malo\"},{\"@type\":\"BreadcrumbList\",\"@id\":\"https:\/\/www.campingdelileverte.com\/de\/vermietung-mobilheim-saint-malo\/mobil-homes-2-zimmer\/#breadcrumb\",\"itemListElement\":[{\"@type\":\"ListItem\",\"position\":1,\"name\":\"Camping Saint Malo\",\"item\":\"https:\/\/www.campingdelileverte.com\/de\/\"},{\"@type\":\"ListItem\",\"position\":2,\"name\":\"Standort Mobilheim Saint Malo\",\"item\":\"https:\/\/www.campingdelileverte.com\/de\/vermietung-mobilheim-saint-malo\/\"},{\"@type\":\"ListItem\",\"position\":3,\"name\":\"Mobilheim 2 Zimmer Cancale\"}]},{\"@type\":\"WebSite\",\"@id\":\"https:\/\/www.campingdelileverte.com\/de\/#website\",\"url\":\"https:\/\/www.campingdelileverte.com\/de\/\",\"name\":\"Camping Ile Verte\",\"description\":\"\",\"publisher\":{\"@id\":\"https:\/\/www.campingdelileverte.com\/de\/#organization\"},\"potentialAction\":[{\"@type\":\"SearchAction\",\"target\":{\"@type\":\"EntryPoint\",\"urlTemplate\":\"https:\/\/www.campingdelileverte.com\/de\/?s={search_term_string}\"},\"query-input\":{\"@type\":\"PropertyValueSpecification\",\"valueRequired\":true,\"valueName\":\"search_term_string\"}}],\"inLanguage\":\"de\"},{\"@type\":\"Organization\",\"@id\":\"https:\/\/www.campingdelileverte.com\/de\/#organization\",\"name\":\"Camping Ile Verte\",\"url\":\"https:\/\/www.campingdelileverte.com\/de\/\",\"logo\":{\"@type\":\"ImageObject\",\"inLanguage\":\"de\",\"@id\":\"https:\/\/www.campingdelileverte.com\/de\/#\/schema\/logo\/image\/\",\"url\":\"https:\/\/www.campingdelileverte.com\/wp-content\/uploads\/2021\/08\/camping-saint-malo.png\",\"contentUrl\":\"https:\/\/www.campingdelileverte.com\/wp-content\/uploads\/2021\/08\/camping-saint-malo.png\",\"width\":370,\"height\":264,\"caption\":\"Camping Ile Verte\"},\"image\":{\"@id\":\"https:\/\/www.campingdelileverte.com\/de\/#\/schema\/logo\/image\/\"}}]}<\/script>\n<!-- \/ Yoast SEO plugin. -->","yoast_head_json":{"title":"Mobil homes 2 zimmer - Vermeietung in der Norden Bretagne","description":"Buchen Sie Ihr Mobilheim mit 2 Schlafzimmern auf dem Campingplatz Ile Verte f\u00fcr Ihren n\u00e4chsten Aufenthalt zwischen Saint Malo und Cancale.","robots":{"index":"index","follow":"follow","max-snippet":"max-snippet:-1","max-image-preview":"max-image-preview:large","max-video-preview":"max-video-preview:-1"},"canonical":"https:\/\/www.campingdelileverte.com\/de\/vermietung-mobilheim-saint-malo\/mobil-homes-2-zimmer\/","og_locale":"de_DE","og_type":"article","og_title":"Mobil homes 2 zimmer - Vermeietung in der Norden Bretagne","og_description":"Buchen Sie Ihr Mobilheim mit 2 Schlafzimmern auf dem Campingplatz Ile Verte f\u00fcr Ihren n\u00e4chsten Aufenthalt zwischen Saint Malo und Cancale.","og_url":"https:\/\/www.campingdelileverte.com\/de\/vermietung-mobilheim-saint-malo\/mobil-homes-2-zimmer\/","og_site_name":"Camping Ile Verte","article_modified_time":"2021-12-20T15:15:24+00:00","og_image":[{"width":1900,"height":701,"url":"https:\/\/www.campingdelileverte.com\/wp-content\/uploads\/2021\/10\/camping-location-mobil-home-2-chambres-saint-malo.jpg","type":"image\/jpeg"}],"twitter_card":"summary_large_image","schema":{"@context":"https:\/\/schema.org","@graph":[{"@type":"WebPage","@id":"https:\/\/www.campingdelileverte.com\/de\/vermietung-mobilheim-saint-malo\/mobil-homes-2-zimmer\/","url":"https:\/\/www.campingdelileverte.com\/de\/vermietung-mobilheim-saint-malo\/mobil-homes-2-zimmer\/","name":"Mobil homes 2 zimmer - Vermeietung in der Norden Bretagne","isPartOf":{"@id":"https:\/\/www.campingdelileverte.com\/de\/#website"},"primaryImageOfPage":{"@id":"https:\/\/www.campingdelileverte.com\/de\/vermietung-mobilheim-saint-malo\/mobil-homes-2-zimmer\/#primaryimage"},"image":{"@id":"https:\/\/www.campingdelileverte.com\/de\/vermietung-mobilheim-saint-malo\/mobil-homes-2-zimmer\/#primaryimage"},"thumbnailUrl":"https:\/\/www.campingdelileverte.com\/wp-content\/uploads\/2021\/10\/camping-location-mobil-home-2-chambres-saint-malo.jpg","datePublished":"2021-09-28T10:15:57+00:00","dateModified":"2021-12-20T15:15:24+00:00","description":"Buchen Sie Ihr Mobilheim mit 2 Schlafzimmern auf dem Campingplatz Ile Verte f\u00fcr Ihren n\u00e4chsten Aufenthalt zwischen Saint Malo und Cancale.","breadcrumb":{"@id":"https:\/\/www.campingdelileverte.com\/de\/vermietung-mobilheim-saint-malo\/mobil-homes-2-zimmer\/#breadcrumb"},"inLanguage":"de","potentialAction":[{"@type":"ReadAction","target":["https:\/\/www.campingdelileverte.com\/de\/vermietung-mobilheim-saint-malo\/mobil-homes-2-zimmer\/"]}]},{"@type":"ImageObject","inLanguage":"de","@id":"https:\/\/www.campingdelileverte.com\/de\/vermietung-mobilheim-saint-malo\/mobil-homes-2-zimmer\/#primaryimage","url":"https:\/\/www.campingdelileverte.com\/wp-content\/uploads\/2021\/10\/camping-location-mobil-home-2-chambres-saint-malo.jpg","contentUrl":"https:\/\/www.campingdelileverte.com\/wp-content\/uploads\/2021\/10\/camping-location-mobil-home-2-chambres-saint-malo.jpg","width":1900,"height":701,"caption":"camping location home 2 chambres saint malo"},{"@type":"BreadcrumbList","@id":"https:\/\/www.campingdelileverte.com\/de\/vermietung-mobilheim-saint-malo\/mobil-homes-2-zimmer\/#breadcrumb","itemListElement":[{"@type":"ListItem","position":1,"name":"Camping Saint Malo","item":"https:\/\/www.campingdelileverte.com\/de\/"},{"@type":"ListItem","position":2,"name":"Standort Mobilheim Saint Malo","item":"https:\/\/www.campingdelileverte.com\/de\/vermietung-mobilheim-saint-malo\/"},{"@type":"ListItem","position":3,"name":"Mobilheim 2 Zimmer Cancale"}]},{"@type":"WebSite","@id":"https:\/\/www.campingdelileverte.com\/de\/#website","url":"https:\/\/www.campingdelileverte.com\/de\/","name":"Camping Ile Verte","description":"","publisher":{"@id":"https:\/\/www.campingdelileverte.com\/de\/#organization"},"potentialAction":[{"@type":"SearchAction","target":{"@type":"EntryPoint","urlTemplate":"https:\/\/www.campingdelileverte.com\/de\/?s={search_term_string}"},"query-input":{"@type":"PropertyValueSpecification","valueRequired":true,"valueName":"search_term_string"}}],"inLanguage":"de"},{"@type":"Organization","@id":"https:\/\/www.campingdelileverte.com\/de\/#organization","name":"Camping Ile Verte","url":"https:\/\/www.campingdelileverte.com\/de\/","logo":{"@type":"ImageObject","inLanguage":"de","@id":"https:\/\/www.campingdelileverte.com\/de\/#\/schema\/logo\/image\/","url":"https:\/\/www.campingdelileverte.com\/wp-content\/uploads\/2021\/08\/camping-saint-malo.png","contentUrl":"https:\/\/www.campingdelileverte.com\/wp-content\/uploads\/2021\/08\/camping-saint-malo.png","width":370,"height":264,"caption":"Camping Ile Verte"},"image":{"@id":"https:\/\/www.campingdelileverte.com\/de\/#\/schema\/logo\/image\/"}}]}},"_links":{"self":[{"href":"https:\/\/www.campingdelileverte.com\/de\/wp-json\/wp\/v2\/pages\/8318","targetHints":{"allow":["GET"]}}],"collection":[{"href":"https:\/\/www.campingdelileverte.com\/de\/wp-json\/wp\/v2\/pages"}],"about":[{"href":"https:\/\/www.campingdelileverte.com\/de\/wp-json\/wp\/v2\/types\/page"}],"author":[{"embeddable":true,"href":"https:\/\/www.campingdelileverte.com\/de\/wp-json\/wp\/v2\/users\/1"}],"replies":[{"embeddable":true,"href":"https:\/\/www.campingdelileverte.com\/de\/wp-json\/wp\/v2\/comments?post=8318"}],"version-history":[{"count":6,"href":"https:\/\/www.campingdelileverte.com\/de\/wp-json\/wp\/v2\/pages\/8318\/revisions"}],"predecessor-version":[{"id":9507,"href":"https:\/\/www.campingdelileverte.com\/de\/wp-json\/wp\/v2\/pages\/8318\/revisions\/9507"}],"up":[{"embeddable":true,"href":"https:\/\/www.campingdelileverte.com\/de\/wp-json\/wp\/v2\/pages\/8283"}],"wp:featuredmedia":[{"embeddable":true,"href":"https:\/\/www.campingdelileverte.com\/de\/wp-json\/wp\/v2\/media\/8319"}],"wp:attachment":[{"href":"https:\/\/www.campingdelileverte.com\/de\/wp-json\/wp\/v2\/media?parent=8318"}],"curies":[{"name":"wp","href":"https:\/\/api.w.org\/{rel}","templated":true}]}}