{"id":8870,"date":"2021-08-11T16:24:50","date_gmt":"2021-08-11T14:24:50","guid":{"rendered":"https:\/\/www.campingdelileverte.com\/accueil\/"},"modified":"2021-12-21T09:15:21","modified_gmt":"2021-12-21T08:15:21","slug":"accueil","status":"publish","type":"page","link":"https:\/\/www.campingdelileverte.com\/de\/","title":{"rendered":"Accueil"},"content":{"rendered":"<section id=\"section-6116644331344\"\" class=\"section home-first bg-white\" \/><div class=\"container extralarge\"><div class=\"colonnes-wrap valign-middle \"><div class=\"element colonne w-45 p-3 bg-color5\"><h1 class=\"element section-title left color4\">Ihr Campingplatz zwischen Saint Malo und Cancale<\/h1><h2 class=\"element section-title left color2\">Der ideale Standort um die Bretagne zu entdecken<\/h2><div class=\"element bloc-text left test\">\n\t<p>Schlie\u00dfen Sie Ihre Augen und stellen Sie sich Ihre n\u00e4chsten Ferien vor: \u00ab\u00a0Sie befinden sich im Herzen der\u00a0<strong>Mont Saint Michel Bucht<\/strong>, ein paar Kilometer von\u00a0<strong>Cancale<\/strong>\u00a0und\u00a0<strong>Saint Malo<\/strong>, um die Kultur, Gastronomie und Landschaft dieser Gegend zu entdecken. Sie halten sich auf dem 4 Sterne Ile Verte (\u201cdie gr\u00fcne Insel\u201d) Campingplatz auf (73 Stellpl\u00e4tze \u2013 1,8 Hektar) \u2013 , 400 Meter vom Meer und den Gesch\u00e4ften, in einem gemieteten\u00a0<strong>Mobilhome<\/strong>, einem Zelt oder im Wohnwagen. Nach einem Tag am Strand, entspannen Sie sich am geheizten und \u00fcberdachten Schwimmbad. Abends herrscht eine gesellige und herzliche Stimmung bei der Abendunterhaltung an der Bar, und sp\u00e4ter beim Einschlafen denken Sie schon an Ihre Pl\u00e4ne f\u00fcr den n\u00e4chsten Tag: Vielleicht Strandsegeln oder Wattfischen.<\/p>\n<p>\u00d6ffnen Sie Ihre Augen and warten Sie nicht l\u00e4nger um auf dem Ile Verte Campingplatz in Saint Beno\u00eet des Ondes \u2013 Cancale, zwischen Saint-Malo und dem Mont Saint Michel zu reservieren!<br \/>\nWir w\u00fcrden uns freuen Sie bald in aller Einfachkeit in unserer ruhigen Umgebung f\u00fcr einen authentischen Aufenthalt zu begr\u00fc\u00dfen. Anne-Sophie und Baptiste<\/p>\n<\/div><\/div><div class=\"element colonne w-55\"><div class=\"element images\"><div class=\"image\"><img decoding=\"async\" src=\"https:\/\/www.campingdelileverte.com\/wp-content\/uploads\/2021\/08\/tortillon-100x100.png\" data-src=\"https:\/\/www.campingdelileverte.com\/wp-content\/uploads\/2021\/08\/tortillon.png\" alt=\"tortillon\" class=\"images_image\" \/><\/div><\/div><div class=\"element fancybox-container\"><a class=\"fancybox\" href=\"https:\/\/www.campingdelileverte.com\/wp-content\/uploads\/2021\/08\/camping-saint-malo-avec-piscine.jpg\"><img decoding=\"async\" src=\"https:\/\/www.campingdelileverte.com\/wp-content\/uploads\/2021\/08\/camping-saint-malo-avec-piscine-100x43.jpg\" data-src=\"https:\/\/www.campingdelileverte.com\/wp-content\/uploads\/2021\/08\/camping-saint-malo-avec-piscine.jpg\" alt=\"camping saint malo avec piscine\" class=\"images_image\" \/><\/a><a class=\"fancybox\" href=\"https:\/\/www.campingdelileverte.com\/wp-content\/uploads\/2021\/08\/camping-familial-saint-malo.jpg\"><img decoding=\"async\" src=\"https:\/\/www.campingdelileverte.com\/wp-content\/uploads\/2021\/08\/camping-familial-saint-malo-84x100.jpg\" data-src=\"https:\/\/www.campingdelileverte.com\/wp-content\/uploads\/2021\/08\/camping-familial-saint-malo.jpg\" alt=\"camping familial saint benoit des ondes\" class=\"images_image\" \/><\/a><a class=\"fancybox\" href=\"https:\/\/www.campingdelileverte.com\/wp-content\/uploads\/2021\/11\/camping-avec-aire-de-jeux-cancale.jpg\"><img decoding=\"async\" src=\"https:\/\/www.campingdelileverte.com\/wp-content\/uploads\/2021\/11\/camping-avec-aire-de-jeux-cancale-84x100.jpg\" data-src=\"https:\/\/www.campingdelileverte.com\/wp-content\/uploads\/2021\/11\/camping-avec-aire-de-jeux-cancale.jpg\" alt=\"camping avec aire de jeux cancale\" class=\"images_image\" \/><\/a><\/div><\/div><\/div><\/div><\/section>\n\n<section id=\"section-61166443316a4\"\" class=\"section home-second bg-color5 p-t-0 p-b-0\" \/><div class=\"container full\"><div class=\"colonnes-wrap valign-middle \"><div class=\"element colonne \"><div class=\"element call-to-action  call-to-action--style-1 call-to-action--have-description call-to-action--big\"><a href=\"https:\/\/www.campingdelileverte.com\/de\/vermietung-mobilheim-saint-malo\/\"  class=\"call-to-action_link\" title=\"En savoir plus sur mobilheim\"><div class=\"call-to-action_image\"><img decoding=\"async\" src=\"https:\/\/www.campingdelileverte.com\/wp-content\/uploads\/2021\/08\/location-mobil-home-camping-saint-malo-80x100.jpg\" data-src=\"https:\/\/www.campingdelileverte.com\/wp-content\/uploads\/2021\/08\/location-mobil-home-camping-saint-malo.jpg\" alt=\"location mobil home camping saint malo\" class=\"big\" \/><\/div><div class=\"call-to-action_contenu\"><div class=\"call-to-action_titre\">Mobilheim<\/div><div class=\"call-to-action_description\">Entdecken Sie +<\/div><\/div><\/a><\/div><div class=\"element call-to-action  call-to-action--style-1 call-to-action--have-description call-to-action--big call-to-action--style-1 call-to-action--big\"><a href=\"https:\/\/www.campingdelileverte.com\/de\/vermietung-mobilheim-saint-malo\/mobilheime-mit-whirlpool\/\"  class=\"call-to-action_link\" title=\"En savoir plus sur mobilheime mit whirlpool\"><div class=\"call-to-action_image\"><img decoding=\"async\" src=\"https:\/\/www.campingdelileverte.com\/wp-content\/uploads\/2021\/10\/camping-location-mobil-home-spa-saint-malo-100x37.jpg\" data-src=\"https:\/\/www.campingdelileverte.com\/wp-content\/uploads\/2021\/10\/camping-location-mobil-home-spa-saint-malo.jpg\" alt=\"camping location mobil home spa saint malo\" class=\"big\" \/><\/div><div class=\"call-to-action_contenu\"><div class=\"call-to-action_titre\">Mobilheime mit Whirlpool<\/div><\/div><\/a><\/div><\/div><div class=\"element colonne \"><div class=\"element call-to-action  call-to-action--style-1 call-to-action--have-description call-to-action--big\"><a href=\"https:\/\/www.campingdelileverte.com\/de\/die-stellplatze\/\"  class=\"call-to-action_link\" title=\"En savoir plus sur die standorte\"><div class=\"call-to-action_image\"><img decoding=\"async\" src=\"https:\/\/www.campingdelileverte.com\/wp-content\/uploads\/2021\/08\/location-emplacement-caming-saint-malo-80x100.jpg\" data-src=\"https:\/\/www.campingdelileverte.com\/wp-content\/uploads\/2021\/08\/location-emplacement-caming-saint-malo.jpg\" alt=\"location emplacement caming saint malo\" class=\"big\" \/><\/div><div class=\"call-to-action_contenu\"><div class=\"call-to-action_titre\">Die Standorte<\/div><div class=\"call-to-action_description\">Entdecken Sie +<\/div><\/div><\/a><\/div><div class=\"element call-to-action  call-to-action--style-1 call-to-action--have-description call-to-action--big call-to-action--style-1 call-to-action--big\"><a href=\"https:\/\/www.campingdelileverte.com\/de\/chalets-und-bungalows\/\"  class=\"call-to-action_link\" title=\"En savoir plus sur  chalet und bungalow \"><div class=\"call-to-action_image\"><img decoding=\"async\" src=\"https:\/\/www.campingdelileverte.com\/wp-content\/uploads\/2021\/08\/LODGE-EXTERIEUR-2023-exterieur-100x67.jpg\" data-src=\"https:\/\/www.campingdelileverte.com\/wp-content\/uploads\/2021\/08\/LODGE-EXTERIEUR-2023-exterieur.jpg\" alt=\"\" class=\"big\" \/><\/div><div class=\"call-to-action_contenu\"><div class=\"call-to-action_titre\"> Chalet und Bungalow <\/div><\/div><\/a><\/div><\/div><div class=\"element colonne p-5\"><h2 class=\"element section-title left color2\">Vermietung von Mobilhomes und Bungalows<\/h2><div class=\"element bloc-text left \">\n\t<p>Sie lieben zu campen, aber es mu\u00df nat\u00fcrlich auch praktisch, bequem und voll ausgestattet sein! Das finden Sie alles in unserem Vermietungsangebot in der\u00a0<strong>Mont Saint Michel Bucht<\/strong>:\u00a0<a title=\"Vermietung Mobilheim in Saint Malo\" href=\"https:\/\/www.campingdelileverte.com\/de\/vermietung-mobilheim-saint-malo\/\">Vermietung von Mobilhomes<\/a>\u00a0(Modelle von 2011 bis 2014), Chalets und Bungalows mit Leinw\u00e4nden.<br \/>\nOb Sie jetzt 4 oder 8 Personen sind, f\u00fcr ein Wochenende um den Mont Saint Michel zu besichtigen oder f\u00fcr einen erholsamen Urlaub am Meer, was immer Ihre Vorstellung von einem Aufenthalt zwischen\u00a0<strong>Cancale<\/strong>\u00a0und dem\u00a0<strong>Mont Saint Michel ist<\/strong>, auf dem Ile Verte Campingplatz in der\u00a0<strong>n\u00f6rdlichen Bretagne<\/strong>\u00a0haben wir mit Sicherheit eine Unterkunft die Ihnen enspricht.<\/p>\n<\/div><a href=\"https:\/\/www.campingdelileverte.com\/de\/vermietung-mobilheim-saint-malo\/\" title=\"Siehe Preise\" class=\"element bouton justify\" ><span>Siehe Preise<\/span><\/a><\/div><\/div><\/div><\/section>\n\n<section id=\"section-61166f507c3bc\"\" class=\"section home-third bg-white p-b-0\" \/><div class=\"container full\"><div class=\"element images\"><div class=\"image\"><img decoding=\"async\" src=\"https:\/\/www.campingdelileverte.com\/wp-content\/uploads\/2021\/08\/camping-piscine-saint-malo-100x33.jpg\" data-src=\"https:\/\/www.campingdelileverte.com\/wp-content\/uploads\/2021\/08\/camping-piscine-saint-malo.jpg\" alt=\"camping piscine saint malo\" class=\"images_image\" \/><\/div><\/div><div class=\"element images\"><div class=\"image\"><img decoding=\"async\" src=\"https:\/\/www.campingdelileverte.com\/wp-content\/uploads\/2021\/08\/wave-100x16.png\" data-src=\"https:\/\/www.campingdelileverte.com\/wp-content\/uploads\/2021\/08\/wave.png\" alt=\"wave\" class=\"images_image\" \/><\/div><\/div><\/div><\/section>\n\n<section id=\"section-61166f507c6ed\"\" class=\"section home-third-bis bg-white p-t-0\" \/><div class=\"container\"><h2 class=\"element section-title center color2\">Campingplatz in der Ille et Vilaine Gegend mit Schwimmbad<\/h2><div class=\"element bloc-text center \">\n\t<p class=\"read\">Auf einem Campingplatz in der n\u00f6rdlichen Bretagne ist ein bedachtes und geheiztes Schwimmbad nat\u00fcrlich Zwicht! Ideal in der Nebensaison um sich mit ein paar Schwimml\u00e4ngen zu entspannen oder um ein Sonnenbad zu genie\u00dfen. In der Hochsaison, nach einem sch\u00f6nen Wandertag zwischen Saint-Malo und Cancale, kann sich die ganze Familie am\u00a0<a title=\"St Malo Camping mit Schwimmbad\" href=\"https:\/\/www.campingdelileverte.com\/de\/camping-st-malo-mit-schwimmbad\/\">Schwimmbad<\/a>\u00a0bis zur Abendmahlzeit treffen. F\u00fcr die kleinen G\u00e4ste haben wir ein eingebautes Planschbecken im Schwimmbad.<br \/>\nDas Schwimmbad ist ab dem 25. M\u00e4rz ge\u00f6ffnet.<\/p>\n<\/div><div class=\"element images\"><div class=\"image\"><img decoding=\"async\" src=\"https:\/\/www.campingdelileverte.com\/wp-content\/uploads\/2021\/08\/tortillon-100x100.png\" data-src=\"https:\/\/www.campingdelileverte.com\/wp-content\/uploads\/2021\/08\/tortillon.png\" alt=\"tortillon\" class=\"images_image tortillon\" \/><\/div><\/div><\/div><\/section>\n\n<section id=\"section-61166f507d880\"\" class=\"section home-fourth bg-color5\" \/><div class=\"container extralarge\"><h2 class=\"element section-title center region\">Die Region<\/h2><div class=\"colonnes-wrap valign-middle \"><div class=\"element colonne w-40\"><div class=\"element images\"><div class=\"image\"><img decoding=\"async\" src=\"https:\/\/www.campingdelileverte.com\/wp-content\/uploads\/2021\/08\/panneaux-alentours-51x100.png\" data-src=\"https:\/\/www.campingdelileverte.com\/wp-content\/uploads\/2021\/08\/panneaux-alentours.png\" alt=\"panneaux alentours saint malo\" class=\"images_image\" \/><\/div><\/div><\/div><div class=\"element colonne w-55\"><h2 class=\"element section-title left Color2\">Entdecken Bretagne<\/h2><div class=\"element bloc-text left \">\n\t<p>Auf dem Ile Verte Campingplatz (Vom 25. M\u00e4rz bis 1. November) halten Sie sich im Herzen der\u00a0<strong><span class=\"link-annotation-unknown-block-id-1536490515\">n\u00f6rdlichen Bretagne<\/span><\/strong>\u00a0auf, in der<strong>\u00a0<span class=\"link-annotation-unknown-block-id--1539307883\">Mont-Saint-Michel Bucht<\/span><\/strong>, eine reichtumsvolle Gegend zum Erforschen mit vielen Freizeitsaktivit\u00e4ten. Zu besichtigen ist die Korsaren-Stadt von\u00a0<strong><span class=\"link-annotation-unknown-block-id--1439823347\">Saint Malo<\/span><\/strong>, der kleinen Austern-Hafen von\u00a0<strong><span class=\"link-annotation-unknown-block-id-660771719\">Cancale<\/span><\/strong>, der majest\u00e4tische Saint Michel Berg, die mittelalterliche Stadt\u00a0<strong><span class=\"link-annotation-unknown-block-id-1916171984\">Dinan<\/span><\/strong>, die Ufer des Rance Flu\u00dfes, die Smaragdk\u00fcste und die Str\u00e4nde von Dinard\u2026 Lassen Sie sich zum Wattfischen verleiten, versuchen Sie das Strandsegeln oder einen Ausflug auf dem R\u00fccken eines Pferdes\u2026 Probieren Sie die Austern von Cancale, genie\u00dfen Sie die Muscheln von Vivier-sur-Mer, g\u00f6nnen Sie sich die Cr\u00eapes Pfannkuchen mit Karamel und gesalzenem Butter und andere K\u00f6stlichkeiten der Gegend.<\/p>\n<\/div><\/div><\/div><\/div><\/section>\n\n<section id=\"section-61166f507dc1e\"\" class=\"section home-fifth bg-white p-t-0\" \/><div class=\"container full\"><div class=\"element images\"><div class=\"image\"><img decoding=\"async\" src=\"https:\/\/www.campingdelileverte.com\/wp-content\/uploads\/2021\/08\/animations-camping-bretagne-100x39.jpg\" data-src=\"https:\/\/www.campingdelileverte.com\/wp-content\/uploads\/2021\/08\/animations-camping-bretagne.jpg\" alt=\"animations camping bretagne\" class=\"images_image\" \/><\/div><\/div><div class=\"element images\"><div class=\"image\"><img decoding=\"async\" src=\"https:\/\/www.campingdelileverte.com\/wp-content\/uploads\/2021\/08\/wave-100x16.png\" data-src=\"https:\/\/www.campingdelileverte.com\/wp-content\/uploads\/2021\/08\/wave.png\" alt=\"wave\" class=\"images_image\" \/><\/div><\/div><div class=\"element images\"><div class=\"image\"><img decoding=\"async\" src=\"https:\/\/www.campingdelileverte.com\/wp-content\/uploads\/2021\/08\/tortillon-100x100.png\" data-src=\"https:\/\/www.campingdelileverte.com\/wp-content\/uploads\/2021\/08\/tortillon.png\" alt=\"tortillon\" class=\"images_image\" \/><\/div><\/div><a href=\"\/video-camping-st-malo\/\" title=\"Der Campingplatz in Bildern\" class=\"element bouton justify\" ><span>Der Campingplatz in Bildern<\/span><\/a><\/div><\/section>\n\n<section id=\"section-61166f507df02\"\" class=\"section home-sixt bg-white\" \/><div class=\"container extralarge\"><h2 class=\"element section-title left color2\">Entdecken Sie unsere neuesten Nachrichten<\/h2><div class=\"element section-title right color4 news\">Nachrichten<\/div><ul class=\"liste-de-page\"><li class=\"element call-to-action carre call-to-action--style-1 call-to-action--have-description call-to-action--big\"><a href=\"https:\/\/www.campingdelileverte.com\/de\/tourismus-bretagne\/die-smaragdkueste\/\"  class=\"call-to-action_link\" title=\"En savoir plus sur cote d'emeraude\"><div class=\"call-to-action_image\"><img decoding=\"async\" src=\"https:\/\/www.campingdelileverte.com\/wp-content\/uploads\/2021\/12\/cote-emeraude-camping-100x37.jpg\" data-src=\"https:\/\/www.campingdelileverte.com\/wp-content\/uploads\/2021\/12\/cote-emeraude-camping.jpg\" alt=\"cote emeraude camping\" class=\"big\" \/><\/div><div class=\"call-to-action_contenu\"><div class=\"call-to-action_titre\">Cote d&#8217;Emeraude<\/div><\/div><\/a><\/li><li class=\"element call-to-action carre call-to-action--style-1 call-to-action--have-description call-to-action--big call-to-action--style-1 call-to-action--have-description call-to-action--big\"><a href=\"https:\/\/www.campingdelileverte.com\/de\/tourismus-bretagne\/camping-cancale\/\"  class=\"call-to-action_link\" title=\"En savoir plus sur cancale\"><div class=\"call-to-action_image\"><img decoding=\"async\" src=\"https:\/\/www.campingdelileverte.com\/wp-content\/uploads\/2021\/12\/cancale-camping-100x37.jpg\" data-src=\"https:\/\/www.campingdelileverte.com\/wp-content\/uploads\/2021\/12\/cancale-camping.jpg\" alt=\"camping cancale\" class=\"big\" \/><\/div><div class=\"call-to-action_contenu\"><div class=\"call-to-action_titre\">Cancale<\/div><\/div><\/a><\/li><li class=\"element call-to-action carre call-to-action--style-1 call-to-action--have-description call-to-action--big call-to-action--style-1 call-to-action--have-description call-to-action--big call-to-action--style-1 call-to-action--have-description call-to-action--big\"><a href=\"https:\/\/www.campingdelileverte.com\/de\/tourismus-bretagne\/campingplatz-saint-benoit-des-ondes\/\"  class=\"call-to-action_link\" title=\"En savoir plus sur saint-beno\u00eet-des-ondes\"><div class=\"call-to-action_image\"><img decoding=\"async\" src=\"https:\/\/www.campingdelileverte.com\/wp-content\/uploads\/2021\/12\/tourisme-saint-benoit-des-ondes-100x37.jpg\" data-src=\"https:\/\/www.campingdelileverte.com\/wp-content\/uploads\/2021\/12\/tourisme-saint-benoit-des-ondes.jpg\" alt=\"tourisme saint benoit des ondes\" class=\"big\" \/><\/div><div class=\"call-to-action_contenu\"><div class=\"call-to-action_titre\">Saint-Beno\u00eet-des-Ondes<\/div><\/div><\/a><\/li><\/ul><\/div><\/section>","protected":false},"excerpt":{"rendered":"","protected":false},"author":1,"featured_media":0,"parent":0,"menu_order":0,"comment_status":"closed","ping_status":"closed","template":"","meta":{"_acf_changed":false,"footnotes":""},"class_list":["post-8870","page","type-page","status-publish","hentry"],"acf":[],"yoast_head":"<!-- This site is optimized with the Yoast SEO plugin v25.3 - https:\/\/yoast.com\/wordpress\/plugins\/seo\/ -->\n<title>4-Sterne-Campingplatz in der Bretagne zwischen St. Malo und Saint Michel<\/title>\n<meta name=\"description\" content=\"Der Campingplatz Ile Verte, der zwischen Cancale, Saint Malo und dem Mont Saint Michel liegt, empf\u00e4ngt Sie f\u00fcr Ihren n\u00e4chsten Urlaub in der Bretagne.\" \/>\n<meta name=\"robots\" content=\"index, follow, max-snippet:-1, max-image-preview:large, max-video-preview:-1\" \/>\n<link rel=\"canonical\" href=\"https:\/\/www.campingdelileverte.com\/de\/\" \/>\n<meta property=\"og:locale\" content=\"de_DE\" \/>\n<meta property=\"og:type\" content=\"article\" \/>\n<meta property=\"og:title\" content=\"4-Sterne-Campingplatz in der Bretagne zwischen St. Malo und Saint Michel\" \/>\n<meta property=\"og:description\" content=\"Der Campingplatz Ile Verte, der zwischen Cancale, Saint Malo und dem Mont Saint Michel liegt, empf\u00e4ngt Sie f\u00fcr Ihren n\u00e4chsten Urlaub in der Bretagne.\" \/>\n<meta property=\"og:url\" content=\"https:\/\/www.campingdelileverte.com\/de\/\" \/>\n<meta property=\"og:site_name\" content=\"Camping Ile Verte\" \/>\n<meta property=\"article:modified_time\" content=\"2021-12-21T08:15:21+00:00\" \/>\n<meta name=\"twitter:card\" content=\"summary_large_image\" \/>\n<script type=\"application\/ld+json\" class=\"yoast-schema-graph\">{\"@context\":\"https:\/\/schema.org\",\"@graph\":[{\"@type\":\"WebPage\",\"@id\":\"https:\/\/www.campingdelileverte.com\/de\/\",\"url\":\"https:\/\/www.campingdelileverte.com\/de\/\",\"name\":\"4-Sterne-Campingplatz in der Bretagne zwischen St. Malo und Saint Michel\",\"isPartOf\":{\"@id\":\"https:\/\/www.campingdelileverte.com\/de\/#website\"},\"datePublished\":\"2021-08-11T14:24:50+00:00\",\"dateModified\":\"2021-12-21T08:15:21+00:00\",\"description\":\"Der Campingplatz Ile Verte, der zwischen Cancale, Saint Malo und dem Mont Saint Michel liegt, empf\u00e4ngt Sie f\u00fcr Ihren n\u00e4chsten Urlaub in der Bretagne.\",\"breadcrumb\":{\"@id\":\"https:\/\/www.campingdelileverte.com\/de\/#breadcrumb\"},\"inLanguage\":\"de\",\"potentialAction\":[{\"@type\":\"ReadAction\",\"target\":[\"https:\/\/www.campingdelileverte.com\/de\/\"]}]},{\"@type\":\"BreadcrumbList\",\"@id\":\"https:\/\/www.campingdelileverte.com\/de\/#breadcrumb\",\"itemListElement\":[{\"@type\":\"ListItem\",\"position\":1,\"name\":\"Camping Saint Malo\",\"item\":\"https:\/\/www.campingdelileverte.com\/de\/\"},{\"@type\":\"ListItem\",\"position\":2,\"name\":\"Accueil\"}]},{\"@type\":\"WebSite\",\"@id\":\"https:\/\/www.campingdelileverte.com\/de\/#website\",\"url\":\"https:\/\/www.campingdelileverte.com\/de\/\",\"name\":\"Camping Ile Verte\",\"description\":\"\",\"publisher\":{\"@id\":\"https:\/\/www.campingdelileverte.com\/de\/#organization\"},\"potentialAction\":[{\"@type\":\"SearchAction\",\"target\":{\"@type\":\"EntryPoint\",\"urlTemplate\":\"https:\/\/www.campingdelileverte.com\/de\/?s={search_term_string}\"},\"query-input\":{\"@type\":\"PropertyValueSpecification\",\"valueRequired\":true,\"valueName\":\"search_term_string\"}}],\"inLanguage\":\"de\"},{\"@type\":\"Organization\",\"@id\":\"https:\/\/www.campingdelileverte.com\/de\/#organization\",\"name\":\"Camping Ile Verte\",\"url\":\"https:\/\/www.campingdelileverte.com\/de\/\",\"logo\":{\"@type\":\"ImageObject\",\"inLanguage\":\"de\",\"@id\":\"https:\/\/www.campingdelileverte.com\/de\/#\/schema\/logo\/image\/\",\"url\":\"https:\/\/www.campingdelileverte.com\/wp-content\/uploads\/2021\/08\/camping-saint-malo.png\",\"contentUrl\":\"https:\/\/www.campingdelileverte.com\/wp-content\/uploads\/2021\/08\/camping-saint-malo.png\",\"width\":370,\"height\":264,\"caption\":\"Camping Ile Verte\"},\"image\":{\"@id\":\"https:\/\/www.campingdelileverte.com\/de\/#\/schema\/logo\/image\/\"}}]}<\/script>\n<!-- \/ Yoast SEO plugin. -->","yoast_head_json":{"title":"4-Sterne-Campingplatz in der Bretagne zwischen St. Malo und Saint Michel","description":"Der Campingplatz Ile Verte, der zwischen Cancale, Saint Malo und dem Mont Saint Michel liegt, empf\u00e4ngt Sie f\u00fcr Ihren n\u00e4chsten Urlaub in der Bretagne.","robots":{"index":"index","follow":"follow","max-snippet":"max-snippet:-1","max-image-preview":"max-image-preview:large","max-video-preview":"max-video-preview:-1"},"canonical":"https:\/\/www.campingdelileverte.com\/de\/","og_locale":"de_DE","og_type":"article","og_title":"4-Sterne-Campingplatz in der Bretagne zwischen St. Malo und Saint Michel","og_description":"Der Campingplatz Ile Verte, der zwischen Cancale, Saint Malo und dem Mont Saint Michel liegt, empf\u00e4ngt Sie f\u00fcr Ihren n\u00e4chsten Urlaub in der Bretagne.","og_url":"https:\/\/www.campingdelileverte.com\/de\/","og_site_name":"Camping Ile Verte","article_modified_time":"2021-12-21T08:15:21+00:00","twitter_card":"summary_large_image","schema":{"@context":"https:\/\/schema.org","@graph":[{"@type":"WebPage","@id":"https:\/\/www.campingdelileverte.com\/de\/","url":"https:\/\/www.campingdelileverte.com\/de\/","name":"4-Sterne-Campingplatz in der Bretagne zwischen St. Malo und Saint Michel","isPartOf":{"@id":"https:\/\/www.campingdelileverte.com\/de\/#website"},"datePublished":"2021-08-11T14:24:50+00:00","dateModified":"2021-12-21T08:15:21+00:00","description":"Der Campingplatz Ile Verte, der zwischen Cancale, Saint Malo und dem Mont Saint Michel liegt, empf\u00e4ngt Sie f\u00fcr Ihren n\u00e4chsten Urlaub in der Bretagne.","breadcrumb":{"@id":"https:\/\/www.campingdelileverte.com\/de\/#breadcrumb"},"inLanguage":"de","potentialAction":[{"@type":"ReadAction","target":["https:\/\/www.campingdelileverte.com\/de\/"]}]},{"@type":"BreadcrumbList","@id":"https:\/\/www.campingdelileverte.com\/de\/#breadcrumb","itemListElement":[{"@type":"ListItem","position":1,"name":"Camping Saint Malo","item":"https:\/\/www.campingdelileverte.com\/de\/"},{"@type":"ListItem","position":2,"name":"Accueil"}]},{"@type":"WebSite","@id":"https:\/\/www.campingdelileverte.com\/de\/#website","url":"https:\/\/www.campingdelileverte.com\/de\/","name":"Camping Ile Verte","description":"","publisher":{"@id":"https:\/\/www.campingdelileverte.com\/de\/#organization"},"potentialAction":[{"@type":"SearchAction","target":{"@type":"EntryPoint","urlTemplate":"https:\/\/www.campingdelileverte.com\/de\/?s={search_term_string}"},"query-input":{"@type":"PropertyValueSpecification","valueRequired":true,"valueName":"search_term_string"}}],"inLanguage":"de"},{"@type":"Organization","@id":"https:\/\/www.campingdelileverte.com\/de\/#organization","name":"Camping Ile Verte","url":"https:\/\/www.campingdelileverte.com\/de\/","logo":{"@type":"ImageObject","inLanguage":"de","@id":"https:\/\/www.campingdelileverte.com\/de\/#\/schema\/logo\/image\/","url":"https:\/\/www.campingdelileverte.com\/wp-content\/uploads\/2021\/08\/camping-saint-malo.png","contentUrl":"https:\/\/www.campingdelileverte.com\/wp-content\/uploads\/2021\/08\/camping-saint-malo.png","width":370,"height":264,"caption":"Camping Ile Verte"},"image":{"@id":"https:\/\/www.campingdelileverte.com\/de\/#\/schema\/logo\/image\/"}}]}},"_links":{"self":[{"href":"https:\/\/www.campingdelileverte.com\/de\/wp-json\/wp\/v2\/pages\/8870","targetHints":{"allow":["GET"]}}],"collection":[{"href":"https:\/\/www.campingdelileverte.com\/de\/wp-json\/wp\/v2\/pages"}],"about":[{"href":"https:\/\/www.campingdelileverte.com\/de\/wp-json\/wp\/v2\/types\/page"}],"author":[{"embeddable":true,"href":"https:\/\/www.campingdelileverte.com\/de\/wp-json\/wp\/v2\/users\/1"}],"replies":[{"embeddable":true,"href":"https:\/\/www.campingdelileverte.com\/de\/wp-json\/wp\/v2\/comments?post=8870"}],"version-history":[{"count":27,"href":"https:\/\/www.campingdelileverte.com\/de\/wp-json\/wp\/v2\/pages\/8870\/revisions"}],"predecessor-version":[{"id":9119,"href":"https:\/\/www.campingdelileverte.com\/de\/wp-json\/wp\/v2\/pages\/8870\/revisions\/9119"}],"wp:attachment":[{"href":"https:\/\/www.campingdelileverte.com\/de\/wp-json\/wp\/v2\/media?parent=8870"}],"curies":[{"name":"wp","href":"https:\/\/api.w.org\/{rel}","templated":true}]}}