{"id":8918,"date":"2021-08-12T14:48:28","date_gmt":"2021-08-12T12:48:28","guid":{"rendered":"https:\/\/www.campingdelileverte.com\/camping-st-malo-avec-piscine\/"},"modified":"2021-12-15T14:18:53","modified_gmt":"2021-12-15T13:18:53","slug":"camping-st-malo-mit-schwimmbad","status":"publish","type":"page","link":"https:\/\/www.campingdelileverte.com\/de\/camping-st-malo-mit-schwimmbad\/","title":{"rendered":"La Piscine"},"content":{"rendered":"<section id=\"section-group1\"\" class=\"section home-first bg-white\" \/><div class=\"container extralarge\"><div class=\"colonnes-wrap valign-middle \"><div class=\"element colonne w-45 p-3 bg-color5\"><h1 class=\"element section-title left color4\">Die Campingpl\u00e4tze beheiztes Schwimmbad<\/h1><h2 class=\"element section-title left color2\">Camping mit Hallenbad und beheiztem Schwimmbad in der Bretagne<\/h2><div class=\"element bloc-text left \">\n\t<p>M\u00f6chten Sie die Freuden des Schwimmens w\u00e4hrend Ihres Aufenthaltes bei Familie, Freunden oder Paaren in der Bretagne voll ausnutzen? Sie haben gut getan, um Ihre Miete oder Ihren Standort auf dem 4-Sterne-Campingplatz Green Island zu buchen, einem der sch\u00f6nsten Outdoor-Hotels mit Wasserpark von Ille-et-Vilaine. Beginnen Sie Ihren Aktivurlaub mit ein paar Schwimm L\u00e4ngen in unserem Hallenbad und Erhitzen Sie auf 28 \u00b0 c.<\/p>\n<p>Legen Sie Ihr Handtuch sanft \u00fcber ein Sonnenbad am Pool und legen Sie sich hin, um Ihren Zen-Moment zu verl\u00e4ngern. Lesen Sie, h\u00f6ren Sie Ihre Lieblingsmusik, teilen Sie Ihre Fotos, planen Sie Ihre Besuche oder schlie\u00dfen Sie einfach die Augen: Ihr Urlaub in der N\u00e4he von Cancale und Mont-Saint-Michel beginnen gerad<\/p>\n<\/div><\/div><div class=\"element colonne w-55\"><div class=\"element fancybox-container\"><a class=\"fancybox\" href=\"https:\/\/www.campingdelileverte.com\/wp-content\/uploads\/2021\/08\/camping-saint-malo-avec-piscine.jpg\"><img decoding=\"async\" src=\"https:\/\/www.campingdelileverte.com\/wp-content\/uploads\/2021\/08\/camping-saint-malo-avec-piscine-100x43.jpg\" data-src=\"https:\/\/www.campingdelileverte.com\/wp-content\/uploads\/2021\/08\/camping-saint-malo-avec-piscine.jpg\" alt=\"camping piscine saint malo\" class=\"images_image\" \/><\/a><a class=\"fancybox\" href=\"https:\/\/www.campingdelileverte.com\/wp-content\/uploads\/2021\/08\/pataugeoire-piscine-saint-malo.jpg\"><img decoding=\"async\" src=\"https:\/\/www.campingdelileverte.com\/wp-content\/uploads\/2021\/08\/pataugeoire-piscine-saint-malo-83x100.jpg\" data-src=\"https:\/\/www.campingdelileverte.com\/wp-content\/uploads\/2021\/08\/pataugeoire-piscine-saint-malo.jpg\" alt=\"pataugeoire piscine saint malo\" class=\"images_image\" \/><\/a><a class=\"fancybox\" href=\"https:\/\/www.campingdelileverte.com\/wp-content\/uploads\/2021\/08\/piscine-saint-malo.jpg\"><img decoding=\"async\" src=\"https:\/\/www.campingdelileverte.com\/wp-content\/uploads\/2021\/08\/piscine-saint-malo-83x100.jpg\" data-src=\"https:\/\/www.campingdelileverte.com\/wp-content\/uploads\/2021\/08\/piscine-saint-malo.jpg\" alt=\"piscine saint malo\" class=\"images_image\" \/><\/a><\/div><\/div><\/div><\/div><\/section>\n\n<section id=\"section-group2\"\" class=\"section home-third bg-white p-t-0 p-b-0\" \/><div class=\"container full\"><div class=\"element images\"><div class=\"image\"><img decoding=\"async\" src=\"https:\/\/www.campingdelileverte.com\/wp-content\/uploads\/2021\/08\/pataugeoire-piscine-bretagne-100x33.jpg\" data-src=\"https:\/\/www.campingdelileverte.com\/wp-content\/uploads\/2021\/08\/pataugeoire-piscine-bretagne.jpg\" alt=\"pataugeoire piscine bretagne\" class=\"images_image\" \/><\/div><\/div><div class=\"element images\"><div class=\"image\"><img decoding=\"async\" src=\"https:\/\/www.campingdelileverte.com\/wp-content\/uploads\/2021\/08\/wave-100x16.png\" data-src=\"https:\/\/www.campingdelileverte.com\/wp-content\/uploads\/2021\/08\/wave.png\" alt=\"vague piscine saint malo\" class=\"images_image\" \/><\/div><\/div><\/div><\/section>\n\n<section id=\"section-group3\"\" class=\"section home-first bg-white\" \/><div class=\"container extralarge\"><div class=\"colonnes-wrap valign-middle \"><div class=\"element colonne w-55\"><div class=\"element fancybox-container\"><a class=\"fancybox\" href=\"https:\/\/www.campingdelileverte.com\/wp-content\/uploads\/2021\/11\/camping-piscine-toboggan-cancale.jpg\"><img decoding=\"async\" src=\"https:\/\/www.campingdelileverte.com\/wp-content\/uploads\/2021\/11\/camping-piscine-toboggan-cancale-100x67.jpg\" data-src=\"https:\/\/www.campingdelileverte.com\/wp-content\/uploads\/2021\/11\/camping-piscine-toboggan-cancale.jpg\" alt=\"camping piscine saint malo\" class=\"images_image\" \/><\/a><a class=\"fancybox\" href=\"https:\/\/www.campingdelileverte.com\/wp-content\/uploads\/2021\/11\/camping-avec-parc-aquatique-cancale.jpg\"><img decoding=\"async\" src=\"https:\/\/www.campingdelileverte.com\/wp-content\/uploads\/2021\/11\/camping-avec-parc-aquatique-cancale-83x100.jpg\" data-src=\"https:\/\/www.campingdelileverte.com\/wp-content\/uploads\/2021\/11\/camping-avec-parc-aquatique-cancale.jpg\" alt=\"camping avec parc aquatique cancale\" class=\"images_image\" \/><\/a><a class=\"fancybox\" href=\"https:\/\/www.campingdelileverte.com\/wp-content\/uploads\/2021\/11\/camping-avec-parc-aquatique-saint-benoit-des-ondes.jpg\"><img decoding=\"async\" src=\"https:\/\/www.campingdelileverte.com\/wp-content\/uploads\/2021\/11\/camping-avec-parc-aquatique-saint-benoit-des-ondes-83x100.jpg\" data-src=\"https:\/\/www.campingdelileverte.com\/wp-content\/uploads\/2021\/11\/camping-avec-parc-aquatique-saint-benoit-des-ondes.jpg\" alt=\"camping avec parc aquatique saint benoit des ondes\" class=\"images_image\" \/><\/a><\/div><\/div><div class=\"element colonne w-45 p-3 bg-color5\"><h2 class=\"element section-title left color2\">Paddeln f\u00fcr die kleinsten<\/h2><div class=\"element bloc-text left \">\n\t<p>Im Wasserbereich des Campingplatzes befinden sich zwei Planschbecken, die die Kinder gl\u00fccklich machen.<\/p>\n<p>An den sonnigen Tagen in Richtung des Outdoor-Plansch Beckens. Kleine Kinder unter 10 Jahren werden diesen 80 m2 gro\u00dfen Pool mit seiner 4-spurigen Rutsche genie\u00dfen. Lassen Sie Sie hoch werden, laufen Sie die Rutsche hinunter und gleiten Sie \u00fcber das Wasser. Von Ihrem Transat oder der Bar-Terrasse am Pool nehmen Sie Ihre Kamera heraus und fangen ihre wunderbaren Urlaubserinnerungen in der Bretagne ein.<\/p>\n<\/div><\/div><\/div><\/div><\/section>\n\n<section id=\"section-611ce00696f04\"\" class=\"section bg-color5\" \/><div class=\"container extralarge\"><div class=\"element section-title left titre-cta\">Entdecken Sie die anderen Dienstleistungen des Campingplatzes<\/div><ul class=\"liste-de-page\"><li class=\"element call-to-action carre call-to-action--style-1 call-to-action--big\"><a href=\"https:\/\/www.campingdelileverte.com\/de\/4-stars-campsite-services\/\"  class=\"call-to-action_link\" title=\"En savoir plus sur die dienste\"><div class=\"call-to-action_image\"><img decoding=\"async\" src=\"https:\/\/www.campingdelileverte.com\/wp-content\/uploads\/2021\/11\/camping-avec-sanitaires-cancale-100x37.jpg\" data-src=\"https:\/\/www.campingdelileverte.com\/wp-content\/uploads\/2021\/11\/camping-avec-sanitaires-cancale.jpg\" alt=\"camping avec  -cancale\" class=\"big\" \/><\/div><div class=\"call-to-action_contenu\"><div class=\"call-to-action_titre\">Die Dienste<\/div><\/div><\/a><\/li><li class=\"element call-to-action carre call-to-action--style-1 call-to-action--big call-to-action--style-1 call-to-action--big\"><a href=\"https:\/\/www.campingdelileverte.com\/de\/norden-der-bretagne-camping-aktivitaeten-und-freizeit\/\"  class=\"call-to-action_link\" title=\"En savoir plus sur aktivit\u00e4ten und freizeit\"><div class=\"call-to-action_image\"><img decoding=\"async\" src=\"https:\/\/www.campingdelileverte.com\/wp-content\/uploads\/2021\/11\/camping-aire-de-jeux-enfants-saint-benoit-des-ondes-100x37.jpg\" data-src=\"https:\/\/www.campingdelileverte.com\/wp-content\/uploads\/2021\/11\/camping-aire-de-jeux-enfants-saint-benoit-des-ondes.jpg\" alt=\"camping-aire-de-jeux-enfants saint benoit des ondes\" class=\"big\" \/><\/div><div class=\"call-to-action_contenu\"><div class=\"call-to-action_titre\">Aktivit\u00e4ten und Freizeit<\/div><\/div><\/a><\/li><li class=\"element call-to-action carre call-to-action--style-1 call-to-action--big call-to-action--style-1 call-to-action--big call-to-action--style-1 call-to-action--big\"><a href=\"https:\/\/www.campingdelileverte.com\/de\/campingplaetze-snack-bar\/\"  class=\"call-to-action_link\" title=\"En savoir plus sur snack bar\"><div class=\"call-to-action_image\"><img decoding=\"async\" src=\"https:\/\/www.campingdelileverte.com\/wp-content\/uploads\/2021\/08\/camping-saint-malo-bar-snack-100x46.jpg\" data-src=\"https:\/\/www.campingdelileverte.com\/wp-content\/uploads\/2021\/08\/camping-saint-malo-bar-snack.jpg\" alt=\"camping saint malo bar snack\" class=\"big\" \/><\/div><div class=\"call-to-action_contenu\"><div class=\"call-to-action_titre\">Snack Bar<\/div><\/div><\/a><\/li><\/ul><\/div><\/section>","protected":false},"excerpt":{"rendered":"","protected":false},"author":1,"featured_media":8920,"parent":0,"menu_order":0,"comment_status":"closed","ping_status":"closed","template":"","meta":{"_acf_changed":false,"footnotes":""},"class_list":["post-8918","page","type-page","status-publish","has-post-thumbnail","hentry"],"acf":[],"yoast_head":"<!-- This site is optimized with the Yoast SEO plugin v25.3 - https:\/\/yoast.com\/wordpress\/plugins\/seo\/ -->\n<title>Campingpl\u00e4tze beheiztes Schwimmbad - Camping in der Bretagne<\/title>\n<meta name=\"description\" content=\"Nutzen Sie das beheizte und \u00fcberdachte Schwimmbad des Campingplatzes Ile Verte. Sonnenbaden, Planschbecken, Wassergymnastik: der ideale Wasserbereich f\u00fcr Ihren Urlaub.\" \/>\n<meta name=\"robots\" content=\"index, follow, max-snippet:-1, max-image-preview:large, max-video-preview:-1\" \/>\n<link rel=\"canonical\" href=\"https:\/\/www.campingdelileverte.com\/de\/camping-st-malo-mit-schwimmbad\/\" \/>\n<meta property=\"og:locale\" content=\"de_DE\" \/>\n<meta property=\"og:type\" content=\"article\" \/>\n<meta property=\"og:title\" content=\"Campingpl\u00e4tze beheiztes Schwimmbad - Camping in der Bretagne\" \/>\n<meta property=\"og:description\" content=\"Nutzen Sie das beheizte und \u00fcberdachte Schwimmbad des Campingplatzes Ile Verte. Sonnenbaden, Planschbecken, Wassergymnastik: der ideale Wasserbereich f\u00fcr Ihren Urlaub.\" \/>\n<meta property=\"og:url\" content=\"https:\/\/www.campingdelileverte.com\/de\/camping-st-malo-mit-schwimmbad\/\" \/>\n<meta property=\"og:site_name\" content=\"Camping Ile Verte\" \/>\n<meta property=\"article:modified_time\" content=\"2021-12-15T13:18:53+00:00\" \/>\n<meta property=\"og:image\" content=\"https:\/\/www.campingdelileverte.com\/wp-content\/uploads\/2021\/08\/piscine-bretagne.jpg\" \/>\n\t<meta property=\"og:image:width\" content=\"1903\" \/>\n\t<meta property=\"og:image:height\" content=\"870\" \/>\n\t<meta property=\"og:image:type\" content=\"image\/jpeg\" \/>\n<meta name=\"twitter:card\" content=\"summary_large_image\" \/>\n<script type=\"application\/ld+json\" class=\"yoast-schema-graph\">{\"@context\":\"https:\/\/schema.org\",\"@graph\":[{\"@type\":\"WebPage\",\"@id\":\"https:\/\/www.campingdelileverte.com\/de\/camping-st-malo-mit-schwimmbad\/\",\"url\":\"https:\/\/www.campingdelileverte.com\/de\/camping-st-malo-mit-schwimmbad\/\",\"name\":\"Campingpl\u00e4tze beheiztes Schwimmbad - Camping in der Bretagne\",\"isPartOf\":{\"@id\":\"https:\/\/www.campingdelileverte.com\/de\/#website\"},\"primaryImageOfPage\":{\"@id\":\"https:\/\/www.campingdelileverte.com\/de\/camping-st-malo-mit-schwimmbad\/#primaryimage\"},\"image\":{\"@id\":\"https:\/\/www.campingdelileverte.com\/de\/camping-st-malo-mit-schwimmbad\/#primaryimage\"},\"thumbnailUrl\":\"https:\/\/www.campingdelileverte.com\/wp-content\/uploads\/2021\/08\/piscine-bretagne.jpg\",\"datePublished\":\"2021-08-12T12:48:28+00:00\",\"dateModified\":\"2021-12-15T13:18:53+00:00\",\"description\":\"Nutzen Sie das beheizte und \u00fcberdachte Schwimmbad des Campingplatzes Ile Verte. Sonnenbaden, Planschbecken, Wassergymnastik: der ideale Wasserbereich f\u00fcr Ihren Urlaub.\",\"breadcrumb\":{\"@id\":\"https:\/\/www.campingdelileverte.com\/de\/camping-st-malo-mit-schwimmbad\/#breadcrumb\"},\"inLanguage\":\"de\",\"potentialAction\":[{\"@type\":\"ReadAction\",\"target\":[\"https:\/\/www.campingdelileverte.com\/de\/camping-st-malo-mit-schwimmbad\/\"]}]},{\"@type\":\"ImageObject\",\"inLanguage\":\"de\",\"@id\":\"https:\/\/www.campingdelileverte.com\/de\/camping-st-malo-mit-schwimmbad\/#primaryimage\",\"url\":\"https:\/\/www.campingdelileverte.com\/wp-content\/uploads\/2021\/08\/piscine-bretagne.jpg\",\"contentUrl\":\"https:\/\/www.campingdelileverte.com\/wp-content\/uploads\/2021\/08\/piscine-bretagne.jpg\",\"width\":1903,\"height\":870,\"caption\":\"piscine bretagne\"},{\"@type\":\"BreadcrumbList\",\"@id\":\"https:\/\/www.campingdelileverte.com\/de\/camping-st-malo-mit-schwimmbad\/#breadcrumb\",\"itemListElement\":[{\"@type\":\"ListItem\",\"position\":1,\"name\":\"Camping Saint Malo\",\"item\":\"https:\/\/www.campingdelileverte.com\/de\/\"},{\"@type\":\"ListItem\",\"position\":2,\"name\":\"Die Campingpl\u00e4tze beheiztes Schwimmbad\"}]},{\"@type\":\"WebSite\",\"@id\":\"https:\/\/www.campingdelileverte.com\/de\/#website\",\"url\":\"https:\/\/www.campingdelileverte.com\/de\/\",\"name\":\"Camping Ile Verte\",\"description\":\"\",\"publisher\":{\"@id\":\"https:\/\/www.campingdelileverte.com\/de\/#organization\"},\"potentialAction\":[{\"@type\":\"SearchAction\",\"target\":{\"@type\":\"EntryPoint\",\"urlTemplate\":\"https:\/\/www.campingdelileverte.com\/de\/?s={search_term_string}\"},\"query-input\":{\"@type\":\"PropertyValueSpecification\",\"valueRequired\":true,\"valueName\":\"search_term_string\"}}],\"inLanguage\":\"de\"},{\"@type\":\"Organization\",\"@id\":\"https:\/\/www.campingdelileverte.com\/de\/#organization\",\"name\":\"Camping Ile Verte\",\"url\":\"https:\/\/www.campingdelileverte.com\/de\/\",\"logo\":{\"@type\":\"ImageObject\",\"inLanguage\":\"de\",\"@id\":\"https:\/\/www.campingdelileverte.com\/de\/#\/schema\/logo\/image\/\",\"url\":\"https:\/\/www.campingdelileverte.com\/wp-content\/uploads\/2021\/08\/camping-saint-malo.png\",\"contentUrl\":\"https:\/\/www.campingdelileverte.com\/wp-content\/uploads\/2021\/08\/camping-saint-malo.png\",\"width\":370,\"height\":264,\"caption\":\"Camping Ile Verte\"},\"image\":{\"@id\":\"https:\/\/www.campingdelileverte.com\/de\/#\/schema\/logo\/image\/\"}}]}<\/script>\n<!-- \/ Yoast SEO plugin. -->","yoast_head_json":{"title":"Campingpl\u00e4tze beheiztes Schwimmbad - Camping in der Bretagne","description":"Nutzen Sie das beheizte und \u00fcberdachte Schwimmbad des Campingplatzes Ile Verte. Sonnenbaden, Planschbecken, Wassergymnastik: der ideale Wasserbereich f\u00fcr Ihren Urlaub.","robots":{"index":"index","follow":"follow","max-snippet":"max-snippet:-1","max-image-preview":"max-image-preview:large","max-video-preview":"max-video-preview:-1"},"canonical":"https:\/\/www.campingdelileverte.com\/de\/camping-st-malo-mit-schwimmbad\/","og_locale":"de_DE","og_type":"article","og_title":"Campingpl\u00e4tze beheiztes Schwimmbad - Camping in der Bretagne","og_description":"Nutzen Sie das beheizte und \u00fcberdachte Schwimmbad des Campingplatzes Ile Verte. Sonnenbaden, Planschbecken, Wassergymnastik: der ideale Wasserbereich f\u00fcr Ihren Urlaub.","og_url":"https:\/\/www.campingdelileverte.com\/de\/camping-st-malo-mit-schwimmbad\/","og_site_name":"Camping Ile Verte","article_modified_time":"2021-12-15T13:18:53+00:00","og_image":[{"width":1903,"height":870,"url":"https:\/\/www.campingdelileverte.com\/wp-content\/uploads\/2021\/08\/piscine-bretagne.jpg","type":"image\/jpeg"}],"twitter_card":"summary_large_image","schema":{"@context":"https:\/\/schema.org","@graph":[{"@type":"WebPage","@id":"https:\/\/www.campingdelileverte.com\/de\/camping-st-malo-mit-schwimmbad\/","url":"https:\/\/www.campingdelileverte.com\/de\/camping-st-malo-mit-schwimmbad\/","name":"Campingpl\u00e4tze beheiztes Schwimmbad - Camping in der Bretagne","isPartOf":{"@id":"https:\/\/www.campingdelileverte.com\/de\/#website"},"primaryImageOfPage":{"@id":"https:\/\/www.campingdelileverte.com\/de\/camping-st-malo-mit-schwimmbad\/#primaryimage"},"image":{"@id":"https:\/\/www.campingdelileverte.com\/de\/camping-st-malo-mit-schwimmbad\/#primaryimage"},"thumbnailUrl":"https:\/\/www.campingdelileverte.com\/wp-content\/uploads\/2021\/08\/piscine-bretagne.jpg","datePublished":"2021-08-12T12:48:28+00:00","dateModified":"2021-12-15T13:18:53+00:00","description":"Nutzen Sie das beheizte und \u00fcberdachte Schwimmbad des Campingplatzes Ile Verte. Sonnenbaden, Planschbecken, Wassergymnastik: der ideale Wasserbereich f\u00fcr Ihren Urlaub.","breadcrumb":{"@id":"https:\/\/www.campingdelileverte.com\/de\/camping-st-malo-mit-schwimmbad\/#breadcrumb"},"inLanguage":"de","potentialAction":[{"@type":"ReadAction","target":["https:\/\/www.campingdelileverte.com\/de\/camping-st-malo-mit-schwimmbad\/"]}]},{"@type":"ImageObject","inLanguage":"de","@id":"https:\/\/www.campingdelileverte.com\/de\/camping-st-malo-mit-schwimmbad\/#primaryimage","url":"https:\/\/www.campingdelileverte.com\/wp-content\/uploads\/2021\/08\/piscine-bretagne.jpg","contentUrl":"https:\/\/www.campingdelileverte.com\/wp-content\/uploads\/2021\/08\/piscine-bretagne.jpg","width":1903,"height":870,"caption":"piscine bretagne"},{"@type":"BreadcrumbList","@id":"https:\/\/www.campingdelileverte.com\/de\/camping-st-malo-mit-schwimmbad\/#breadcrumb","itemListElement":[{"@type":"ListItem","position":1,"name":"Camping Saint Malo","item":"https:\/\/www.campingdelileverte.com\/de\/"},{"@type":"ListItem","position":2,"name":"Die Campingpl\u00e4tze beheiztes Schwimmbad"}]},{"@type":"WebSite","@id":"https:\/\/www.campingdelileverte.com\/de\/#website","url":"https:\/\/www.campingdelileverte.com\/de\/","name":"Camping Ile Verte","description":"","publisher":{"@id":"https:\/\/www.campingdelileverte.com\/de\/#organization"},"potentialAction":[{"@type":"SearchAction","target":{"@type":"EntryPoint","urlTemplate":"https:\/\/www.campingdelileverte.com\/de\/?s={search_term_string}"},"query-input":{"@type":"PropertyValueSpecification","valueRequired":true,"valueName":"search_term_string"}}],"inLanguage":"de"},{"@type":"Organization","@id":"https:\/\/www.campingdelileverte.com\/de\/#organization","name":"Camping Ile Verte","url":"https:\/\/www.campingdelileverte.com\/de\/","logo":{"@type":"ImageObject","inLanguage":"de","@id":"https:\/\/www.campingdelileverte.com\/de\/#\/schema\/logo\/image\/","url":"https:\/\/www.campingdelileverte.com\/wp-content\/uploads\/2021\/08\/camping-saint-malo.png","contentUrl":"https:\/\/www.campingdelileverte.com\/wp-content\/uploads\/2021\/08\/camping-saint-malo.png","width":370,"height":264,"caption":"Camping Ile Verte"},"image":{"@id":"https:\/\/www.campingdelileverte.com\/de\/#\/schema\/logo\/image\/"}}]}},"_links":{"self":[{"href":"https:\/\/www.campingdelileverte.com\/de\/wp-json\/wp\/v2\/pages\/8918","targetHints":{"allow":["GET"]}}],"collection":[{"href":"https:\/\/www.campingdelileverte.com\/de\/wp-json\/wp\/v2\/pages"}],"about":[{"href":"https:\/\/www.campingdelileverte.com\/de\/wp-json\/wp\/v2\/types\/page"}],"author":[{"embeddable":true,"href":"https:\/\/www.campingdelileverte.com\/de\/wp-json\/wp\/v2\/users\/1"}],"replies":[{"embeddable":true,"href":"https:\/\/www.campingdelileverte.com\/de\/wp-json\/wp\/v2\/comments?post=8918"}],"version-history":[{"count":2,"href":"https:\/\/www.campingdelileverte.com\/de\/wp-json\/wp\/v2\/pages\/8918\/revisions"}],"predecessor-version":[{"id":8930,"href":"https:\/\/www.campingdelileverte.com\/de\/wp-json\/wp\/v2\/pages\/8918\/revisions\/8930"}],"wp:featuredmedia":[{"embeddable":true,"href":"https:\/\/www.campingdelileverte.com\/de\/wp-json\/wp\/v2\/media\/8920"}],"wp:attachment":[{"href":"https:\/\/www.campingdelileverte.com\/de\/wp-json\/wp\/v2\/media?parent=8918"}],"curies":[{"name":"wp","href":"https:\/\/api.w.org\/{rel}","templated":true}]}}