{"id":8931,"date":"2021-08-12T14:47:55","date_gmt":"2021-08-12T12:47:55","guid":{"rendered":"https:\/\/www.campingdelileverte.com\/activites-camping-saint-malo\/"},"modified":"2025-09-11T17:01:06","modified_gmt":"2025-09-11T15:01:06","slug":"norden-der-bretagne-camping-aktivitaeten-und-freizeit","status":"publish","type":"page","link":"https:\/\/www.campingdelileverte.com\/de\/norden-der-bretagne-camping-aktivitaeten-und-freizeit\/","title":{"rendered":"Le Camping : Activit\u00e9s et loisirs"},"content":{"rendered":"<section id=\"section-group1\"\" class=\"section home-first bg-white\" \/><div class=\"container extralarge\"><div class=\"colonnes-wrap valign-middle \"><div class=\"element colonne w-45 p-3 bg-color5\"><h1 class=\"element section-title left color4\">Norden der Bretagne Camping: Freizeitgestalltung<\/h1><h2 class=\"element section-title left color2\">Auf dem Campingplatz<\/h2><div class=\"element bloc-text left \">\n\t<p>Am Ile Verte Campingplatz gibt es alles f\u00fcr die Freizeitgestalltung f\u00fcr Jung und Alt!<br \/>\n<span class=\"liste\">F\u00dcR IHRE KINDER<\/span>\u00a0: Ein Spielplatz mit Pferd-Federwippe, Rutsche, Sandkasten, aufblasbarem Schlo\u00df, und nicht zu vergessen der Tischfu\u00dfball! Einmal pro Woche im Juli und August sind Aktivit\u00e4ten f\u00fcr die Kleinen organisiert, unter anderem Bogenschie\u00dfen (angepa\u00dft f\u00fcr Kinder) oder Slacklinen (Seiltanzen auf einem Seil das zwischen 2 B\u00e4umen befestigt ist).<br \/>\n<span class=\"liste\">F\u00dcR DIE GR\u00d6SSEREN<\/span>\u00a0: Tischtennis (vergessen Sie nicht Ihre Schl\u00e4ger und B\u00e4lle mitzubringen), ein Petanqueplatz f\u00fcr das Boule-Spiel (mit einem w\u00f6chentlichen Turnier) und traditionelle Bretonspiele aus Holz.<\/p>\n<p>F\u00fcr die die Ihre Fahrr\u00e4der nicht mitbringen k\u00f6nnen, gibt es die M\u00f6glichkeit Fahrr\u00e4der zu mieten, damit sie die Gegend zwischen\u00a0<strong>Saint Malo<\/strong>,\u00a0<strong>Cancale<\/strong>\u00a0und dem\u00a0<strong>Mont Saint Michel<\/strong>\u00a0erkunden k\u00f6nnen. Karten mit Fahrradwegen sind am Empfang erh\u00e4ltlich.<\/p>\n<p>See Also :\u00a0<a title=\"Campingplatz mit schwimmbad Saint Malo\" href=\"https:\/\/www.campingdelileverte.com\/de\/camping-st-malo-mit-schwimmbad\/\">Campingplatz Saint Malo Mit Schwimmbad<\/a>.<\/p>\n<\/div><\/div><div class=\"element colonne w-55\"><div class=\"element fancybox-container\"><a class=\"fancybox\" href=\"https:\/\/www.campingdelileverte.com\/wp-content\/uploads\/2021\/09\/camping-jeux-enfants-saint-malo.jpg\"><img decoding=\"async\" src=\"https:\/\/www.campingdelileverte.com\/wp-content\/uploads\/2021\/09\/camping-jeux-enfants-saint-malo-100x67.jpg\" data-src=\"https:\/\/www.campingdelileverte.com\/wp-content\/uploads\/2021\/09\/camping-jeux-enfants-saint-malo.jpg\" alt=\"camping jeux enfants saint malo\" class=\"images_image\" \/><\/a><a class=\"fancybox\" href=\"https:\/\/www.campingdelileverte.com\/wp-content\/uploads\/2021\/09\/camping-petanque-saint-malo.jpg\"><img decoding=\"async\" src=\"https:\/\/www.campingdelileverte.com\/wp-content\/uploads\/2021\/09\/camping-petanque-saint-malo-100x67.jpg\" data-src=\"https:\/\/www.campingdelileverte.com\/wp-content\/uploads\/2021\/09\/camping-petanque-saint-malo.jpg\" alt=\"camping petanque saint malo\" class=\"images_image\" \/><\/a><a class=\"fancybox\" href=\"https:\/\/www.campingdelileverte.com\/wp-content\/uploads\/2021\/11\/camping-avec-table-de-ping-pong-cancalel.jpg\"><img decoding=\"async\" src=\"https:\/\/www.campingdelileverte.com\/wp-content\/uploads\/2021\/11\/camping-avec-table-de-ping-pong-cancalel-100x67.jpg\" data-src=\"https:\/\/www.campingdelileverte.com\/wp-content\/uploads\/2021\/11\/camping-avec-table-de-ping-pong-cancalel.jpg\" alt=\"camping visite guidee mont saint michel\" class=\"images_image\" \/><\/a><\/div><\/div><\/div><\/div><\/section>\n\n<section id=\"section-group2\"\" class=\"section home-third bg-white p-t-0 p-b-0\" \/><div class=\"container full\"><div class=\"element images\"><div class=\"image\"><img decoding=\"async\" src=\"https:\/\/www.campingdelileverte.com\/wp-content\/uploads\/2021\/11\/camping-char-a-voile-cancale-100x33.jpg\" data-src=\"https:\/\/www.campingdelileverte.com\/wp-content\/uploads\/2021\/11\/camping-char-a-voile-cancale.jpg\" alt=\"camping char a voile cancale\" class=\"images_image\" \/><\/div><\/div><div class=\"element images\"><div class=\"image\"><img decoding=\"async\" src=\"https:\/\/www.campingdelileverte.com\/wp-content\/uploads\/2021\/08\/wave-100x16.png\" data-src=\"https:\/\/www.campingdelileverte.com\/wp-content\/uploads\/2021\/08\/wave.png\" alt=\"vague piscine saint malo\" class=\"images_image\" \/><\/div><\/div><\/div><\/section>\n\n<section id=\"section-group3\"\" class=\"section home-third-bis bg-white\" \/><div class=\"container\"><h2 class=\"element section-title center color2\">In der Umgebung des Campingplatzes : Saint Malo, Mont Saint Michel\u2026<\/h2><div class=\"element bloc-text center \">\n\t<p>Nutzen Sie die zahlreichen Aktivit\u00e4tzm\u00f6glichkeiten in der N\u00e4he des Ile Verte Campingplatzes :<\/p>\n<p><span class=\"liste\">BEI GUTEM WETTER<\/span>\u00a0: Probieren Sie das Strandsegeln (in Hirel \u2013 4 km), versuchen Sie die Ausritte in der Bucht (Pferdestall in Saint M\u00e9loir des Ondes \u2013 3 km), wagen Sie das Karting (Saint M\u00e9loir des Ondes \u2013 2km), lassen Sie sich zu einer \u00dcberquerung der Mont Saint Michel Bucht (Les chemins de la Baie \u2013 Genets) verf\u00fchren, versuchen Sie Drachensteigen (Mont Saint Michel Bucht) und auch Kayak \/ Klettern \/ Bogenschie\u00dfen \/ Mountainbike fahren an der Freizeitanlage Couesnon \u00e0 Pontorson (30 km), besuchen sie den Bourbansais Zoo (Pleugueueuc \u2013 erreichbar in 20 Minuten), der Cobac Freizeitpark (Lanh\u00e9lin \u2013 25 km), genie\u00dfen Sie ein Eis bei Sanchez (Saint Malo)\u2026<\/p>\n<p><span class=\"liste\">BEI GUTEM WETTER\u2026<\/span>\u00a0: Besichtigen Sie des Gro\u00dfe Aquarium (Saint Malo \u2013 15 km), oder M\u00e9di\u00e9valys (Dol de Bretagne), nehmen Sie Ihre Kinder zu Max Aventures zum austoben (\u00fcberdachter Spielplatz in Saint Malo), kaufen Sie Andenken im Atelier d\u2019Emilie (Saint-Malo), versuchen Sie einen Cr\u00eape Pfannenkuchen (Cr\u00eaperie des Ondes) oder Austern (Jardin du Fruit de Mer) im Dorf\u2026<\/p>\n<\/div><div class=\"element images\"><div class=\"image\"><img decoding=\"async\" src=\"https:\/\/www.campingdelileverte.com\/wp-content\/uploads\/2021\/08\/tortillon-100x100.png\" data-src=\"https:\/\/www.campingdelileverte.com\/wp-content\/uploads\/2021\/08\/tortillon.png\" alt=\"camping piscine bretagne\" class=\"images_image tortillon\" \/><\/div><\/div><\/div><\/section>\n\n<section id=\"section-group4\"\" class=\"section home-third bg-white p-t-0 p-b-0\" \/><div class=\"container full\"><div class=\"element images\"><div class=\"image\"><img decoding=\"async\" src=\"https:\/\/www.campingdelileverte.com\/wp-content\/uploads\/2021\/09\/camping-degustation-huitres-saint-malo-100x37.jpg\" data-src=\"https:\/\/www.campingdelileverte.com\/wp-content\/uploads\/2021\/09\/camping-degustation-huitres-saint-malo.jpg\" alt=\"camping degustation huitres saint malo\" class=\"images_image\" \/><\/div><\/div><div class=\"element images\"><div class=\"image\"><img decoding=\"async\" src=\"https:\/\/www.campingdelileverte.com\/wp-content\/uploads\/2021\/08\/wave-100x16.png\" data-src=\"https:\/\/www.campingdelileverte.com\/wp-content\/uploads\/2021\/08\/wave.png\" alt=\"vague piscine saint malo\" class=\"images_image\" \/><\/div><\/div><\/div><\/section>\n\n<section id=\"section-group5\"\" class=\"section home-first bg-white\" \/><div class=\"container extralarge\"><div class=\"colonnes-wrap valign-middle \"><div class=\"element colonne w-55\"><div class=\"element fancybox-container\"><a class=\"fancybox\" href=\"https:\/\/www.campingdelileverte.com\/wp-content\/uploads\/2021\/09\/camping-produits-locaux-mont-saint-michel.jpg\"><img decoding=\"async\" src=\"https:\/\/www.campingdelileverte.com\/wp-content\/uploads\/2021\/09\/camping-produits-locaux-mont-saint-michel-100x67.jpg\" data-src=\"https:\/\/www.campingdelileverte.com\/wp-content\/uploads\/2021\/09\/camping-produits-locaux-mont-saint-michel.jpg\" alt=\"camping produits locaux mont saint michel\" class=\"images_image\" \/><\/a><a class=\"fancybox\" href=\"https:\/\/www.campingdelileverte.com\/wp-content\/uploads\/2021\/11\/camping-soirees-concert-cancale.jpg\"><img decoding=\"async\" src=\"https:\/\/www.campingdelileverte.com\/wp-content\/uploads\/2021\/11\/camping-soirees-concert-cancale-100x67.jpg\" data-src=\"https:\/\/www.campingdelileverte.com\/wp-content\/uploads\/2021\/11\/camping-soirees-concert-cancale.jpg\" alt=\"camping spectacle musique cancale ille et vilaine\" class=\"images_image\" \/><\/a><a class=\"fancybox\" href=\"https:\/\/www.campingdelileverte.com\/wp-content\/uploads\/2021\/09\/camping-activite-aquatique-saint-malo-1.jpg\"><img decoding=\"async\" src=\"https:\/\/www.campingdelileverte.com\/wp-content\/uploads\/2021\/09\/camping-activite-aquatique-saint-malo-1-100x67.jpg\" data-src=\"https:\/\/www.campingdelileverte.com\/wp-content\/uploads\/2021\/09\/camping-activite-aquatique-saint-malo-1.jpg\" alt=\"camping activite aquatique saint malo\" class=\"images_image\" \/><\/a><\/div><\/div><div class=\"element colonne w-45 p-3 bg-color5\"><h2 class=\"element section-title left color2\">Animationen auf dem Campingplatz in Saint Malo<\/h2><div class=\"element bloc-text left \">\n\t<p>Ob mit der Familie oder mit Freunden, wenn Sie auf unseren Campingplatz <a href=\"\/de\/\">Ile Verte<\/a> kommen, k\u00f6nnen Sie sicher sein, dass Sie einen geselligen Urlaub verbringen werden.<\/p>\n<p>W\u00e4hrend Ihres Aufenthalts in der Hochsaison k\u00f6nnen Sie von Aktivit\u00e4ten profitieren, die von unserem Team organisiert werden: Lotto, Boule-Turnier, Wassergymnastik, Wanderungen&#8230; und gesellige Momente bei den Essensabenden in der Snackbar unseres 4-Sterne-Campingplatzes.<\/p>\n<p>F\u00fcr unvergessliche Momente mit Ihren Kindern oder Freunden sollten Sie also nicht z\u00f6gern, sondern gleich auf unserem Campingplatz in der Bretagne buchen.<\/p>\n<\/div><\/div><\/div><\/div><\/section>\n\n<section id=\"section-611ce00696f04\"\" class=\"section bg-color5\" \/><div class=\"container extralarge\"><div class=\"element section-title left titre-cta\">Entdecken Sie die anderen Dienstleistungen des Campingplatzes<\/div><ul class=\"liste-de-page\"><li class=\"element call-to-action carre call-to-action--style-1 call-to-action--big\"><a href=\"https:\/\/www.campingdelileverte.com\/de\/4-stars-campsite-services\/\"  class=\"call-to-action_link\" title=\"En savoir plus sur die dienste\"><div class=\"call-to-action_image\"><img decoding=\"async\" src=\"https:\/\/www.campingdelileverte.com\/wp-content\/uploads\/2021\/11\/camping-avec-sanitaires-cancale-100x37.jpg\" data-src=\"https:\/\/www.campingdelileverte.com\/wp-content\/uploads\/2021\/11\/camping-avec-sanitaires-cancale.jpg\" alt=\"camping avec  -cancale\" class=\"big\" \/><\/div><div class=\"call-to-action_contenu\"><div class=\"call-to-action_titre\">Die Dienste<\/div><\/div><\/a><\/li><li class=\"element call-to-action carre call-to-action--style-1 call-to-action--big call-to-action--style-1 call-to-action--big\"><a href=\"https:\/\/www.campingdelileverte.com\/de\/camping-st-malo-mit-schwimmbad\/\"  class=\"call-to-action_link\" title=\"En savoir plus sur der fischteich\"><div class=\"call-to-action_image\"><img decoding=\"async\" src=\"https:\/\/www.campingdelileverte.com\/wp-content\/uploads\/2021\/08\/piscine-bretagne-100x46.jpg\" data-src=\"https:\/\/www.campingdelileverte.com\/wp-content\/uploads\/2021\/08\/piscine-bretagne.jpg\" alt=\"piscine bretagne\" class=\"big\" \/><\/div><div class=\"call-to-action_contenu\"><div class=\"call-to-action_titre\">Der Fischteich<\/div><\/div><\/a><\/li><li class=\"element call-to-action carre call-to-action--style-1 call-to-action--big call-to-action--style-1 call-to-action--big call-to-action--style-1 call-to-action--big\"><a href=\"https:\/\/www.campingdelileverte.com\/de\/campingplaetze-snack-bar\/\"  class=\"call-to-action_link\" title=\"En savoir plus sur snack bar\"><div class=\"call-to-action_image\"><img decoding=\"async\" src=\"https:\/\/www.campingdelileverte.com\/wp-content\/uploads\/2021\/08\/camping-saint-malo-bar-snack-100x46.jpg\" data-src=\"https:\/\/www.campingdelileverte.com\/wp-content\/uploads\/2021\/08\/camping-saint-malo-bar-snack.jpg\" alt=\"camping saint malo bar snack\" class=\"big\" \/><\/div><div class=\"call-to-action_contenu\"><div class=\"call-to-action_titre\">Snack Bar<\/div><\/div><\/a><\/li><\/ul><\/div><\/section>","protected":false},"excerpt":{"rendered":"","protected":false},"author":1,"featured_media":8933,"parent":0,"menu_order":0,"comment_status":"closed","ping_status":"closed","template":"","meta":{"_acf_changed":false,"footnotes":""},"class_list":["post-8931","page","type-page","status-publish","has-post-thumbnail","hentry"],"acf":[],"yoast_head":"<!-- This site is optimized with the Yoast SEO plugin v25.3 - https:\/\/yoast.com\/wordpress\/plugins\/seo\/ -->\n<title>Camping Freizeitgestalltung - Campingplatz Norden der Bretagne<\/title>\n<meta name=\"description\" content=\"In der Umgebung des Campingplatzes Ile Verte k\u00f6nnen Sie Saint Malo, Cancale und den Mont Saint Michel entdecken. Dort warten zahlreiche Aktivit\u00e4ten auf Sie!\" \/>\n<meta name=\"robots\" content=\"index, follow, max-snippet:-1, max-image-preview:large, max-video-preview:-1\" \/>\n<link rel=\"canonical\" href=\"https:\/\/www.campingdelileverte.com\/de\/norden-der-bretagne-camping-aktivitaeten-und-freizeit\/\" \/>\n<meta property=\"og:locale\" content=\"de_DE\" \/>\n<meta property=\"og:type\" content=\"article\" \/>\n<meta property=\"og:title\" content=\"Camping Freizeitgestalltung - Campingplatz Norden der Bretagne\" \/>\n<meta property=\"og:description\" content=\"In der Umgebung des Campingplatzes Ile Verte k\u00f6nnen Sie Saint Malo, Cancale und den Mont Saint Michel entdecken. Dort warten zahlreiche Aktivit\u00e4ten auf Sie!\" \/>\n<meta property=\"og:url\" content=\"https:\/\/www.campingdelileverte.com\/de\/norden-der-bretagne-camping-aktivitaeten-und-freizeit\/\" \/>\n<meta property=\"og:site_name\" content=\"Camping Ile Verte\" \/>\n<meta property=\"article:modified_time\" content=\"2025-09-11T15:01:06+00:00\" \/>\n<meta property=\"og:image\" content=\"https:\/\/www.campingdelileverte.com\/wp-content\/uploads\/2021\/11\/camping-aire-de-jeux-enfants-saint-benoit-des-ondes.jpg\" \/>\n\t<meta property=\"og:image:width\" content=\"1900\" \/>\n\t<meta property=\"og:image:height\" content=\"700\" \/>\n\t<meta property=\"og:image:type\" content=\"image\/jpeg\" \/>\n<meta name=\"twitter:card\" content=\"summary_large_image\" \/>\n<meta name=\"twitter:label1\" content=\"Gesch\u00e4tzte Lesezeit\" \/>\n\t<meta name=\"twitter:data1\" content=\"1\u00a0Minute\" \/>\n<script type=\"application\/ld+json\" class=\"yoast-schema-graph\">{\"@context\":\"https:\/\/schema.org\",\"@graph\":[{\"@type\":\"WebPage\",\"@id\":\"https:\/\/www.campingdelileverte.com\/de\/norden-der-bretagne-camping-aktivitaeten-und-freizeit\/\",\"url\":\"https:\/\/www.campingdelileverte.com\/de\/norden-der-bretagne-camping-aktivitaeten-und-freizeit\/\",\"name\":\"Camping Freizeitgestalltung - Campingplatz Norden der Bretagne\",\"isPartOf\":{\"@id\":\"https:\/\/www.campingdelileverte.com\/de\/#website\"},\"primaryImageOfPage\":{\"@id\":\"https:\/\/www.campingdelileverte.com\/de\/norden-der-bretagne-camping-aktivitaeten-und-freizeit\/#primaryimage\"},\"image\":{\"@id\":\"https:\/\/www.campingdelileverte.com\/de\/norden-der-bretagne-camping-aktivitaeten-und-freizeit\/#primaryimage\"},\"thumbnailUrl\":\"https:\/\/www.campingdelileverte.com\/wp-content\/uploads\/2021\/11\/camping-aire-de-jeux-enfants-saint-benoit-des-ondes.jpg\",\"datePublished\":\"2021-08-12T12:47:55+00:00\",\"dateModified\":\"2025-09-11T15:01:06+00:00\",\"description\":\"In der Umgebung des Campingplatzes Ile Verte k\u00f6nnen Sie Saint Malo, Cancale und den Mont Saint Michel entdecken. Dort warten zahlreiche Aktivit\u00e4ten auf Sie!\",\"breadcrumb\":{\"@id\":\"https:\/\/www.campingdelileverte.com\/de\/norden-der-bretagne-camping-aktivitaeten-und-freizeit\/#breadcrumb\"},\"inLanguage\":\"de\",\"potentialAction\":[{\"@type\":\"ReadAction\",\"target\":[\"https:\/\/www.campingdelileverte.com\/de\/norden-der-bretagne-camping-aktivitaeten-und-freizeit\/\"]}]},{\"@type\":\"ImageObject\",\"inLanguage\":\"de\",\"@id\":\"https:\/\/www.campingdelileverte.com\/de\/norden-der-bretagne-camping-aktivitaeten-und-freizeit\/#primaryimage\",\"url\":\"https:\/\/www.campingdelileverte.com\/wp-content\/uploads\/2021\/11\/camping-aire-de-jeux-enfants-saint-benoit-des-ondes.jpg\",\"contentUrl\":\"https:\/\/www.campingdelileverte.com\/wp-content\/uploads\/2021\/11\/camping-aire-de-jeux-enfants-saint-benoit-des-ondes.jpg\",\"width\":1900,\"height\":700,\"caption\":\"camping-aire-de-jeux-enfants saint benoit des ondes\"},{\"@type\":\"BreadcrumbList\",\"@id\":\"https:\/\/www.campingdelileverte.com\/de\/norden-der-bretagne-camping-aktivitaeten-und-freizeit\/#breadcrumb\",\"itemListElement\":[{\"@type\":\"ListItem\",\"position\":1,\"name\":\"Camping Saint Malo\",\"item\":\"https:\/\/www.campingdelileverte.com\/de\/\"},{\"@type\":\"ListItem\",\"position\":2,\"name\":\"Norden der Bretagne Camping: Freizeitgestalltung\"}]},{\"@type\":\"WebSite\",\"@id\":\"https:\/\/www.campingdelileverte.com\/de\/#website\",\"url\":\"https:\/\/www.campingdelileverte.com\/de\/\",\"name\":\"Camping Ile Verte\",\"description\":\"\",\"publisher\":{\"@id\":\"https:\/\/www.campingdelileverte.com\/de\/#organization\"},\"potentialAction\":[{\"@type\":\"SearchAction\",\"target\":{\"@type\":\"EntryPoint\",\"urlTemplate\":\"https:\/\/www.campingdelileverte.com\/de\/?s={search_term_string}\"},\"query-input\":{\"@type\":\"PropertyValueSpecification\",\"valueRequired\":true,\"valueName\":\"search_term_string\"}}],\"inLanguage\":\"de\"},{\"@type\":\"Organization\",\"@id\":\"https:\/\/www.campingdelileverte.com\/de\/#organization\",\"name\":\"Camping Ile Verte\",\"url\":\"https:\/\/www.campingdelileverte.com\/de\/\",\"logo\":{\"@type\":\"ImageObject\",\"inLanguage\":\"de\",\"@id\":\"https:\/\/www.campingdelileverte.com\/de\/#\/schema\/logo\/image\/\",\"url\":\"https:\/\/www.campingdelileverte.com\/wp-content\/uploads\/2021\/08\/camping-saint-malo.png\",\"contentUrl\":\"https:\/\/www.campingdelileverte.com\/wp-content\/uploads\/2021\/08\/camping-saint-malo.png\",\"width\":370,\"height\":264,\"caption\":\"Camping Ile Verte\"},\"image\":{\"@id\":\"https:\/\/www.campingdelileverte.com\/de\/#\/schema\/logo\/image\/\"}}]}<\/script>\n<!-- \/ Yoast SEO plugin. -->","yoast_head_json":{"title":"Camping Freizeitgestalltung - Campingplatz Norden der Bretagne","description":"In der Umgebung des Campingplatzes Ile Verte k\u00f6nnen Sie Saint Malo, Cancale und den Mont Saint Michel entdecken. Dort warten zahlreiche Aktivit\u00e4ten auf Sie!","robots":{"index":"index","follow":"follow","max-snippet":"max-snippet:-1","max-image-preview":"max-image-preview:large","max-video-preview":"max-video-preview:-1"},"canonical":"https:\/\/www.campingdelileverte.com\/de\/norden-der-bretagne-camping-aktivitaeten-und-freizeit\/","og_locale":"de_DE","og_type":"article","og_title":"Camping Freizeitgestalltung - Campingplatz Norden der Bretagne","og_description":"In der Umgebung des Campingplatzes Ile Verte k\u00f6nnen Sie Saint Malo, Cancale und den Mont Saint Michel entdecken. Dort warten zahlreiche Aktivit\u00e4ten auf Sie!","og_url":"https:\/\/www.campingdelileverte.com\/de\/norden-der-bretagne-camping-aktivitaeten-und-freizeit\/","og_site_name":"Camping Ile Verte","article_modified_time":"2025-09-11T15:01:06+00:00","og_image":[{"width":1900,"height":700,"url":"https:\/\/www.campingdelileverte.com\/wp-content\/uploads\/2021\/11\/camping-aire-de-jeux-enfants-saint-benoit-des-ondes.jpg","type":"image\/jpeg"}],"twitter_card":"summary_large_image","twitter_misc":{"Gesch\u00e4tzte Lesezeit":"1\u00a0Minute"},"schema":{"@context":"https:\/\/schema.org","@graph":[{"@type":"WebPage","@id":"https:\/\/www.campingdelileverte.com\/de\/norden-der-bretagne-camping-aktivitaeten-und-freizeit\/","url":"https:\/\/www.campingdelileverte.com\/de\/norden-der-bretagne-camping-aktivitaeten-und-freizeit\/","name":"Camping Freizeitgestalltung - Campingplatz Norden der Bretagne","isPartOf":{"@id":"https:\/\/www.campingdelileverte.com\/de\/#website"},"primaryImageOfPage":{"@id":"https:\/\/www.campingdelileverte.com\/de\/norden-der-bretagne-camping-aktivitaeten-und-freizeit\/#primaryimage"},"image":{"@id":"https:\/\/www.campingdelileverte.com\/de\/norden-der-bretagne-camping-aktivitaeten-und-freizeit\/#primaryimage"},"thumbnailUrl":"https:\/\/www.campingdelileverte.com\/wp-content\/uploads\/2021\/11\/camping-aire-de-jeux-enfants-saint-benoit-des-ondes.jpg","datePublished":"2021-08-12T12:47:55+00:00","dateModified":"2025-09-11T15:01:06+00:00","description":"In der Umgebung des Campingplatzes Ile Verte k\u00f6nnen Sie Saint Malo, Cancale und den Mont Saint Michel entdecken. Dort warten zahlreiche Aktivit\u00e4ten auf Sie!","breadcrumb":{"@id":"https:\/\/www.campingdelileverte.com\/de\/norden-der-bretagne-camping-aktivitaeten-und-freizeit\/#breadcrumb"},"inLanguage":"de","potentialAction":[{"@type":"ReadAction","target":["https:\/\/www.campingdelileverte.com\/de\/norden-der-bretagne-camping-aktivitaeten-und-freizeit\/"]}]},{"@type":"ImageObject","inLanguage":"de","@id":"https:\/\/www.campingdelileverte.com\/de\/norden-der-bretagne-camping-aktivitaeten-und-freizeit\/#primaryimage","url":"https:\/\/www.campingdelileverte.com\/wp-content\/uploads\/2021\/11\/camping-aire-de-jeux-enfants-saint-benoit-des-ondes.jpg","contentUrl":"https:\/\/www.campingdelileverte.com\/wp-content\/uploads\/2021\/11\/camping-aire-de-jeux-enfants-saint-benoit-des-ondes.jpg","width":1900,"height":700,"caption":"camping-aire-de-jeux-enfants saint benoit des ondes"},{"@type":"BreadcrumbList","@id":"https:\/\/www.campingdelileverte.com\/de\/norden-der-bretagne-camping-aktivitaeten-und-freizeit\/#breadcrumb","itemListElement":[{"@type":"ListItem","position":1,"name":"Camping Saint Malo","item":"https:\/\/www.campingdelileverte.com\/de\/"},{"@type":"ListItem","position":2,"name":"Norden der Bretagne Camping: Freizeitgestalltung"}]},{"@type":"WebSite","@id":"https:\/\/www.campingdelileverte.com\/de\/#website","url":"https:\/\/www.campingdelileverte.com\/de\/","name":"Camping Ile Verte","description":"","publisher":{"@id":"https:\/\/www.campingdelileverte.com\/de\/#organization"},"potentialAction":[{"@type":"SearchAction","target":{"@type":"EntryPoint","urlTemplate":"https:\/\/www.campingdelileverte.com\/de\/?s={search_term_string}"},"query-input":{"@type":"PropertyValueSpecification","valueRequired":true,"valueName":"search_term_string"}}],"inLanguage":"de"},{"@type":"Organization","@id":"https:\/\/www.campingdelileverte.com\/de\/#organization","name":"Camping Ile Verte","url":"https:\/\/www.campingdelileverte.com\/de\/","logo":{"@type":"ImageObject","inLanguage":"de","@id":"https:\/\/www.campingdelileverte.com\/de\/#\/schema\/logo\/image\/","url":"https:\/\/www.campingdelileverte.com\/wp-content\/uploads\/2021\/08\/camping-saint-malo.png","contentUrl":"https:\/\/www.campingdelileverte.com\/wp-content\/uploads\/2021\/08\/camping-saint-malo.png","width":370,"height":264,"caption":"Camping Ile Verte"},"image":{"@id":"https:\/\/www.campingdelileverte.com\/de\/#\/schema\/logo\/image\/"}}]}},"_links":{"self":[{"href":"https:\/\/www.campingdelileverte.com\/de\/wp-json\/wp\/v2\/pages\/8931","targetHints":{"allow":["GET"]}}],"collection":[{"href":"https:\/\/www.campingdelileverte.com\/de\/wp-json\/wp\/v2\/pages"}],"about":[{"href":"https:\/\/www.campingdelileverte.com\/de\/wp-json\/wp\/v2\/types\/page"}],"author":[{"embeddable":true,"href":"https:\/\/www.campingdelileverte.com\/de\/wp-json\/wp\/v2\/users\/1"}],"replies":[{"embeddable":true,"href":"https:\/\/www.campingdelileverte.com\/de\/wp-json\/wp\/v2\/comments?post=8931"}],"version-history":[{"count":8,"href":"https:\/\/www.campingdelileverte.com\/de\/wp-json\/wp\/v2\/pages\/8931\/revisions"}],"predecessor-version":[{"id":10756,"href":"https:\/\/www.campingdelileverte.com\/de\/wp-json\/wp\/v2\/pages\/8931\/revisions\/10756"}],"wp:featuredmedia":[{"embeddable":true,"href":"https:\/\/www.campingdelileverte.com\/de\/wp-json\/wp\/v2\/media\/8933"}],"wp:attachment":[{"href":"https:\/\/www.campingdelileverte.com\/de\/wp-json\/wp\/v2\/media?parent=8931"}],"curies":[{"name":"wp","href":"https:\/\/api.w.org\/{rel}","templated":true}]}}