{"id":8983,"date":"2021-08-12T14:46:58","date_gmt":"2021-08-12T12:46:58","guid":{"rendered":"https:\/\/www.campingdelileverte.com\/camping-saint-malo-4-etoiles\/"},"modified":"2021-12-15T14:49:40","modified_gmt":"2021-12-15T13:49:40","slug":"4-stars-campsite-services","status":"publish","type":"page","link":"https:\/\/www.campingdelileverte.com\/de\/4-stars-campsite-services\/","title":{"rendered":"Le Camping : Services"},"content":{"rendered":"<section id=\"section-group1\"\" class=\"section home-first bg-white\" \/><div class=\"container extralarge\"><div class=\"colonnes-wrap valign-middle \"><div class=\"element colonne w-45 p-3 bg-color5\"><h1 class=\"element section-title left color4\">4-Sterne-Campingplatz Dienstleistungen<\/h1><h2 class=\"element section-title left color2\">Auf der \u00cele Verte, bleiben wir zu Ihrer Verf\u00fcgung, um Ihren Aufenthalt angenehm<\/h2><h2 class=\"element section-title left color2 m-t-4\">BROT VERKAUF<\/h2><div class=\"element bloc-text left \">\n\t<p>Wenn sie Lust auf frisches Brot und S\u00fc\u00dfst\u00fcckchen zum Fr\u00fchst\u00fcck haben, bestellen Sie einfach am Vorabend am Empfang (Brotverkauf die ganze Woche im Juli und August).<\/p>\n<\/div><h2 class=\"element section-title left color2\">EMPFANG<\/h2><div class=\"element bloc-text justify \">\n\t<p>Nach der Ankunft, Zeit zum Entdecken! Wir haben am Empfang f\u00fcr Sie F\u00fchrer und Freizeitbroch\u00fcren f\u00fcr unserer herrlichen Gegend, Informationen f\u00fcr das Wattfischen, Freizeitaktivit\u00e4ten in der Gegend, Programm der Animationen, und nat\u00fcrlich unsere Vorschl\u00e4ge wo man gut essen kann! Der Empfang ist vom 1. April bis zum 1. November, von 9 bis 12 Uhr und nachmittags von 14 bis 18 Uhr 30 auf in der Nebensaison (9 \u2013 12 Uhr und 14 \u2013 19 Uhr im Juli und August). Wir haben Spiele, F\u00f6hn und B\u00fcgeleisen zu Ihrer Verf\u00fcgung. Am Empfang gibt es auch Pauschalen f\u00fcr den WiFi (der auf auf einem Gro\u00dfteil des Campingplatzes funkzioniert).<\/p>\n<\/div><\/div><div class=\"element colonne w-55\"><div class=\"element fancybox-container\"><a class=\"fancybox\" href=\"https:\/\/www.campingdelileverte.com\/wp-content\/uploads\/2021\/11\/camping-ille-et-vilaine-marche-produits-locaux.jpg\"><img decoding=\"async\" src=\"https:\/\/www.campingdelileverte.com\/wp-content\/uploads\/2021\/11\/camping-ille-et-vilaine-marche-produits-locaux-100x43.jpg\" data-src=\"https:\/\/www.campingdelileverte.com\/wp-content\/uploads\/2021\/11\/camping-ille-et-vilaine-marche-produits-locaux.jpg\" alt=\"camping familial ille et vilaine\" class=\"images_image\" \/><\/a><a class=\"fancybox\" href=\"https:\/\/www.campingdelileverte.com\/wp-content\/uploads\/2021\/11\/camping-familial-saint-benoit-des-ondes.jpg\"><img decoding=\"async\" src=\"https:\/\/www.campingdelileverte.com\/wp-content\/uploads\/2021\/11\/camping-familial-saint-benoit-des-ondes-84x100.jpg\" data-src=\"https:\/\/www.campingdelileverte.com\/wp-content\/uploads\/2021\/11\/camping-familial-saint-benoit-des-ondes.jpg\" alt=\"camping familial mont saint michel\" class=\"images_image\" \/><\/a><a class=\"fancybox\" href=\"https:\/\/www.campingdelileverte.com\/wp-content\/uploads\/2021\/08\/camping-saint-malo-depot-pain.jpg\"><img decoding=\"async\" src=\"https:\/\/www.campingdelileverte.com\/wp-content\/uploads\/2021\/08\/camping-saint-malo-depot-pain-83x100.jpg\" data-src=\"https:\/\/www.campingdelileverte.com\/wp-content\/uploads\/2021\/08\/camping-saint-malo-depot-pain.jpg\" alt=\"camping saint malo depot pain\" class=\"images_image\" \/><\/a><\/div><\/div><\/div><\/div><\/section>\n\n<section id=\"section-group2\"\" class=\"section home-third bg-white p-t-0 p-b-0\" \/><div class=\"container full\"><div class=\"element images\"><div class=\"image\"><img decoding=\"async\" src=\"https:\/\/www.campingdelileverte.com\/wp-content\/uploads\/2021\/08\/camping-mont-saint-michel-location-velo-100x33.jpg\" data-src=\"https:\/\/www.campingdelileverte.com\/wp-content\/uploads\/2021\/08\/camping-mont-saint-michel-location-velo.jpg\" alt=\"camping mont saint michel location velo\" class=\"images_image\" \/><\/div><\/div><div class=\"element images\"><div class=\"image\"><img decoding=\"async\" src=\"https:\/\/www.campingdelileverte.com\/wp-content\/uploads\/2021\/08\/wave-100x16.png\" data-src=\"https:\/\/www.campingdelileverte.com\/wp-content\/uploads\/2021\/08\/wave.png\" alt=\"vague piscine saint malo\" class=\"images_image\" \/><\/div><\/div><\/div><\/section>\n\n<section id=\"section-group3\"\" class=\"section home-third-bis bg-white\" \/><div class=\"container\"><h2 class=\"element section-title center color2\">FAHRADVERLEIH <\/h2><div class=\"element bloc-text center \">\n\t<p>Wie w\u00e4re es mit einer kleinen Spazierfahrt mit dem Fahrrad entlang der Bucht vom Mont Saint Michel? Wir vermieten auf dem Campingplatz Fahrr\u00e4der (kontaktieren Sie uns um zu reservieren oder f\u00fcr weitere Informationen).<\/p>\n<\/div><div class=\"element images\"><div class=\"image\"><img decoding=\"async\" src=\"https:\/\/www.campingdelileverte.com\/wp-content\/uploads\/2021\/08\/tortillon-100x100.png\" data-src=\"https:\/\/www.campingdelileverte.com\/wp-content\/uploads\/2021\/08\/tortillon.png\" alt=\"camping piscine bretagne\" class=\"images_image tortillon\" \/><\/div><\/div><\/div><\/section>\n\n<section id=\"section-group4\"\" class=\"section home-third bg-white p-t-0 p-b-0\" \/><div class=\"container full\"><div class=\"element images\"><div class=\"image\"><img decoding=\"async\" src=\"https:\/\/www.campingdelileverte.com\/wp-content\/uploads\/2021\/08\/camping-cancale-emplacement-caravaning-100x33.jpg\" data-src=\"https:\/\/www.campingdelileverte.com\/wp-content\/uploads\/2021\/08\/camping-cancale-emplacement-caravaning.jpg\" alt=\"camping cancale emplacement caravaning\" class=\"images_image\" \/><\/div><\/div><div class=\"element images\"><div class=\"image\"><img decoding=\"async\" src=\"https:\/\/www.campingdelileverte.com\/wp-content\/uploads\/2021\/08\/wave-100x16.png\" data-src=\"https:\/\/www.campingdelileverte.com\/wp-content\/uploads\/2021\/08\/wave.png\" alt=\"vague piscine saint malo\" class=\"images_image\" \/><\/div><\/div><\/div><\/section>\n\n<section id=\"section-group5\"\" class=\"section home-first bg-white\" \/><div class=\"container extralarge\"><div class=\"colonnes-wrap valign-middle \"><div class=\"element colonne w-55\"><div class=\"element fancybox-container\"><a class=\"fancybox\" href=\"https:\/\/www.campingdelileverte.com\/wp-content\/uploads\/2021\/08\/camping-saint-malo-barbecue-plancha.jpg\"><img decoding=\"async\" src=\"https:\/\/www.campingdelileverte.com\/wp-content\/uploads\/2021\/08\/camping-saint-malo-barbecue-plancha-100x43.jpg\" data-src=\"https:\/\/www.campingdelileverte.com\/wp-content\/uploads\/2021\/08\/camping-saint-malo-barbecue-plancha.jpg\" alt=\"camping piscine saint malo\" class=\"images_image\" \/><\/a><a class=\"fancybox\" href=\"https:\/\/www.campingdelileverte.com\/wp-content\/uploads\/2021\/11\/camping-avec-barbecue-collectif-saint-benoit-des-ondes.jpg\"><img decoding=\"async\" src=\"https:\/\/www.campingdelileverte.com\/wp-content\/uploads\/2021\/11\/camping-avec-barbecue-collectif-saint-benoit-des-ondes-83x100.jpg\" data-src=\"https:\/\/www.campingdelileverte.com\/wp-content\/uploads\/2021\/11\/camping-avec-barbecue-collectif-saint-benoit-des-ondes.jpg\" alt=\"camping mont saint michel peche a pied\" class=\"images_image\" \/><\/a><a class=\"fancybox\" href=\"https:\/\/www.campingdelileverte.com\/wp-content\/uploads\/2021\/11\/camping-vente-produits-locaux-cancale-1.jpg\"><img decoding=\"async\" src=\"https:\/\/www.campingdelileverte.com\/wp-content\/uploads\/2021\/11\/camping-vente-produits-locaux-cancale-1-83x100.jpg\" data-src=\"https:\/\/www.campingdelileverte.com\/wp-content\/uploads\/2021\/11\/camping-vente-produits-locaux-cancale-1.jpg\" alt=\"camping vente produits locaux cancale\" class=\"images_image\" \/><\/a><\/div><\/div><div class=\"element colonne w-45 p-3 bg-color5\"><h2 class=\"element section-title left color2\">GEMEINSCHAFTSGRILL <\/h2><div class=\"element bloc-text left \">\n\t<p>F\u00fcr Ihre Mahlzeiten haben wir Planchas und Barbecues f\u00fcr Ihre Ben\u00fctzung.<\/p>\n<\/div><h2 class=\"element section-title left color2\">LOKALE PRODUKTE<\/h2><div class=\"element bloc-text justify \">\n\t<p>Sie brauchen ein Geschenk f\u00fcr die Familie daheim? Am Empfang finden Sie eine Auswahl von traditionellen Waren (Gesalzener Butterkaramel, Apfelmost vom Bauern, Marmeladen\u2026)<\/p>\n<\/div><\/div><\/div><\/div><\/section>\n\n<section id=\"section-group6\"\" class=\"section home-third bg-white p-t-0 p-b-0\" \/><div class=\"container full\"><div class=\"element images\"><div class=\"image\"><img decoding=\"async\" src=\"https:\/\/www.campingdelileverte.com\/wp-content\/uploads\/2021\/08\/camping-mont-saint-michel-parc-aquatique-100x33.jpg\" data-src=\"https:\/\/www.campingdelileverte.com\/wp-content\/uploads\/2021\/08\/camping-mont-saint-michel-parc-aquatique.jpg\" alt=\"camping mont saint michel parc aquatique\" class=\"images_image\" \/><\/div><\/div><div class=\"element images\"><div class=\"image\"><img decoding=\"async\" src=\"https:\/\/www.campingdelileverte.com\/wp-content\/uploads\/2021\/08\/wave-100x16.png\" data-src=\"https:\/\/www.campingdelileverte.com\/wp-content\/uploads\/2021\/08\/wave.png\" alt=\"vague piscine saint malo\" class=\"images_image\" \/><\/div><\/div><\/div><\/section>\n\n<section id=\"section-group7\"\" class=\"section home-third-bis bg-white\" \/><div class=\"container\"><div class=\"element images\"><div class=\"image\"><img decoding=\"async\" src=\"https:\/\/www.campingdelileverte.com\/wp-content\/uploads\/2021\/08\/tortillon-100x100.png\" data-src=\"https:\/\/www.campingdelileverte.com\/wp-content\/uploads\/2021\/08\/tortillon.png\" alt=\"camping piscine bretagne\" class=\"images_image tortillon\" \/><\/div><\/div><\/div><\/section>\n\n<section id=\"section-611ce00696f04\"\" class=\"section bg-color5\" \/><div class=\"container extralarge\"><div class=\"element section-title left titre-cta\">Entdecken Sie die anderen Dienstleistungen des Campingplatzes<\/div><ul class=\"liste-de-page\"><li class=\"element call-to-action carre call-to-action--style-1 call-to-action--big\"><a href=\"https:\/\/www.campingdelileverte.com\/de\/camping-st-malo-mit-schwimmbad\/\"  class=\"call-to-action_link\" title=\"En savoir plus sur der fischteich\"><div class=\"call-to-action_image\"><img decoding=\"async\" src=\"https:\/\/www.campingdelileverte.com\/wp-content\/uploads\/2021\/08\/piscine-bretagne-100x46.jpg\" data-src=\"https:\/\/www.campingdelileverte.com\/wp-content\/uploads\/2021\/08\/piscine-bretagne.jpg\" alt=\"piscine bretagne\" class=\"big\" \/><\/div><div class=\"call-to-action_contenu\"><div class=\"call-to-action_titre\">Der Fischteich<\/div><\/div><\/a><\/li><li class=\"element call-to-action carre call-to-action--style-1 call-to-action--big call-to-action--style-1 call-to-action--big\"><a href=\"https:\/\/www.campingdelileverte.com\/de\/norden-der-bretagne-camping-aktivitaeten-und-freizeit\/\"  class=\"call-to-action_link\" title=\"En savoir plus sur aktivit\u00e4ten und freizeit\"><div class=\"call-to-action_image\"><img decoding=\"async\" src=\"https:\/\/www.campingdelileverte.com\/wp-content\/uploads\/2021\/11\/camping-aire-de-jeux-enfants-saint-benoit-des-ondes-100x37.jpg\" data-src=\"https:\/\/www.campingdelileverte.com\/wp-content\/uploads\/2021\/11\/camping-aire-de-jeux-enfants-saint-benoit-des-ondes.jpg\" alt=\"camping-aire-de-jeux-enfants saint benoit des ondes\" class=\"big\" \/><\/div><div class=\"call-to-action_contenu\"><div class=\"call-to-action_titre\">Aktivit\u00e4ten und Freizeit<\/div><\/div><\/a><\/li><li class=\"element call-to-action carre call-to-action--style-1 call-to-action--big call-to-action--style-1 call-to-action--big call-to-action--style-1 call-to-action--big\"><a href=\"https:\/\/www.campingdelileverte.com\/de\/campingplaetze-snack-bar\/\"  class=\"call-to-action_link\" title=\"En savoir plus sur snack bar\"><div class=\"call-to-action_image\"><img decoding=\"async\" src=\"https:\/\/www.campingdelileverte.com\/wp-content\/uploads\/2021\/08\/camping-saint-malo-bar-snack-100x46.jpg\" data-src=\"https:\/\/www.campingdelileverte.com\/wp-content\/uploads\/2021\/08\/camping-saint-malo-bar-snack.jpg\" alt=\"camping saint malo bar snack\" class=\"big\" \/><\/div><div class=\"call-to-action_contenu\"><div class=\"call-to-action_titre\">Snack Bar<\/div><\/div><\/a><\/li><\/ul><\/div><\/section>","protected":false},"excerpt":{"rendered":"","protected":false},"author":1,"featured_media":8985,"parent":0,"menu_order":0,"comment_status":"closed","ping_status":"closed","template":"","meta":{"_acf_changed":false,"footnotes":""},"class_list":["post-8983","page","type-page","status-publish","has-post-thumbnail","hentry"],"acf":[],"yoast_head":"<!-- This site is optimized with the Yoast SEO plugin v25.3 - https:\/\/yoast.com\/wordpress\/plugins\/seo\/ -->\n<title>4-Sterne-Campingplatz Dienstleistungen - Camping in der Bretagne<\/title>\n<meta name=\"description\" content=\"Auf dem Camping de l&#039;Ile Verte, einem 4-Sterne-Campingplatz zwischen Cancale und dem Mont Saint Michel, erwarten Sie zahlreiche Dienstleistungen, die Ihren Aufenthalt angenehm gestalten sollen.\" \/>\n<meta name=\"robots\" content=\"index, follow, max-snippet:-1, max-image-preview:large, max-video-preview:-1\" \/>\n<link rel=\"canonical\" href=\"https:\/\/www.campingdelileverte.com\/de\/4-stars-campsite-services\/\" \/>\n<meta property=\"og:locale\" content=\"de_DE\" \/>\n<meta property=\"og:type\" content=\"article\" \/>\n<meta property=\"og:title\" content=\"4-Sterne-Campingplatz Dienstleistungen - Camping in der Bretagne\" \/>\n<meta property=\"og:description\" content=\"Auf dem Camping de l&#039;Ile Verte, einem 4-Sterne-Campingplatz zwischen Cancale und dem Mont Saint Michel, erwarten Sie zahlreiche Dienstleistungen, die Ihren Aufenthalt angenehm gestalten sollen.\" \/>\n<meta property=\"og:url\" content=\"https:\/\/www.campingdelileverte.com\/de\/4-stars-campsite-services\/\" \/>\n<meta property=\"og:site_name\" content=\"Camping Ile Verte\" \/>\n<meta property=\"article:modified_time\" content=\"2021-12-15T13:49:40+00:00\" \/>\n<meta property=\"og:image\" content=\"https:\/\/www.campingdelileverte.com\/wp-content\/uploads\/2021\/11\/camping-avec-sanitaires-cancale.jpg\" \/>\n\t<meta property=\"og:image:width\" content=\"1900\" \/>\n\t<meta property=\"og:image:height\" content=\"700\" \/>\n\t<meta property=\"og:image:type\" content=\"image\/jpeg\" \/>\n<meta name=\"twitter:card\" content=\"summary_large_image\" \/>\n<script type=\"application\/ld+json\" class=\"yoast-schema-graph\">{\"@context\":\"https:\/\/schema.org\",\"@graph\":[{\"@type\":\"WebPage\",\"@id\":\"https:\/\/www.campingdelileverte.com\/de\/4-stars-campsite-services\/\",\"url\":\"https:\/\/www.campingdelileverte.com\/de\/4-stars-campsite-services\/\",\"name\":\"4-Sterne-Campingplatz Dienstleistungen - Camping in der Bretagne\",\"isPartOf\":{\"@id\":\"https:\/\/www.campingdelileverte.com\/de\/#website\"},\"primaryImageOfPage\":{\"@id\":\"https:\/\/www.campingdelileverte.com\/de\/4-stars-campsite-services\/#primaryimage\"},\"image\":{\"@id\":\"https:\/\/www.campingdelileverte.com\/de\/4-stars-campsite-services\/#primaryimage\"},\"thumbnailUrl\":\"https:\/\/www.campingdelileverte.com\/wp-content\/uploads\/2021\/11\/camping-avec-sanitaires-cancale.jpg\",\"datePublished\":\"2021-08-12T12:46:58+00:00\",\"dateModified\":\"2021-12-15T13:49:40+00:00\",\"description\":\"Auf dem Camping de l'Ile Verte, einem 4-Sterne-Campingplatz zwischen Cancale und dem Mont Saint Michel, erwarten Sie zahlreiche Dienstleistungen, die Ihren Aufenthalt angenehm gestalten sollen.\",\"breadcrumb\":{\"@id\":\"https:\/\/www.campingdelileverte.com\/de\/4-stars-campsite-services\/#breadcrumb\"},\"inLanguage\":\"de\",\"potentialAction\":[{\"@type\":\"ReadAction\",\"target\":[\"https:\/\/www.campingdelileverte.com\/de\/4-stars-campsite-services\/\"]}]},{\"@type\":\"ImageObject\",\"inLanguage\":\"de\",\"@id\":\"https:\/\/www.campingdelileverte.com\/de\/4-stars-campsite-services\/#primaryimage\",\"url\":\"https:\/\/www.campingdelileverte.com\/wp-content\/uploads\/2021\/11\/camping-avec-sanitaires-cancale.jpg\",\"contentUrl\":\"https:\/\/www.campingdelileverte.com\/wp-content\/uploads\/2021\/11\/camping-avec-sanitaires-cancale.jpg\",\"width\":1900,\"height\":700,\"caption\":\"camping avec -cancale\"},{\"@type\":\"BreadcrumbList\",\"@id\":\"https:\/\/www.campingdelileverte.com\/de\/4-stars-campsite-services\/#breadcrumb\",\"itemListElement\":[{\"@type\":\"ListItem\",\"position\":1,\"name\":\"Camping Saint Malo\",\"item\":\"https:\/\/www.campingdelileverte.com\/de\/\"},{\"@type\":\"ListItem\",\"position\":2,\"name\":\"4-Sterne-Campingplatz Dienstleistungen\"}]},{\"@type\":\"WebSite\",\"@id\":\"https:\/\/www.campingdelileverte.com\/de\/#website\",\"url\":\"https:\/\/www.campingdelileverte.com\/de\/\",\"name\":\"Camping Ile Verte\",\"description\":\"\",\"publisher\":{\"@id\":\"https:\/\/www.campingdelileverte.com\/de\/#organization\"},\"potentialAction\":[{\"@type\":\"SearchAction\",\"target\":{\"@type\":\"EntryPoint\",\"urlTemplate\":\"https:\/\/www.campingdelileverte.com\/de\/?s={search_term_string}\"},\"query-input\":{\"@type\":\"PropertyValueSpecification\",\"valueRequired\":true,\"valueName\":\"search_term_string\"}}],\"inLanguage\":\"de\"},{\"@type\":\"Organization\",\"@id\":\"https:\/\/www.campingdelileverte.com\/de\/#organization\",\"name\":\"Camping Ile Verte\",\"url\":\"https:\/\/www.campingdelileverte.com\/de\/\",\"logo\":{\"@type\":\"ImageObject\",\"inLanguage\":\"de\",\"@id\":\"https:\/\/www.campingdelileverte.com\/de\/#\/schema\/logo\/image\/\",\"url\":\"https:\/\/www.campingdelileverte.com\/wp-content\/uploads\/2021\/08\/camping-saint-malo.png\",\"contentUrl\":\"https:\/\/www.campingdelileverte.com\/wp-content\/uploads\/2021\/08\/camping-saint-malo.png\",\"width\":370,\"height\":264,\"caption\":\"Camping Ile Verte\"},\"image\":{\"@id\":\"https:\/\/www.campingdelileverte.com\/de\/#\/schema\/logo\/image\/\"}}]}<\/script>\n<!-- \/ Yoast SEO plugin. -->","yoast_head_json":{"title":"4-Sterne-Campingplatz Dienstleistungen - Camping in der Bretagne","description":"Auf dem Camping de l'Ile Verte, einem 4-Sterne-Campingplatz zwischen Cancale und dem Mont Saint Michel, erwarten Sie zahlreiche Dienstleistungen, die Ihren Aufenthalt angenehm gestalten sollen.","robots":{"index":"index","follow":"follow","max-snippet":"max-snippet:-1","max-image-preview":"max-image-preview:large","max-video-preview":"max-video-preview:-1"},"canonical":"https:\/\/www.campingdelileverte.com\/de\/4-stars-campsite-services\/","og_locale":"de_DE","og_type":"article","og_title":"4-Sterne-Campingplatz Dienstleistungen - Camping in der Bretagne","og_description":"Auf dem Camping de l'Ile Verte, einem 4-Sterne-Campingplatz zwischen Cancale und dem Mont Saint Michel, erwarten Sie zahlreiche Dienstleistungen, die Ihren Aufenthalt angenehm gestalten sollen.","og_url":"https:\/\/www.campingdelileverte.com\/de\/4-stars-campsite-services\/","og_site_name":"Camping Ile Verte","article_modified_time":"2021-12-15T13:49:40+00:00","og_image":[{"width":1900,"height":700,"url":"https:\/\/www.campingdelileverte.com\/wp-content\/uploads\/2021\/11\/camping-avec-sanitaires-cancale.jpg","type":"image\/jpeg"}],"twitter_card":"summary_large_image","schema":{"@context":"https:\/\/schema.org","@graph":[{"@type":"WebPage","@id":"https:\/\/www.campingdelileverte.com\/de\/4-stars-campsite-services\/","url":"https:\/\/www.campingdelileverte.com\/de\/4-stars-campsite-services\/","name":"4-Sterne-Campingplatz Dienstleistungen - Camping in der Bretagne","isPartOf":{"@id":"https:\/\/www.campingdelileverte.com\/de\/#website"},"primaryImageOfPage":{"@id":"https:\/\/www.campingdelileverte.com\/de\/4-stars-campsite-services\/#primaryimage"},"image":{"@id":"https:\/\/www.campingdelileverte.com\/de\/4-stars-campsite-services\/#primaryimage"},"thumbnailUrl":"https:\/\/www.campingdelileverte.com\/wp-content\/uploads\/2021\/11\/camping-avec-sanitaires-cancale.jpg","datePublished":"2021-08-12T12:46:58+00:00","dateModified":"2021-12-15T13:49:40+00:00","description":"Auf dem Camping de l'Ile Verte, einem 4-Sterne-Campingplatz zwischen Cancale und dem Mont Saint Michel, erwarten Sie zahlreiche Dienstleistungen, die Ihren Aufenthalt angenehm gestalten sollen.","breadcrumb":{"@id":"https:\/\/www.campingdelileverte.com\/de\/4-stars-campsite-services\/#breadcrumb"},"inLanguage":"de","potentialAction":[{"@type":"ReadAction","target":["https:\/\/www.campingdelileverte.com\/de\/4-stars-campsite-services\/"]}]},{"@type":"ImageObject","inLanguage":"de","@id":"https:\/\/www.campingdelileverte.com\/de\/4-stars-campsite-services\/#primaryimage","url":"https:\/\/www.campingdelileverte.com\/wp-content\/uploads\/2021\/11\/camping-avec-sanitaires-cancale.jpg","contentUrl":"https:\/\/www.campingdelileverte.com\/wp-content\/uploads\/2021\/11\/camping-avec-sanitaires-cancale.jpg","width":1900,"height":700,"caption":"camping avec -cancale"},{"@type":"BreadcrumbList","@id":"https:\/\/www.campingdelileverte.com\/de\/4-stars-campsite-services\/#breadcrumb","itemListElement":[{"@type":"ListItem","position":1,"name":"Camping Saint Malo","item":"https:\/\/www.campingdelileverte.com\/de\/"},{"@type":"ListItem","position":2,"name":"4-Sterne-Campingplatz Dienstleistungen"}]},{"@type":"WebSite","@id":"https:\/\/www.campingdelileverte.com\/de\/#website","url":"https:\/\/www.campingdelileverte.com\/de\/","name":"Camping Ile Verte","description":"","publisher":{"@id":"https:\/\/www.campingdelileverte.com\/de\/#organization"},"potentialAction":[{"@type":"SearchAction","target":{"@type":"EntryPoint","urlTemplate":"https:\/\/www.campingdelileverte.com\/de\/?s={search_term_string}"},"query-input":{"@type":"PropertyValueSpecification","valueRequired":true,"valueName":"search_term_string"}}],"inLanguage":"de"},{"@type":"Organization","@id":"https:\/\/www.campingdelileverte.com\/de\/#organization","name":"Camping Ile Verte","url":"https:\/\/www.campingdelileverte.com\/de\/","logo":{"@type":"ImageObject","inLanguage":"de","@id":"https:\/\/www.campingdelileverte.com\/de\/#\/schema\/logo\/image\/","url":"https:\/\/www.campingdelileverte.com\/wp-content\/uploads\/2021\/08\/camping-saint-malo.png","contentUrl":"https:\/\/www.campingdelileverte.com\/wp-content\/uploads\/2021\/08\/camping-saint-malo.png","width":370,"height":264,"caption":"Camping Ile Verte"},"image":{"@id":"https:\/\/www.campingdelileverte.com\/de\/#\/schema\/logo\/image\/"}}]}},"_links":{"self":[{"href":"https:\/\/www.campingdelileverte.com\/de\/wp-json\/wp\/v2\/pages\/8983","targetHints":{"allow":["GET"]}}],"collection":[{"href":"https:\/\/www.campingdelileverte.com\/de\/wp-json\/wp\/v2\/pages"}],"about":[{"href":"https:\/\/www.campingdelileverte.com\/de\/wp-json\/wp\/v2\/types\/page"}],"author":[{"embeddable":true,"href":"https:\/\/www.campingdelileverte.com\/de\/wp-json\/wp\/v2\/users\/1"}],"replies":[{"embeddable":true,"href":"https:\/\/www.campingdelileverte.com\/de\/wp-json\/wp\/v2\/comments?post=8983"}],"version-history":[{"count":2,"href":"https:\/\/www.campingdelileverte.com\/de\/wp-json\/wp\/v2\/pages\/8983\/revisions"}],"predecessor-version":[{"id":9001,"href":"https:\/\/www.campingdelileverte.com\/de\/wp-json\/wp\/v2\/pages\/8983\/revisions\/9001"}],"wp:featuredmedia":[{"embeddable":true,"href":"https:\/\/www.campingdelileverte.com\/de\/wp-json\/wp\/v2\/media\/8985"}],"wp:attachment":[{"href":"https:\/\/www.campingdelileverte.com\/de\/wp-json\/wp\/v2\/media?parent=8983"}],"curies":[{"name":"wp","href":"https:\/\/api.w.org\/{rel}","templated":true}]}}