{"id":9002,"date":"2021-08-12T14:50:57","date_gmt":"2021-08-12T12:50:57","guid":{"rendered":"https:\/\/www.campingdelileverte.com\/emplacements-caravaning-st-malo\/"},"modified":"2021-12-16T11:17:33","modified_gmt":"2021-12-16T10:17:33","slug":"die-stellplatze","status":"publish","type":"page","link":"https:\/\/www.campingdelileverte.com\/de\/die-stellplatze\/","title":{"rendered":"Les Emplacements"},"content":{"rendered":"<section id=\"section-group1\"\" class=\"section bg-white\" \/><div class=\"container\"><h1 class=\"element section-title center color4\">Die Stellpl\u00e4tze<\/h1><\/div><\/section>\n\n<section id=\"section-6156f6eec817f\"\" class=\"section bg-white p-t-0 p-b-0\" \/><div class=\"container extralarge\"><div class=\"element bloc-text center \">\n\t<p>Geben Sie unten Ihre Aufenthaltsdaten ein (Button Freie Daten), um die Kosten f\u00fcr Ihren Aufenthalt zu berechnen:<\/p>\n<\/div><div class=\"element bloc-text\">\n\t<script>\r\n    window.ctoutvert = {\r\n\t\tid: 5223, \r\n\t\tlang: 'auto', \r\n\t\turl: 'https:\/\/bookingpremium.secureholiday.net\/widgets\/'\r\n    };\r\n\r\n    (function (w, d, s, ctv, r, js, fjs) {\r\n        r=new XMLHttpRequest();r.open('GET',w[ctv].url+'js\/src.json');\r\n        r.responseType='json';r.json=true;r.send();\r\n        r.onload=function(){w[ctv].src=r.responseType=='json'?r.response:JSON.parse(r.response);\r\n        js.src=w[ctv].src[0];fjs.parentNode.insertBefore(js, fjs);}\r\n        js=d.createElement(s),fjs=d.getElementsByTagName(s)[0];\r\n        js.id='ctvwidget';js.async=1;\r\n    }(window, document, 'script', 'ctoutvert'));\r\n<\/script>\r\n<ctv-availability data-product-type='pitch' data-background-color='#FFFFFFFF' ><\/ctv-availability><\/div><\/div><\/section>\n\n<section id=\"section-groupe2\"\" class=\"section home-first bg-white p-t-0\" \/><div class=\"container extralarge\"><div class=\"colonnes-wrap valign-middle \"><div class=\"element colonne w-45 p-3 bg-color5\"><div class=\"element bloc-text left \">\n\t<p>Wie stellen Sie sich das\u00a0<a title=\"Campingplatz in der Norden Bretagne\" href=\"https:\/\/www.campingdelileverte.com\/de\/\">Camping in der Bretagne<\/a>\u00a0vor: Zelt, Wohnwagen oder Wohnmobil? Auf dem Ile Verte Campingplatz in der N\u00e4he von Cancale, im Herzen der\u00a0<strong>Mont Saint Michel Bucht<\/strong>, haben Sie die Wahl zwischen 40 ger\u00e4umigen Stellpl\u00e4tzen der 4 Sterne Kategorie (90 bis 130 m2), alle mit Wasser and Elektrizit\u00e4t ausgestattet (Europ\u00e4ische Steckdose P17) und mit gro\u00dfen Hecken umgeben. Alle unsere Campingstellpl\u00e4tze sind f\u00fcr Personen mit eingeschr\u00e4nkter Mobilit\u00e4t zug\u00e4nglich.<\/p>\n<\/div><\/div><div class=\"element colonne w-55\"><div class=\"element fancybox-container\"><a class=\"fancybox\" href=\"https:\/\/www.campingdelileverte.com\/wp-content\/uploads\/2021\/10\/camping-location-emplacement-caravaning-mont-saint-michel.jpg\"><img decoding=\"async\" src=\"https:\/\/www.campingdelileverte.com\/wp-content\/uploads\/2021\/10\/camping-location-emplacement-caravaning-mont-saint-michel-100x67.jpg\" data-src=\"https:\/\/www.campingdelileverte.com\/wp-content\/uploads\/2021\/10\/camping-location-emplacement-caravaning-mont-saint-michel.jpg\" alt=\"camping location emplacement caravaning mont saint michel\" class=\"images_image\" \/><\/a><a class=\"fancybox\" href=\"https:\/\/www.campingdelileverte.com\/wp-content\/uploads\/2021\/11\/emplacements-caravaning-st-malo.jpg\"><img decoding=\"async\" src=\"https:\/\/www.campingdelileverte.com\/wp-content\/uploads\/2021\/11\/emplacements-caravaning-st-malo-100x67.jpg\" data-src=\"https:\/\/www.campingdelileverte.com\/wp-content\/uploads\/2021\/11\/emplacements-caravaning-st-malo.jpg\" alt=\"camping location emplacement tente saint malo\" class=\"images_image\" \/><\/a><a class=\"fancybox\" href=\"https:\/\/www.campingdelileverte.com\/wp-content\/uploads\/2021\/10\/camping-location-emplacement-tente-mont-saint-michel.jpg\"><img decoding=\"async\" src=\"https:\/\/www.campingdelileverte.com\/wp-content\/uploads\/2021\/10\/camping-location-emplacement-tente-mont-saint-michel-100x67.jpg\" data-src=\"https:\/\/www.campingdelileverte.com\/wp-content\/uploads\/2021\/10\/camping-location-emplacement-tente-mont-saint-michel.jpg\" alt=\"camping location emplacement tente mont saint michel\" class=\"images_image\" \/><\/a><\/div><\/div><\/div><\/div><\/section>\n\n<section id=\"section-group3\"\" class=\"section home-first bg-white p-t-0\" \/><div class=\"container extralarge\"><div class=\"colonnes-wrap valign-middle \"><div class=\"element colonne w-55\"><div class=\"element fancybox-container\"><a class=\"fancybox\" href=\"https:\/\/www.campingdelileverte.com\/wp-content\/uploads\/2021\/10\/camping-location-emplacement-sanitaires-saint-malo.jpg\"><img decoding=\"async\" src=\"https:\/\/www.campingdelileverte.com\/wp-content\/uploads\/2021\/10\/camping-location-emplacement-sanitaires-saint-malo-100x67.jpg\" data-src=\"https:\/\/www.campingdelileverte.com\/wp-content\/uploads\/2021\/10\/camping-location-emplacement-sanitaires-saint-malo.jpg\" alt=\"camping location emplacement sanitaires saint malo\" class=\"images_image\" \/><\/a><a class=\"fancybox\" href=\"https:\/\/www.campingdelileverte.com\/wp-content\/uploads\/2021\/10\/camping-location-emplacement-sanitaires-cancale.jpg\"><img decoding=\"async\" src=\"https:\/\/www.campingdelileverte.com\/wp-content\/uploads\/2021\/10\/camping-location-emplacement-sanitaires-cancale-100x67.jpg\" data-src=\"https:\/\/www.campingdelileverte.com\/wp-content\/uploads\/2021\/10\/camping-location-emplacement-sanitaires-cancale.jpg\" alt=\"camping location emplacement sanitaires cancale\" class=\"images_image\" \/><\/a><a class=\"fancybox\" href=\"https:\/\/www.campingdelileverte.com\/wp-content\/uploads\/2021\/11\/camping-pas-cher-avec-bloc-sanitaire-ille-et-vilaine.jpg\"><img decoding=\"async\" src=\"https:\/\/www.campingdelileverte.com\/wp-content\/uploads\/2021\/11\/camping-pas-cher-avec-bloc-sanitaire-ille-et-vilaine-100x67.jpg\" data-src=\"https:\/\/www.campingdelileverte.com\/wp-content\/uploads\/2021\/11\/camping-pas-cher-avec-bloc-sanitaire-ille-et-vilaine.jpg\" alt=\"camping pas cher avec bloc sanitaire ille et vilaine\" class=\"images_image\" \/><\/a><\/div><\/div><div class=\"element colonne w-45 p-3 bg-color5\"><h2 class=\"element section-title left color2\">DIE SANIT\u00c4RSANLAGEN<\/h2><div class=\"element bloc-text left \">\n\t<p>Die Toiletten und Duschen wurden alle renoviert und sind ausgestattet mit :<\/p>\n<ul>\n<li>8 Duschkabinen une 1 Kabine mit Dusche und Waschbecken mit warmem Wasser,<\/li>\n<li>10 Waschbecken und 2 Kabinen mit Waschbecken mit elektrischen Steckdosen,<\/li>\n<li>5 Toiletten und 2 Urinale,<\/li>\n<li>ein Kinderbereich (Babywanne, Wicketisch, Toiletten und Waschbecken f\u00fcr Kinder),<\/li>\n<li>eine Kabine f\u00fcr Personen mit eingeschr\u00e4nkter Mobilit\u00e4t (Dusche, Waschbecken, Toiletten).<\/li>\n<li>Becken um die W\u00e4sche und das Geschirr zu waschen und auch eine Waschmaschine mit einem Trockner,<\/li>\n<li>B\u00fcgeleisen und B\u00fcgelbrett sind am Empfang erh\u00e4ltlich.<\/li>\n<\/ul>\n<p>Es gibt auch die M\u00f6glichkeit f\u00fcr unserer G\u00e4ste eine Premiumpackung zu mieten: ein Picknicktisch und ein kleiner K\u00fchlschrank.<br \/>\nTiere sind akzeptiert je nach Reservierungsbedingungen (auf unserem Reservierungsformular), mit einem Zuschu\u00df von 2,50 \u20ac pro Tag.<\/p>\n<p><strong>Ankunft<\/strong>\u00a0zwischen 14 und 18 Uhr 30 (19 uhr 30 im Juli und August)<\/p>\n<\/div><\/div><\/div><\/div><\/section>\n\n<section id=\"section-group4\"\" class=\"section home-third bg-white p-t-0 p-b-0\" \/><div class=\"container full\"><div class=\"element images\"><div class=\"image\"><img decoding=\"async\" src=\"https:\/\/www.campingdelileverte.com\/wp-content\/uploads\/2021\/10\/camping-location-emplacement-ille-et-vilaine-100x37.jpg\" data-src=\"https:\/\/www.campingdelileverte.com\/wp-content\/uploads\/2021\/10\/camping-location-emplacement-ille-et-vilaine.jpg\" alt=\"camping location emplacement ille et vilaine\" class=\"images_image\" \/><\/div><\/div><div class=\"element images\"><div class=\"image\"><img decoding=\"async\" src=\"https:\/\/www.campingdelileverte.com\/wp-content\/uploads\/2021\/08\/wave-100x16.png\" data-src=\"https:\/\/www.campingdelileverte.com\/wp-content\/uploads\/2021\/08\/wave.png\" alt=\"location emplacement camping saint malo\" class=\"images_image\" \/><\/div><\/div><\/div><\/section>\n\n<section id=\"section-group5\"\" class=\"section home-first bg-white p-t-0\" \/><div class=\"container extralarge\"><div class=\"colonnes-wrap valign-middle \"><div class=\"element colonne w-45 p-3 bg-color5\"><h2 class=\"element section-title left color2\">Wohnmobile willkommen!<\/h2><div class=\"element bloc-text left \">\n\t<p>Durchkreuzen Sie die\u00a0<strong>n\u00f6rdliche Bretagne\u00a0<\/strong>im Wohnmobil\u00a0? Am Eingang des Campingplatzes haben wir eine Lehrungs- und Waschstation f\u00fcr unsere G\u00e4ste mit Campingwagen.<\/p>\n<\/div><\/div><div class=\"element colonne w-55\"><div class=\"element fancybox-container\"><a class=\"fancybox\" href=\"https:\/\/www.campingdelileverte.com\/wp-content\/uploads\/2021\/10\/camping-location-emplacement-caravaning-cancale.jpg\"><img decoding=\"async\" src=\"https:\/\/www.campingdelileverte.com\/wp-content\/uploads\/2021\/10\/camping-location-emplacement-caravaning-cancale-100x67.jpg\" data-src=\"https:\/\/www.campingdelileverte.com\/wp-content\/uploads\/2021\/10\/camping-location-emplacement-caravaning-cancale.jpg\" alt=\"camping location emplacement caravaning cancale\" class=\"images_image\" \/><\/a><a class=\"fancybox\" href=\"https:\/\/www.campingdelileverte.com\/wp-content\/uploads\/2021\/11\/camping-avec-emplacement-caravaning-cancale.jpg\"><img decoding=\"async\" src=\"https:\/\/www.campingdelileverte.com\/wp-content\/uploads\/2021\/11\/camping-avec-emplacement-caravaning-cancale-100x67.jpg\" data-src=\"https:\/\/www.campingdelileverte.com\/wp-content\/uploads\/2021\/11\/camping-avec-emplacement-caravaning-cancale.jpg\" alt=\"camping avec emplacement caravaning cancale\" class=\"images_image\" \/><\/a><a class=\"fancybox\" href=\"https:\/\/www.campingdelileverte.com\/wp-content\/uploads\/2021\/11\/camping-avec-emplacement-caravaning-saint-malo.jpg\"><img decoding=\"async\" src=\"https:\/\/www.campingdelileverte.com\/wp-content\/uploads\/2021\/11\/camping-avec-emplacement-caravaning-saint-malo-100x67.jpg\" data-src=\"https:\/\/www.campingdelileverte.com\/wp-content\/uploads\/2021\/11\/camping-avec-emplacement-caravaning-saint-malo.jpg\" alt=\"camping avec emplacement caravaning saint malo\" class=\"images_image\" \/><\/a><\/div><\/div><\/div><\/div><\/section>\n\n<section id=\"section-6156f6eecae40\"\" class=\"section bg-white\" \/><div class=\"container extralarge\"><div class=\"element section-title center titre-cta\">Entdecken Sie unsere Vermietungen und Dienstleistungen<\/div><ul class=\"liste-de-page\"><li class=\"element call-to-action carre call-to-action--style-1 call-to-action--big\"><a href=\"https:\/\/www.campingdelileverte.com\/de\/4-stars-campsite-services\/\"  class=\"call-to-action_link\" title=\"En savoir plus sur die dienste\"><div class=\"call-to-action_image\"><img decoding=\"async\" src=\"https:\/\/www.campingdelileverte.com\/wp-content\/uploads\/2021\/11\/camping-avec-sanitaires-cancale-100x37.jpg\" data-src=\"https:\/\/www.campingdelileverte.com\/wp-content\/uploads\/2021\/11\/camping-avec-sanitaires-cancale.jpg\" alt=\"camping avec  -cancale\" class=\"big\" \/><\/div><div class=\"call-to-action_contenu\"><div class=\"call-to-action_titre\">Die Dienste<\/div><\/div><\/a><\/li><li class=\"element call-to-action carre call-to-action--style-1 call-to-action--big call-to-action--style-1 call-to-action--big\"><a href=\"https:\/\/www.campingdelileverte.com\/de\/chalets-und-bungalows\/\"  class=\"call-to-action_link\" title=\"En savoir plus sur  chalet und bungalow \"><div class=\"call-to-action_image\"><img decoding=\"async\" src=\"https:\/\/www.campingdelileverte.com\/wp-content\/uploads\/2021\/08\/LODGE-EXTERIEUR-2023-exterieur-100x67.jpg\" data-src=\"https:\/\/www.campingdelileverte.com\/wp-content\/uploads\/2021\/08\/LODGE-EXTERIEUR-2023-exterieur.jpg\" alt=\"\" class=\"big\" \/><\/div><div class=\"call-to-action_contenu\"><div class=\"call-to-action_titre\"> Chalet und Bungalow <\/div><\/div><\/a><\/li><li class=\"element call-to-action carre call-to-action--style-1 call-to-action--big call-to-action--style-1 call-to-action--big call-to-action--style-1 call-to-action--big\"><a href=\"https:\/\/www.campingdelileverte.com\/de\/vermietung-mobilheim-saint-malo\/\"  class=\"call-to-action_link\" title=\"En savoir plus sur mobilheim\"><div class=\"call-to-action_image\"><img decoding=\"async\" src=\"https:\/\/www.campingdelileverte.com\/wp-content\/uploads\/2021\/11\/camping-location-mobil-home-spa-privatif-saint-benoit-des-ondes-100x37.jpg\" data-src=\"https:\/\/www.campingdelileverte.com\/wp-content\/uploads\/2021\/11\/camping-location-mobil-home-spa-privatif-saint-benoit-des-ondes.jpg\" alt=\"camping-location-mobil-home spa privatif saint benoit des ondes\" class=\"big\" \/><\/div><div class=\"call-to-action_contenu\"><div class=\"call-to-action_titre\">Mobilheim<\/div><\/div><\/a><\/li><\/ul><\/div><\/section>","protected":false},"excerpt":{"rendered":"","protected":false},"author":1,"featured_media":9004,"parent":0,"menu_order":0,"comment_status":"closed","ping_status":"closed","template":"","meta":{"_acf_changed":false,"footnotes":""},"class_list":["post-9002","page","type-page","status-publish","has-post-thumbnail","hentry"],"acf":[],"yoast_head":"<!-- This site is optimized with the Yoast SEO plugin v25.3 - https:\/\/yoast.com\/wordpress\/plugins\/seo\/ -->\n<title>Die Stellpl\u00e4tze - Campingplatz N\u00f6rdliche Bretagne<\/title>\n<meta name=\"robots\" content=\"index, follow, max-snippet:-1, max-image-preview:large, max-video-preview:-1\" \/>\n<link rel=\"canonical\" href=\"https:\/\/www.campingdelileverte.com\/de\/die-stellplatze\/\" \/>\n<meta property=\"og:locale\" content=\"de_DE\" \/>\n<meta property=\"og:type\" content=\"article\" \/>\n<meta property=\"og:title\" content=\"Die Stellpl\u00e4tze - Campingplatz N\u00f6rdliche Bretagne\" \/>\n<meta property=\"og:url\" content=\"https:\/\/www.campingdelileverte.com\/de\/die-stellplatze\/\" \/>\n<meta property=\"og:site_name\" content=\"Camping Ile Verte\" \/>\n<meta property=\"article:modified_time\" content=\"2021-12-16T10:17:33+00:00\" \/>\n<meta property=\"og:image\" content=\"https:\/\/www.campingdelileverte.com\/wp-content\/uploads\/2021\/10\/camping-location-emplacement-caravaning-saint-malo.jpg\" \/>\n\t<meta property=\"og:image:width\" content=\"1900\" \/>\n\t<meta property=\"og:image:height\" content=\"700\" \/>\n\t<meta property=\"og:image:type\" content=\"image\/jpeg\" \/>\n<meta name=\"twitter:card\" content=\"summary_large_image\" \/>\n<script type=\"application\/ld+json\" class=\"yoast-schema-graph\">{\"@context\":\"https:\/\/schema.org\",\"@graph\":[{\"@type\":\"WebPage\",\"@id\":\"https:\/\/www.campingdelileverte.com\/de\/die-stellplatze\/\",\"url\":\"https:\/\/www.campingdelileverte.com\/de\/die-stellplatze\/\",\"name\":\"Die Stellpl\u00e4tze - Campingplatz N\u00f6rdliche Bretagne\",\"isPartOf\":{\"@id\":\"https:\/\/www.campingdelileverte.com\/de\/#website\"},\"primaryImageOfPage\":{\"@id\":\"https:\/\/www.campingdelileverte.com\/de\/die-stellplatze\/#primaryimage\"},\"image\":{\"@id\":\"https:\/\/www.campingdelileverte.com\/de\/die-stellplatze\/#primaryimage\"},\"thumbnailUrl\":\"https:\/\/www.campingdelileverte.com\/wp-content\/uploads\/2021\/10\/camping-location-emplacement-caravaning-saint-malo.jpg\",\"datePublished\":\"2021-08-12T12:50:57+00:00\",\"dateModified\":\"2021-12-16T10:17:33+00:00\",\"breadcrumb\":{\"@id\":\"https:\/\/www.campingdelileverte.com\/de\/die-stellplatze\/#breadcrumb\"},\"inLanguage\":\"de\",\"potentialAction\":[{\"@type\":\"ReadAction\",\"target\":[\"https:\/\/www.campingdelileverte.com\/de\/die-stellplatze\/\"]}]},{\"@type\":\"ImageObject\",\"inLanguage\":\"de\",\"@id\":\"https:\/\/www.campingdelileverte.com\/de\/die-stellplatze\/#primaryimage\",\"url\":\"https:\/\/www.campingdelileverte.com\/wp-content\/uploads\/2021\/10\/camping-location-emplacement-caravaning-saint-malo.jpg\",\"contentUrl\":\"https:\/\/www.campingdelileverte.com\/wp-content\/uploads\/2021\/10\/camping-location-emplacement-caravaning-saint-malo.jpg\",\"width\":1900,\"height\":700,\"caption\":\"camping location emplacement caravaning saint malo\"},{\"@type\":\"BreadcrumbList\",\"@id\":\"https:\/\/www.campingdelileverte.com\/de\/die-stellplatze\/#breadcrumb\",\"itemListElement\":[{\"@type\":\"ListItem\",\"position\":1,\"name\":\"Camping Saint Malo\",\"item\":\"https:\/\/www.campingdelileverte.com\/de\/\"},{\"@type\":\"ListItem\",\"position\":2,\"name\":\"Die Stellpl\u00e4tze\"}]},{\"@type\":\"WebSite\",\"@id\":\"https:\/\/www.campingdelileverte.com\/de\/#website\",\"url\":\"https:\/\/www.campingdelileverte.com\/de\/\",\"name\":\"Camping Ile Verte\",\"description\":\"\",\"publisher\":{\"@id\":\"https:\/\/www.campingdelileverte.com\/de\/#organization\"},\"potentialAction\":[{\"@type\":\"SearchAction\",\"target\":{\"@type\":\"EntryPoint\",\"urlTemplate\":\"https:\/\/www.campingdelileverte.com\/de\/?s={search_term_string}\"},\"query-input\":{\"@type\":\"PropertyValueSpecification\",\"valueRequired\":true,\"valueName\":\"search_term_string\"}}],\"inLanguage\":\"de\"},{\"@type\":\"Organization\",\"@id\":\"https:\/\/www.campingdelileverte.com\/de\/#organization\",\"name\":\"Camping Ile Verte\",\"url\":\"https:\/\/www.campingdelileverte.com\/de\/\",\"logo\":{\"@type\":\"ImageObject\",\"inLanguage\":\"de\",\"@id\":\"https:\/\/www.campingdelileverte.com\/de\/#\/schema\/logo\/image\/\",\"url\":\"https:\/\/www.campingdelileverte.com\/wp-content\/uploads\/2021\/08\/camping-saint-malo.png\",\"contentUrl\":\"https:\/\/www.campingdelileverte.com\/wp-content\/uploads\/2021\/08\/camping-saint-malo.png\",\"width\":370,\"height\":264,\"caption\":\"Camping Ile Verte\"},\"image\":{\"@id\":\"https:\/\/www.campingdelileverte.com\/de\/#\/schema\/logo\/image\/\"}}]}<\/script>\n<!-- \/ Yoast SEO plugin. -->","yoast_head_json":{"title":"Die Stellpl\u00e4tze - Campingplatz N\u00f6rdliche Bretagne","robots":{"index":"index","follow":"follow","max-snippet":"max-snippet:-1","max-image-preview":"max-image-preview:large","max-video-preview":"max-video-preview:-1"},"canonical":"https:\/\/www.campingdelileverte.com\/de\/die-stellplatze\/","og_locale":"de_DE","og_type":"article","og_title":"Die Stellpl\u00e4tze - Campingplatz N\u00f6rdliche Bretagne","og_url":"https:\/\/www.campingdelileverte.com\/de\/die-stellplatze\/","og_site_name":"Camping Ile Verte","article_modified_time":"2021-12-16T10:17:33+00:00","og_image":[{"width":1900,"height":700,"url":"https:\/\/www.campingdelileverte.com\/wp-content\/uploads\/2021\/10\/camping-location-emplacement-caravaning-saint-malo.jpg","type":"image\/jpeg"}],"twitter_card":"summary_large_image","schema":{"@context":"https:\/\/schema.org","@graph":[{"@type":"WebPage","@id":"https:\/\/www.campingdelileverte.com\/de\/die-stellplatze\/","url":"https:\/\/www.campingdelileverte.com\/de\/die-stellplatze\/","name":"Die Stellpl\u00e4tze - Campingplatz N\u00f6rdliche Bretagne","isPartOf":{"@id":"https:\/\/www.campingdelileverte.com\/de\/#website"},"primaryImageOfPage":{"@id":"https:\/\/www.campingdelileverte.com\/de\/die-stellplatze\/#primaryimage"},"image":{"@id":"https:\/\/www.campingdelileverte.com\/de\/die-stellplatze\/#primaryimage"},"thumbnailUrl":"https:\/\/www.campingdelileverte.com\/wp-content\/uploads\/2021\/10\/camping-location-emplacement-caravaning-saint-malo.jpg","datePublished":"2021-08-12T12:50:57+00:00","dateModified":"2021-12-16T10:17:33+00:00","breadcrumb":{"@id":"https:\/\/www.campingdelileverte.com\/de\/die-stellplatze\/#breadcrumb"},"inLanguage":"de","potentialAction":[{"@type":"ReadAction","target":["https:\/\/www.campingdelileverte.com\/de\/die-stellplatze\/"]}]},{"@type":"ImageObject","inLanguage":"de","@id":"https:\/\/www.campingdelileverte.com\/de\/die-stellplatze\/#primaryimage","url":"https:\/\/www.campingdelileverte.com\/wp-content\/uploads\/2021\/10\/camping-location-emplacement-caravaning-saint-malo.jpg","contentUrl":"https:\/\/www.campingdelileverte.com\/wp-content\/uploads\/2021\/10\/camping-location-emplacement-caravaning-saint-malo.jpg","width":1900,"height":700,"caption":"camping location emplacement caravaning saint malo"},{"@type":"BreadcrumbList","@id":"https:\/\/www.campingdelileverte.com\/de\/die-stellplatze\/#breadcrumb","itemListElement":[{"@type":"ListItem","position":1,"name":"Camping Saint Malo","item":"https:\/\/www.campingdelileverte.com\/de\/"},{"@type":"ListItem","position":2,"name":"Die Stellpl\u00e4tze"}]},{"@type":"WebSite","@id":"https:\/\/www.campingdelileverte.com\/de\/#website","url":"https:\/\/www.campingdelileverte.com\/de\/","name":"Camping Ile Verte","description":"","publisher":{"@id":"https:\/\/www.campingdelileverte.com\/de\/#organization"},"potentialAction":[{"@type":"SearchAction","target":{"@type":"EntryPoint","urlTemplate":"https:\/\/www.campingdelileverte.com\/de\/?s={search_term_string}"},"query-input":{"@type":"PropertyValueSpecification","valueRequired":true,"valueName":"search_term_string"}}],"inLanguage":"de"},{"@type":"Organization","@id":"https:\/\/www.campingdelileverte.com\/de\/#organization","name":"Camping Ile Verte","url":"https:\/\/www.campingdelileverte.com\/de\/","logo":{"@type":"ImageObject","inLanguage":"de","@id":"https:\/\/www.campingdelileverte.com\/de\/#\/schema\/logo\/image\/","url":"https:\/\/www.campingdelileverte.com\/wp-content\/uploads\/2021\/08\/camping-saint-malo.png","contentUrl":"https:\/\/www.campingdelileverte.com\/wp-content\/uploads\/2021\/08\/camping-saint-malo.png","width":370,"height":264,"caption":"Camping Ile Verte"},"image":{"@id":"https:\/\/www.campingdelileverte.com\/de\/#\/schema\/logo\/image\/"}}]}},"_links":{"self":[{"href":"https:\/\/www.campingdelileverte.com\/de\/wp-json\/wp\/v2\/pages\/9002","targetHints":{"allow":["GET"]}}],"collection":[{"href":"https:\/\/www.campingdelileverte.com\/de\/wp-json\/wp\/v2\/pages"}],"about":[{"href":"https:\/\/www.campingdelileverte.com\/de\/wp-json\/wp\/v2\/types\/page"}],"author":[{"embeddable":true,"href":"https:\/\/www.campingdelileverte.com\/de\/wp-json\/wp\/v2\/users\/1"}],"replies":[{"embeddable":true,"href":"https:\/\/www.campingdelileverte.com\/de\/wp-json\/wp\/v2\/comments?post=9002"}],"version-history":[{"count":6,"href":"https:\/\/www.campingdelileverte.com\/de\/wp-json\/wp\/v2\/pages\/9002\/revisions"}],"predecessor-version":[{"id":9127,"href":"https:\/\/www.campingdelileverte.com\/de\/wp-json\/wp\/v2\/pages\/9002\/revisions\/9127"}],"wp:featuredmedia":[{"embeddable":true,"href":"https:\/\/www.campingdelileverte.com\/de\/wp-json\/wp\/v2\/media\/9004"}],"wp:attachment":[{"href":"https:\/\/www.campingdelileverte.com\/de\/wp-json\/wp\/v2\/media?parent=9002"}],"curies":[{"name":"wp","href":"https:\/\/api.w.org\/{rel}","templated":true}]}}