{"id":9051,"date":"2021-09-30T10:42:49","date_gmt":"2021-09-30T08:42:49","guid":{"rendered":"https:\/\/www.campingdelileverte.com\/chalets-und-bungalows\/louer-ecolodge-totem\/"},"modified":"2021-12-20T16:15:50","modified_gmt":"2021-12-20T15:15:50","slug":"okologe-totem","status":"publish","type":"page","link":"https:\/\/www.campingdelileverte.com\/de\/chalets-und-bungalows\/okologe-totem\/","title":{"rendered":"Ecolodge Totem"},"content":{"rendered":"<section id=\"section-61557c0e7554a\"\" class=\"section bg-white\" \/><div class=\"container\"><h1 class=\"element section-title center color4\">\u00d6kologe Totem<\/h1><\/div><\/section>\n\n<section id=\"section-6156f8f944b50\"\" class=\"section bg-white p-t-0 p-b-0\" \/><div class=\"container\"><div class=\"element bloc-text\">\n\t<script>\r\n    window.ctoutvert = {\r\n\t\tid: 5223, \r\n\t\tlang: 'auto', \r\n\t\turl: 'https:\/\/bookingpremium.secureholiday.net\/widgets\/'\r\n    };\r\n\r\n    (function (w, d, s, ctv, r, js, fjs) {\r\n        r=new XMLHttpRequest();r.open('GET',w[ctv].url+'js\/src.json');\r\n        r.responseType='json';r.json=true;r.send();\r\n        r.onload=function(){w[ctv].src=r.responseType=='json'?r.response:JSON.parse(r.response);\r\n        js.src=w[ctv].src[0];fjs.parentNode.insertBefore(js, fjs);}\r\n        js=d.createElement(s),fjs=d.getElementsByTagName(s)[0];\r\n        js.id='ctvwidget';js.async=1;\r\n    }(window, document, 'script', 'ctoutvert'));\r\n<\/script>\r\n<ctv-product data-product-id='52255' data-full='true' ><\/ctv-product><\/div><\/div><\/section>\n\n<section id=\"section-61557c0e7647b\"\" class=\"section bg-white p-t-0\" \/><div class=\"container extralarge\"><div class=\"element bloc-text left \">\n\t<p>M\u00f6chten Sie in der Bucht von Mont-Saint-Michel campen? Sie sind Wanderer auf dem GR34 zwischen Mont Saint Michel und Saint Malo? Sie sind nicht mit der notwendigen Ausr\u00fcstung ausgestattet, wo Sie mit Ihren 3 Kindern keinen Platz im Auto haben? das Totem ist f\u00fcr dich! Dieser Bungalow kombiniert Holz und Leinwand und wird Sie mit seiner auf Stelzen stehenden H\u00fctte und seiner sehr bewaldeten Umgebung verf\u00fchren.<br \/>\nSehr praktisch, diese Ecolodge besteht aus 3 Zimmern: ein Wohnzimmer mit einer K\u00fcche mit einem K\u00fchlschrank oben, ein Herd mit zwei Brennern, eine Mikrowelle, eine Kaffeemaschine und Geschirr f\u00fcr 6 Personen \u2013 ein Zimmer mit einem Bett von 140 \u00d7 190 cm \u2013 ein Zimmer mit zwei Etagenbetten von 80 \u00d7 190 cm und einem Einzelbett von 80 \u00d7 190. Bettdecken und Kissen werden vom Campingplatz zur Verf\u00fcgung gestellt, aber keine Bettw\u00e4sche.<br \/>\nDie Toiletten und Duschen befinden sich in den gemeinschaftlichen Toiletten des Campingplatzes. Kein Wasser auf der Website.<br \/>\nBarbecue ist auf Ihrer Website erlaubt.<br \/>\nTiere werden an der Leine und gegen Vorlage des Impfbuchs angenommen (Zuschlag 3 Euro pro Tag oder 20 Euro pro Woche).<br \/>\nSo warten wir auf Sie, buchen Sie jetzt diesen Bungalow f\u00fcr 4 oder 5 Personen auf dem 4-Sterne-Campingplatz von Ile Verte in Saint-Malo in der Bretagne!<\/p>\n<\/div><div class=\"element section-title center color2 m-t-5 titre-cta\">Unsere anderen Chalets zu mieten Saint Malo<\/div><div class=\"element bloc-text left \">\n\t<p>Sehe auch :<\/p>\n<ul>\n<li><a href=\"https:\/\/www.campingdelileverte.com\/de\/vermietung-mobilheim-saint-malo\/\">Mobil-home Saint Malo<\/a><\/li>\n<li><a href=\"https:\/\/www.campingdelileverte.com\/de\/chalets-und-bungalows\/\">Vermietung Chalets Saint Malo<\/a><\/li>\n<\/ul>\n<\/div><\/div><\/section>\n\n<section id=\"section-61557c0e76f96\"\" class=\"section bg-white\" \/><div class=\"container extralarge\"><div class=\"element section-title center titre-cta\">Entdecken Sie unsere Unterk\u00fcnfte<\/div><ul class=\"liste-de-page\"><li class=\"element call-to-action carre call-to-action--style-1 call-to-action--big\"><a href=\"https:\/\/www.campingdelileverte.com\/de\/tarife-und-reservierung\/\"  class=\"call-to-action_link\" title=\"En savoir plus sur tarife und reservierung\"><div class=\"call-to-action_image\"><img decoding=\"async\" src=\"https:\/\/www.campingdelileverte.com\/wp-content\/uploads\/2021\/11\/camping-pas-cher-saint-benoit-des-ondes-100x37.jpg\" data-src=\"https:\/\/www.campingdelileverte.com\/wp-content\/uploads\/2021\/11\/camping-pas-cher-saint-benoit-des-ondes.jpg\" alt=\"camping pas cher saint benoit des ondes\" class=\"big\" \/><\/div><div class=\"call-to-action_contenu\"><div class=\"call-to-action_titre\">Tarife und Reservierung<\/div><\/div><\/a><\/li><li class=\"element call-to-action carre call-to-action--style-1 call-to-action--big call-to-action--style-1 call-to-action--big\"><a href=\"https:\/\/www.campingdelileverte.com\/de\/chalets-und-bungalows\/okologe-sahari\/\"  class=\"call-to-action_link\" title=\"En savoir plus sur \u00d6kolodge sahari\"><div class=\"call-to-action_image\"><img decoding=\"async\" src=\"https:\/\/www.campingdelileverte.com\/wp-content\/uploads\/2021\/09\/camping-location-ecolodge-cancale-100x37.jpg\" data-src=\"https:\/\/www.campingdelileverte.com\/wp-content\/uploads\/2021\/09\/camping-location-ecolodge-cancale.jpg\" alt=\"camping location ecolodge cancale\" class=\"big\" \/><\/div><div class=\"call-to-action_contenu\"><div class=\"call-to-action_titre\">\u00d6kolodge Sahari<\/div><\/div><\/a><\/li><\/ul><\/div><\/section>","protected":false},"excerpt":{"rendered":"","protected":false},"author":1,"featured_media":9042,"parent":9024,"menu_order":0,"comment_status":"closed","ping_status":"closed","template":"","meta":{"_acf_changed":false,"footnotes":""},"class_list":["post-9051","page","type-page","status-publish","has-post-thumbnail","hentry"],"acf":[],"yoast_head":"<!-- This site is optimized with the Yoast SEO plugin v25.3 - https:\/\/yoast.com\/wordpress\/plugins\/seo\/ -->\n<title>Okologe Totem - Vermeietung Mobilheim Saint Malo<\/title>\n<meta name=\"robots\" content=\"index, follow, max-snippet:-1, max-image-preview:large, max-video-preview:-1\" \/>\n<link rel=\"canonical\" href=\"https:\/\/www.campingdelileverte.com\/de\/chalets-und-bungalows\/okologe-totem\/\" \/>\n<meta property=\"og:locale\" content=\"de_DE\" \/>\n<meta property=\"og:type\" content=\"article\" \/>\n<meta property=\"og:title\" content=\"Okologe Totem - Vermeietung Mobilheim Saint Malo\" \/>\n<meta property=\"og:url\" content=\"https:\/\/www.campingdelileverte.com\/de\/chalets-und-bungalows\/okologe-totem\/\" \/>\n<meta property=\"og:site_name\" content=\"Camping Ile Verte\" \/>\n<meta property=\"article:modified_time\" content=\"2021-12-20T15:15:50+00:00\" \/>\n<meta property=\"og:image\" content=\"https:\/\/www.campingdelileverte.com\/wp-content\/uploads\/2021\/09\/camping-location-ecolodge-cancale.jpg\" \/>\n\t<meta property=\"og:image:width\" content=\"1900\" \/>\n\t<meta property=\"og:image:height\" content=\"700\" \/>\n\t<meta property=\"og:image:type\" content=\"image\/jpeg\" \/>\n<meta name=\"twitter:card\" content=\"summary_large_image\" \/>\n<script type=\"application\/ld+json\" class=\"yoast-schema-graph\">{\"@context\":\"https:\/\/schema.org\",\"@graph\":[{\"@type\":\"WebPage\",\"@id\":\"https:\/\/www.campingdelileverte.com\/de\/chalets-und-bungalows\/okologe-totem\/\",\"url\":\"https:\/\/www.campingdelileverte.com\/de\/chalets-und-bungalows\/okologe-totem\/\",\"name\":\"Okologe Totem - Vermeietung Mobilheim Saint Malo\",\"isPartOf\":{\"@id\":\"https:\/\/www.campingdelileverte.com\/de\/#website\"},\"primaryImageOfPage\":{\"@id\":\"https:\/\/www.campingdelileverte.com\/de\/chalets-und-bungalows\/okologe-totem\/#primaryimage\"},\"image\":{\"@id\":\"https:\/\/www.campingdelileverte.com\/de\/chalets-und-bungalows\/okologe-totem\/#primaryimage\"},\"thumbnailUrl\":\"https:\/\/www.campingdelileverte.com\/wp-content\/uploads\/2021\/09\/camping-location-ecolodge-cancale.jpg\",\"datePublished\":\"2021-09-30T08:42:49+00:00\",\"dateModified\":\"2021-12-20T15:15:50+00:00\",\"breadcrumb\":{\"@id\":\"https:\/\/www.campingdelileverte.com\/de\/chalets-und-bungalows\/okologe-totem\/#breadcrumb\"},\"inLanguage\":\"de\",\"potentialAction\":[{\"@type\":\"ReadAction\",\"target\":[\"https:\/\/www.campingdelileverte.com\/de\/chalets-und-bungalows\/okologe-totem\/\"]}]},{\"@type\":\"ImageObject\",\"inLanguage\":\"de\",\"@id\":\"https:\/\/www.campingdelileverte.com\/de\/chalets-und-bungalows\/okologe-totem\/#primaryimage\",\"url\":\"https:\/\/www.campingdelileverte.com\/wp-content\/uploads\/2021\/09\/camping-location-ecolodge-cancale.jpg\",\"contentUrl\":\"https:\/\/www.campingdelileverte.com\/wp-content\/uploads\/2021\/09\/camping-location-ecolodge-cancale.jpg\",\"width\":1900,\"height\":700,\"caption\":\"camping location ecolodge cancale\"},{\"@type\":\"BreadcrumbList\",\"@id\":\"https:\/\/www.campingdelileverte.com\/de\/chalets-und-bungalows\/okologe-totem\/#breadcrumb\",\"itemListElement\":[{\"@type\":\"ListItem\",\"position\":1,\"name\":\"Camping Saint Malo\",\"item\":\"https:\/\/www.campingdelileverte.com\/de\/\"},{\"@type\":\"ListItem\",\"position\":2,\"name\":\"Chalets und bungalows\",\"item\":\"https:\/\/www.campingdelileverte.com\/de\/chalets-und-bungalows\/\"},{\"@type\":\"ListItem\",\"position\":3,\"name\":\"\u00d6kologe Totem\"}]},{\"@type\":\"WebSite\",\"@id\":\"https:\/\/www.campingdelileverte.com\/de\/#website\",\"url\":\"https:\/\/www.campingdelileverte.com\/de\/\",\"name\":\"Camping Ile Verte\",\"description\":\"\",\"publisher\":{\"@id\":\"https:\/\/www.campingdelileverte.com\/de\/#organization\"},\"potentialAction\":[{\"@type\":\"SearchAction\",\"target\":{\"@type\":\"EntryPoint\",\"urlTemplate\":\"https:\/\/www.campingdelileverte.com\/de\/?s={search_term_string}\"},\"query-input\":{\"@type\":\"PropertyValueSpecification\",\"valueRequired\":true,\"valueName\":\"search_term_string\"}}],\"inLanguage\":\"de\"},{\"@type\":\"Organization\",\"@id\":\"https:\/\/www.campingdelileverte.com\/de\/#organization\",\"name\":\"Camping Ile Verte\",\"url\":\"https:\/\/www.campingdelileverte.com\/de\/\",\"logo\":{\"@type\":\"ImageObject\",\"inLanguage\":\"de\",\"@id\":\"https:\/\/www.campingdelileverte.com\/de\/#\/schema\/logo\/image\/\",\"url\":\"https:\/\/www.campingdelileverte.com\/wp-content\/uploads\/2021\/08\/camping-saint-malo.png\",\"contentUrl\":\"https:\/\/www.campingdelileverte.com\/wp-content\/uploads\/2021\/08\/camping-saint-malo.png\",\"width\":370,\"height\":264,\"caption\":\"Camping Ile Verte\"},\"image\":{\"@id\":\"https:\/\/www.campingdelileverte.com\/de\/#\/schema\/logo\/image\/\"}}]}<\/script>\n<!-- \/ Yoast SEO plugin. -->","yoast_head_json":{"title":"Okologe Totem - Vermeietung Mobilheim Saint Malo","robots":{"index":"index","follow":"follow","max-snippet":"max-snippet:-1","max-image-preview":"max-image-preview:large","max-video-preview":"max-video-preview:-1"},"canonical":"https:\/\/www.campingdelileverte.com\/de\/chalets-und-bungalows\/okologe-totem\/","og_locale":"de_DE","og_type":"article","og_title":"Okologe Totem - Vermeietung Mobilheim Saint Malo","og_url":"https:\/\/www.campingdelileverte.com\/de\/chalets-und-bungalows\/okologe-totem\/","og_site_name":"Camping Ile Verte","article_modified_time":"2021-12-20T15:15:50+00:00","og_image":[{"width":1900,"height":700,"url":"https:\/\/www.campingdelileverte.com\/wp-content\/uploads\/2021\/09\/camping-location-ecolodge-cancale.jpg","type":"image\/jpeg"}],"twitter_card":"summary_large_image","schema":{"@context":"https:\/\/schema.org","@graph":[{"@type":"WebPage","@id":"https:\/\/www.campingdelileverte.com\/de\/chalets-und-bungalows\/okologe-totem\/","url":"https:\/\/www.campingdelileverte.com\/de\/chalets-und-bungalows\/okologe-totem\/","name":"Okologe Totem - Vermeietung Mobilheim Saint Malo","isPartOf":{"@id":"https:\/\/www.campingdelileverte.com\/de\/#website"},"primaryImageOfPage":{"@id":"https:\/\/www.campingdelileverte.com\/de\/chalets-und-bungalows\/okologe-totem\/#primaryimage"},"image":{"@id":"https:\/\/www.campingdelileverte.com\/de\/chalets-und-bungalows\/okologe-totem\/#primaryimage"},"thumbnailUrl":"https:\/\/www.campingdelileverte.com\/wp-content\/uploads\/2021\/09\/camping-location-ecolodge-cancale.jpg","datePublished":"2021-09-30T08:42:49+00:00","dateModified":"2021-12-20T15:15:50+00:00","breadcrumb":{"@id":"https:\/\/www.campingdelileverte.com\/de\/chalets-und-bungalows\/okologe-totem\/#breadcrumb"},"inLanguage":"de","potentialAction":[{"@type":"ReadAction","target":["https:\/\/www.campingdelileverte.com\/de\/chalets-und-bungalows\/okologe-totem\/"]}]},{"@type":"ImageObject","inLanguage":"de","@id":"https:\/\/www.campingdelileverte.com\/de\/chalets-und-bungalows\/okologe-totem\/#primaryimage","url":"https:\/\/www.campingdelileverte.com\/wp-content\/uploads\/2021\/09\/camping-location-ecolodge-cancale.jpg","contentUrl":"https:\/\/www.campingdelileverte.com\/wp-content\/uploads\/2021\/09\/camping-location-ecolodge-cancale.jpg","width":1900,"height":700,"caption":"camping location ecolodge cancale"},{"@type":"BreadcrumbList","@id":"https:\/\/www.campingdelileverte.com\/de\/chalets-und-bungalows\/okologe-totem\/#breadcrumb","itemListElement":[{"@type":"ListItem","position":1,"name":"Camping Saint Malo","item":"https:\/\/www.campingdelileverte.com\/de\/"},{"@type":"ListItem","position":2,"name":"Chalets und bungalows","item":"https:\/\/www.campingdelileverte.com\/de\/chalets-und-bungalows\/"},{"@type":"ListItem","position":3,"name":"\u00d6kologe Totem"}]},{"@type":"WebSite","@id":"https:\/\/www.campingdelileverte.com\/de\/#website","url":"https:\/\/www.campingdelileverte.com\/de\/","name":"Camping Ile Verte","description":"","publisher":{"@id":"https:\/\/www.campingdelileverte.com\/de\/#organization"},"potentialAction":[{"@type":"SearchAction","target":{"@type":"EntryPoint","urlTemplate":"https:\/\/www.campingdelileverte.com\/de\/?s={search_term_string}"},"query-input":{"@type":"PropertyValueSpecification","valueRequired":true,"valueName":"search_term_string"}}],"inLanguage":"de"},{"@type":"Organization","@id":"https:\/\/www.campingdelileverte.com\/de\/#organization","name":"Camping Ile Verte","url":"https:\/\/www.campingdelileverte.com\/de\/","logo":{"@type":"ImageObject","inLanguage":"de","@id":"https:\/\/www.campingdelileverte.com\/de\/#\/schema\/logo\/image\/","url":"https:\/\/www.campingdelileverte.com\/wp-content\/uploads\/2021\/08\/camping-saint-malo.png","contentUrl":"https:\/\/www.campingdelileverte.com\/wp-content\/uploads\/2021\/08\/camping-saint-malo.png","width":370,"height":264,"caption":"Camping Ile Verte"},"image":{"@id":"https:\/\/www.campingdelileverte.com\/de\/#\/schema\/logo\/image\/"}}]}},"_links":{"self":[{"href":"https:\/\/www.campingdelileverte.com\/de\/wp-json\/wp\/v2\/pages\/9051","targetHints":{"allow":["GET"]}}],"collection":[{"href":"https:\/\/www.campingdelileverte.com\/de\/wp-json\/wp\/v2\/pages"}],"about":[{"href":"https:\/\/www.campingdelileverte.com\/de\/wp-json\/wp\/v2\/types\/page"}],"author":[{"embeddable":true,"href":"https:\/\/www.campingdelileverte.com\/de\/wp-json\/wp\/v2\/users\/1"}],"replies":[{"embeddable":true,"href":"https:\/\/www.campingdelileverte.com\/de\/wp-json\/wp\/v2\/comments?post=9051"}],"version-history":[{"count":6,"href":"https:\/\/www.campingdelileverte.com\/de\/wp-json\/wp\/v2\/pages\/9051\/revisions"}],"predecessor-version":[{"id":9509,"href":"https:\/\/www.campingdelileverte.com\/de\/wp-json\/wp\/v2\/pages\/9051\/revisions\/9509"}],"up":[{"embeddable":true,"href":"https:\/\/www.campingdelileverte.com\/de\/wp-json\/wp\/v2\/pages\/9024"}],"wp:featuredmedia":[{"embeddable":true,"href":"https:\/\/www.campingdelileverte.com\/de\/wp-json\/wp\/v2\/media\/9042"}],"wp:attachment":[{"href":"https:\/\/www.campingdelileverte.com\/de\/wp-json\/wp\/v2\/media?parent=9051"}],"curies":[{"name":"wp","href":"https:\/\/api.w.org\/{rel}","templated":true}]}}