{"id":9056,"date":"2021-09-28T13:55:42","date_gmt":"2021-09-28T11:55:42","guid":{"rendered":"https:\/\/www.campingdelileverte.com\/vermietung-mobilheim-saint-malo\/mobil-homes-2-zimmer\/louer-mobil-home-confort\/"},"modified":"2021-12-20T16:20:34","modified_gmt":"2021-12-20T15:20:34","slug":"mobil-home-2-bedrooms-comfort","status":"publish","type":"page","link":"https:\/\/www.campingdelileverte.com\/de\/vermietung-mobilheim-saint-malo\/mobil-homes-2-zimmer\/mobil-home-2-bedrooms-comfort\/","title":{"rendered":"MH confort"},"content":{"rendered":"<section id=\"section-61530cfb4fbd1\"\" class=\"section bg-white\" \/><div class=\"container extralarge\"><h1 class=\"element section-title center color4\">Mobil Home 2 bedrooms comfort<\/h1><\/div><\/section>\n\n<section id=\"section-61530cfb4fe58\"\" class=\"section bg-white p-b-0\" \/><div class=\"container extralarge\"><ul class=\"liste-de-page hebergements\"><div class=\"row\"><li class=\"element hebergement call-to-action call-to-action--style-2  nombre-de-chambres-2 nombre-de-personnes-4 superficie-24\"><div class=\"hebergement_link\" id=\"7755\"><div class=\"call-to-action_image\"><img decoding=\"async\" src=\"https:\/\/www.campingdelileverte.com\/wp-content\/uploads\/2021\/08\/grand-confort.png\" data-src=\"https:\/\/www.campingdelileverte.com\/wp-content\/uploads\/2021\/08\/grand-confort.png\" alt=\"\" class=\"\" \/><\/div><div class=\"call-to-action_contenu\"><div class=\"call-to-action_titre\">Mobilheim 2 Zi GRAND CONFORT 2020<\/div><\/div><div class=\"hebergement-attributs\"><span class=\"attribut nombre-de-chambres\">2 <\/span><span class=\"attribut nombre-de-personnes\">4 <\/span><span class=\"attribut superficie\">24m\u00b2<\/span><\/div><\/div><\/li><li class=\"element hebergement call-to-action call-to-action--style-2  nombre-de-chambres-2 nombre-de-personnes-4 superficie-24\"><div class=\"hebergement_link\" id=\"7759\"><div class=\"call-to-action_image\"><img decoding=\"async\" src=\"https:\/\/www.campingdelileverte.com\/wp-content\/uploads\/2021\/08\/camping-ille-et-villaine-mobil-home-confort-2-chambres-exterieur.jpg\" data-src=\"https:\/\/www.campingdelileverte.com\/wp-content\/uploads\/2021\/08\/camping-ille-et-villaine-mobil-home-confort-2-chambres-exterieur.jpg\" alt=\"\" class=\"\" \/><\/div><div class=\"call-to-action_contenu\"><div class=\"call-to-action_titre\">Mobilheim 2 Zi. CONFORT<\/div><\/div><div class=\"hebergement-attributs\"><span class=\"attribut nombre-de-chambres\">2 <\/span><span class=\"attribut nombre-de-personnes\">4 <\/span><span class=\"attribut superficie\">24m\u00b2<\/span><\/div><\/div><\/li><li class=\"element hebergement call-to-action call-to-action--style-2  nombre-de-chambres-2 nombre-de-personnes-45 superficie-28\"><div class=\"hebergement_link\" id=\"7764\"><div class=\"call-to-action_image\"><img decoding=\"async\" src=\"https:\/\/www.campingdelileverte.com\/wp-content\/uploads\/2021\/08\/camping-mont-saint-michel-mobil-home-ibiza-confort-2-chambres-exterieur.jpg\" data-src=\"https:\/\/www.campingdelileverte.com\/wp-content\/uploads\/2021\/08\/camping-mont-saint-michel-mobil-home-ibiza-confort-2-chambres-exterieur.jpg\" alt=\"camping mont saint michel mobil home ibiza confort 2 chambres exterieur\" class=\"\" \/><\/div><div class=\"call-to-action_contenu\"><div class=\"call-to-action_titre\">Mobilheim 2 Zi IBIZA CONFORT<\/div><\/div><div class=\"hebergement-attributs\"><span class=\"attribut nombre-de-chambres\">2 <\/span><span class=\"attribut nombre-de-personnes\">4\/5 <\/span><span class=\"attribut superficie\">28m\u00b2<\/span><\/div><\/div><\/li><li class=\"element hebergement call-to-action call-to-action--style-2  nombre-de-chambres-3 nombre-de-personnes-6 superficie-31\"><div class=\"hebergement_link\" id=\"7769\"><div class=\"call-to-action_image\"><img decoding=\"async\" src=\"https:\/\/www.campingdelileverte.com\/wp-content\/uploads\/2021\/08\/camping-saint-malo-mobil-home-confort-3-chambres-exterieur.jpg\" data-src=\"https:\/\/www.campingdelileverte.com\/wp-content\/uploads\/2021\/08\/camping-saint-malo-mobil-home-confort-3-chambres-exterieur.jpg\" alt=\"camping saint malo mobil home confort 3 chambres exterieur\" class=\"\" \/><\/div><div class=\"call-to-action_contenu\"><div class=\"call-to-action_titre\">Mobilheim 3 Zi BERMUDES CONFORT<\/div><\/div><div class=\"hebergement-attributs\"><span class=\"attribut nombre-de-chambres\">3 <\/span><span class=\"attribut nombre-de-personnes\">6 <\/span><span class=\"attribut superficie\">31m\u00b2<\/span><\/div><\/div><\/li><\/div><\/ul><\/div><\/section>\n\n<section id=\"section-61530cfb500ab\"\" class=\"section bg-white\" \/><div class=\"container extralarge\"><div class=\"element bloc-text left \">\n\t<p>Auf dem Campingplatz Green Island bieten wir eine gro\u00dfe Auswahl an Unterk\u00fcnften. Das Comfort Mobilheim mit 2 Schlafzimmern ist ein 2011 oder 2012 Modell mit einer Fl\u00e4che von 24 m\u00b2. Es hat ein Schlafzimmer mit einem Doppelbett und ein Schlafzimmer mit zwei Einzelbetten. Mit einer Kapazit\u00e4t von vier Personen ist dieses Modell ideal f\u00fcr eine Familie mit zwei Kindern oder ein Paar (das Mobilheim Confort profitiert vom Sonderangebotspaar ab 50 \u20ac die Nacht)<br \/>\nEs besteht auch aus einem Badezimmer mit Dusche und Waschbecken, einem separaten WC, einer K\u00fcche mit Mikrowelle, K\u00fchlschrank, Kaffeemaschine, Toaster, ein Wasserkocher, ein 4-Flammen-Herd und Geschirr mit Besteck an die Anzahl der Personen angepasst.<br \/>\nDieses Mobilheim verf\u00fcgt auch \u00fcber eine elektrische Heizung im Wohnzimmer und einen Fernseher. WLAN ist verf\u00fcgbar (Pakete zum Verkauf an der Rezeption). Im Au\u00dfenbereich besteht die halb\u00fcberdachte Terrasse aus einem Gartenm\u00f6beln mit Sonnenschirm. Ein Platz f\u00fcr ein Auto ist auf der Website zur Verf\u00fcgung gestellt. Um gute Zeiten mit Familie oder Freunden zu verbringen, ist das Grillen auf dem Green Island Campingplatz erlaubt.<br \/>\nDie Vermietung dieses Mobilheims ist die perfekte Alternative f\u00fcr einen erholsamen Familienurlaub in unserem 4-Sterne-Campingplatz de l\u2019Ile Vertein Saint-Malo.<br \/>\nBuchen Sie dieses Mobilheim jetzt f\u00fcr Ihren n\u00e4chsten Aufenthalt in der Bretagne<\/p>\n<\/div><div class=\"element section-title left color2 titre-cta\">Andere Mobilheime zu vermieten Saint Malo<\/div><div class=\"element bloc-text justify \">\n\t<p>Sehe auch :<\/p>\n<ul>\n<li><a href=\"https:\/\/www.campingdelileverte.com\/de\/vermietung-mobilheim-saint-malo\/\">Mobil home Saint Malo<\/a><\/li>\n<li><a href=\"https:\/\/www.campingdelileverte.com\/de\/chalets-und-bungalows\/\">Vermietung Mobilheim 2 Zimmer Saint Malo<\/a><\/li>\n<\/ul>\n<\/div><\/div><\/section>\n\n<section id=\"section-61530cfb504d0\"\" class=\"section bg-white\" \/><div class=\"container extralarge\"><div class=\"element section-title center titre-cta\">Unsere anderen Mobilheime zur Vermietung Saint Malo<\/div><ul class=\"liste-de-page\"><li class=\"element call-to-action carre call-to-action--style-1 call-to-action--big\"><a href=\"https:\/\/www.campingdelileverte.com\/de\/tarife-und-reservierung\/\"  class=\"call-to-action_link\" title=\"En savoir plus sur tarife und reservierung\"><div class=\"call-to-action_image\"><img decoding=\"async\" src=\"https:\/\/www.campingdelileverte.com\/wp-content\/uploads\/2021\/11\/camping-pas-cher-saint-benoit-des-ondes-100x37.jpg\" data-src=\"https:\/\/www.campingdelileverte.com\/wp-content\/uploads\/2021\/11\/camping-pas-cher-saint-benoit-des-ondes.jpg\" alt=\"camping pas cher saint benoit des ondes\" class=\"big\" \/><\/div><div class=\"call-to-action_contenu\"><div class=\"call-to-action_titre\">Tarife und Reservierung<\/div><\/div><\/a><\/li><li class=\"element call-to-action carre call-to-action--style-1 call-to-action--big call-to-action--style-1 call-to-action--big\"><a href=\"https:\/\/www.campingdelileverte.com\/de\/vermietung-mobilheim-saint-malo\/\"  class=\"call-to-action_link\" title=\"En savoir plus sur mobilheim\"><div class=\"call-to-action_image\"><img decoding=\"async\" src=\"https:\/\/www.campingdelileverte.com\/wp-content\/uploads\/2021\/11\/camping-location-mobil-home-spa-privatif-saint-benoit-des-ondes-100x37.jpg\" data-src=\"https:\/\/www.campingdelileverte.com\/wp-content\/uploads\/2021\/11\/camping-location-mobil-home-spa-privatif-saint-benoit-des-ondes.jpg\" alt=\"camping-location-mobil-home spa privatif saint benoit des ondes\" class=\"big\" \/><\/div><div class=\"call-to-action_contenu\"><div class=\"call-to-action_titre\">Mobilheim<\/div><\/div><\/a><\/li><li class=\"element call-to-action carre call-to-action--style-1 call-to-action--big call-to-action--style-1 call-to-action--big call-to-action--style-1 call-to-action--big\"><a href=\"https:\/\/www.campingdelileverte.com\/de\/vermietung-mobilheim-saint-malo\/mobil-homes-2-zimmer\/\"  class=\"call-to-action_link\" title=\"En savoir plus sur mobil homes 2 zimmer\"><div class=\"call-to-action_image\"><img decoding=\"async\" src=\"https:\/\/www.campingdelileverte.com\/wp-content\/uploads\/2021\/10\/camping-location-mobil-home-2-chambres-saint-malo-100x37.jpg\" data-src=\"https:\/\/www.campingdelileverte.com\/wp-content\/uploads\/2021\/10\/camping-location-mobil-home-2-chambres-saint-malo.jpg\" alt=\"camping location home 2 chambres saint malo\" class=\"big\" \/><\/div><div class=\"call-to-action_contenu\"><div class=\"call-to-action_titre\">Mobil homes 2 zimmer<\/div><\/div><\/a><\/li><\/ul><\/div><\/section>","protected":false},"excerpt":{"rendered":"","protected":false},"author":1,"featured_media":8337,"parent":8318,"menu_order":0,"comment_status":"closed","ping_status":"closed","template":"","meta":{"_acf_changed":false,"footnotes":""},"class_list":["post-9056","page","type-page","status-publish","has-post-thumbnail","hentry"],"acf":[],"yoast_head":"<!-- This site is optimized with the Yoast SEO plugin v25.3 - https:\/\/yoast.com\/wordpress\/plugins\/seo\/ -->\n<title>Mobil Home 2 bedrooms comfort - Holiday Rentals in Brittany<\/title>\n<meta name=\"robots\" content=\"index, follow, max-snippet:-1, max-image-preview:large, max-video-preview:-1\" \/>\n<link rel=\"canonical\" href=\"https:\/\/www.campingdelileverte.com\/de\/vermietung-mobilheim-saint-malo\/mobil-homes-2-zimmer\/mobil-home-2-bedrooms-comfort\/\" \/>\n<meta property=\"og:locale\" content=\"de_DE\" \/>\n<meta property=\"og:type\" content=\"article\" \/>\n<meta property=\"og:title\" content=\"Mobil Home 2 bedrooms comfort - Holiday Rentals in Brittany\" \/>\n<meta property=\"og:url\" content=\"https:\/\/www.campingdelileverte.com\/de\/vermietung-mobilheim-saint-malo\/mobil-homes-2-zimmer\/mobil-home-2-bedrooms-comfort\/\" \/>\n<meta property=\"og:site_name\" content=\"Camping Ile Verte\" \/>\n<meta property=\"article:modified_time\" content=\"2021-12-20T15:20:34+00:00\" \/>\n<meta property=\"og:image\" content=\"https:\/\/www.campingdelileverte.com\/wp-content\/uploads\/2021\/10\/camping-location-mobil-home-confort-saint-malo.jpg\" \/>\n\t<meta property=\"og:image:width\" content=\"1900\" \/>\n\t<meta property=\"og:image:height\" content=\"700\" \/>\n\t<meta property=\"og:image:type\" content=\"image\/jpeg\" \/>\n<meta name=\"twitter:card\" content=\"summary_large_image\" \/>\n<script type=\"application\/ld+json\" class=\"yoast-schema-graph\">{\"@context\":\"https:\/\/schema.org\",\"@graph\":[{\"@type\":\"WebPage\",\"@id\":\"https:\/\/www.campingdelileverte.com\/de\/vermietung-mobilheim-saint-malo\/mobil-homes-2-zimmer\/mobil-home-2-bedrooms-comfort\/\",\"url\":\"https:\/\/www.campingdelileverte.com\/de\/vermietung-mobilheim-saint-malo\/mobil-homes-2-zimmer\/mobil-home-2-bedrooms-comfort\/\",\"name\":\"Mobil Home 2 bedrooms comfort - Holiday Rentals in Brittany\",\"isPartOf\":{\"@id\":\"https:\/\/www.campingdelileverte.com\/de\/#website\"},\"primaryImageOfPage\":{\"@id\":\"https:\/\/www.campingdelileverte.com\/de\/vermietung-mobilheim-saint-malo\/mobil-homes-2-zimmer\/mobil-home-2-bedrooms-comfort\/#primaryimage\"},\"image\":{\"@id\":\"https:\/\/www.campingdelileverte.com\/de\/vermietung-mobilheim-saint-malo\/mobil-homes-2-zimmer\/mobil-home-2-bedrooms-comfort\/#primaryimage\"},\"thumbnailUrl\":\"https:\/\/www.campingdelileverte.com\/wp-content\/uploads\/2021\/10\/camping-location-mobil-home-confort-saint-malo.jpg\",\"datePublished\":\"2021-09-28T11:55:42+00:00\",\"dateModified\":\"2021-12-20T15:20:34+00:00\",\"breadcrumb\":{\"@id\":\"https:\/\/www.campingdelileverte.com\/de\/vermietung-mobilheim-saint-malo\/mobil-homes-2-zimmer\/mobil-home-2-bedrooms-comfort\/#breadcrumb\"},\"inLanguage\":\"de\",\"potentialAction\":[{\"@type\":\"ReadAction\",\"target\":[\"https:\/\/www.campingdelileverte.com\/de\/vermietung-mobilheim-saint-malo\/mobil-homes-2-zimmer\/mobil-home-2-bedrooms-comfort\/\"]}]},{\"@type\":\"ImageObject\",\"inLanguage\":\"de\",\"@id\":\"https:\/\/www.campingdelileverte.com\/de\/vermietung-mobilheim-saint-malo\/mobil-homes-2-zimmer\/mobil-home-2-bedrooms-comfort\/#primaryimage\",\"url\":\"https:\/\/www.campingdelileverte.com\/wp-content\/uploads\/2021\/10\/camping-location-mobil-home-confort-saint-malo.jpg\",\"contentUrl\":\"https:\/\/www.campingdelileverte.com\/wp-content\/uploads\/2021\/10\/camping-location-mobil-home-confort-saint-malo.jpg\",\"width\":1900,\"height\":700,\"caption\":\"camping location mobil home confort saint malo\"},{\"@type\":\"BreadcrumbList\",\"@id\":\"https:\/\/www.campingdelileverte.com\/de\/vermietung-mobilheim-saint-malo\/mobil-homes-2-zimmer\/mobil-home-2-bedrooms-comfort\/#breadcrumb\",\"itemListElement\":[{\"@type\":\"ListItem\",\"position\":1,\"name\":\"Camping Saint Malo\",\"item\":\"https:\/\/www.campingdelileverte.com\/de\/\"},{\"@type\":\"ListItem\",\"position\":2,\"name\":\"Standort Mobilheim Saint Malo\",\"item\":\"https:\/\/www.campingdelileverte.com\/de\/vermietung-mobilheim-saint-malo\/\"},{\"@type\":\"ListItem\",\"position\":3,\"name\":\"Mobilheim 2 Zimmer Cancale\",\"item\":\"https:\/\/www.campingdelileverte.com\/de\/vermietung-mobilheim-saint-malo\/mobil-homes-2-zimmer\/\"},{\"@type\":\"ListItem\",\"position\":4,\"name\":\"Mobil Home 2 bedrooms comfort\"}]},{\"@type\":\"WebSite\",\"@id\":\"https:\/\/www.campingdelileverte.com\/de\/#website\",\"url\":\"https:\/\/www.campingdelileverte.com\/de\/\",\"name\":\"Camping Ile Verte\",\"description\":\"\",\"publisher\":{\"@id\":\"https:\/\/www.campingdelileverte.com\/de\/#organization\"},\"potentialAction\":[{\"@type\":\"SearchAction\",\"target\":{\"@type\":\"EntryPoint\",\"urlTemplate\":\"https:\/\/www.campingdelileverte.com\/de\/?s={search_term_string}\"},\"query-input\":{\"@type\":\"PropertyValueSpecification\",\"valueRequired\":true,\"valueName\":\"search_term_string\"}}],\"inLanguage\":\"de\"},{\"@type\":\"Organization\",\"@id\":\"https:\/\/www.campingdelileverte.com\/de\/#organization\",\"name\":\"Camping Ile Verte\",\"url\":\"https:\/\/www.campingdelileverte.com\/de\/\",\"logo\":{\"@type\":\"ImageObject\",\"inLanguage\":\"de\",\"@id\":\"https:\/\/www.campingdelileverte.com\/de\/#\/schema\/logo\/image\/\",\"url\":\"https:\/\/www.campingdelileverte.com\/wp-content\/uploads\/2021\/08\/camping-saint-malo.png\",\"contentUrl\":\"https:\/\/www.campingdelileverte.com\/wp-content\/uploads\/2021\/08\/camping-saint-malo.png\",\"width\":370,\"height\":264,\"caption\":\"Camping Ile Verte\"},\"image\":{\"@id\":\"https:\/\/www.campingdelileverte.com\/de\/#\/schema\/logo\/image\/\"}}]}<\/script>\n<!-- \/ Yoast SEO plugin. -->","yoast_head_json":{"title":"Mobil Home 2 bedrooms comfort - Holiday Rentals in Brittany","robots":{"index":"index","follow":"follow","max-snippet":"max-snippet:-1","max-image-preview":"max-image-preview:large","max-video-preview":"max-video-preview:-1"},"canonical":"https:\/\/www.campingdelileverte.com\/de\/vermietung-mobilheim-saint-malo\/mobil-homes-2-zimmer\/mobil-home-2-bedrooms-comfort\/","og_locale":"de_DE","og_type":"article","og_title":"Mobil Home 2 bedrooms comfort - Holiday Rentals in Brittany","og_url":"https:\/\/www.campingdelileverte.com\/de\/vermietung-mobilheim-saint-malo\/mobil-homes-2-zimmer\/mobil-home-2-bedrooms-comfort\/","og_site_name":"Camping Ile Verte","article_modified_time":"2021-12-20T15:20:34+00:00","og_image":[{"width":1900,"height":700,"url":"https:\/\/www.campingdelileverte.com\/wp-content\/uploads\/2021\/10\/camping-location-mobil-home-confort-saint-malo.jpg","type":"image\/jpeg"}],"twitter_card":"summary_large_image","schema":{"@context":"https:\/\/schema.org","@graph":[{"@type":"WebPage","@id":"https:\/\/www.campingdelileverte.com\/de\/vermietung-mobilheim-saint-malo\/mobil-homes-2-zimmer\/mobil-home-2-bedrooms-comfort\/","url":"https:\/\/www.campingdelileverte.com\/de\/vermietung-mobilheim-saint-malo\/mobil-homes-2-zimmer\/mobil-home-2-bedrooms-comfort\/","name":"Mobil Home 2 bedrooms comfort - Holiday Rentals in Brittany","isPartOf":{"@id":"https:\/\/www.campingdelileverte.com\/de\/#website"},"primaryImageOfPage":{"@id":"https:\/\/www.campingdelileverte.com\/de\/vermietung-mobilheim-saint-malo\/mobil-homes-2-zimmer\/mobil-home-2-bedrooms-comfort\/#primaryimage"},"image":{"@id":"https:\/\/www.campingdelileverte.com\/de\/vermietung-mobilheim-saint-malo\/mobil-homes-2-zimmer\/mobil-home-2-bedrooms-comfort\/#primaryimage"},"thumbnailUrl":"https:\/\/www.campingdelileverte.com\/wp-content\/uploads\/2021\/10\/camping-location-mobil-home-confort-saint-malo.jpg","datePublished":"2021-09-28T11:55:42+00:00","dateModified":"2021-12-20T15:20:34+00:00","breadcrumb":{"@id":"https:\/\/www.campingdelileverte.com\/de\/vermietung-mobilheim-saint-malo\/mobil-homes-2-zimmer\/mobil-home-2-bedrooms-comfort\/#breadcrumb"},"inLanguage":"de","potentialAction":[{"@type":"ReadAction","target":["https:\/\/www.campingdelileverte.com\/de\/vermietung-mobilheim-saint-malo\/mobil-homes-2-zimmer\/mobil-home-2-bedrooms-comfort\/"]}]},{"@type":"ImageObject","inLanguage":"de","@id":"https:\/\/www.campingdelileverte.com\/de\/vermietung-mobilheim-saint-malo\/mobil-homes-2-zimmer\/mobil-home-2-bedrooms-comfort\/#primaryimage","url":"https:\/\/www.campingdelileverte.com\/wp-content\/uploads\/2021\/10\/camping-location-mobil-home-confort-saint-malo.jpg","contentUrl":"https:\/\/www.campingdelileverte.com\/wp-content\/uploads\/2021\/10\/camping-location-mobil-home-confort-saint-malo.jpg","width":1900,"height":700,"caption":"camping location mobil home confort saint malo"},{"@type":"BreadcrumbList","@id":"https:\/\/www.campingdelileverte.com\/de\/vermietung-mobilheim-saint-malo\/mobil-homes-2-zimmer\/mobil-home-2-bedrooms-comfort\/#breadcrumb","itemListElement":[{"@type":"ListItem","position":1,"name":"Camping Saint Malo","item":"https:\/\/www.campingdelileverte.com\/de\/"},{"@type":"ListItem","position":2,"name":"Standort Mobilheim Saint Malo","item":"https:\/\/www.campingdelileverte.com\/de\/vermietung-mobilheim-saint-malo\/"},{"@type":"ListItem","position":3,"name":"Mobilheim 2 Zimmer Cancale","item":"https:\/\/www.campingdelileverte.com\/de\/vermietung-mobilheim-saint-malo\/mobil-homes-2-zimmer\/"},{"@type":"ListItem","position":4,"name":"Mobil Home 2 bedrooms comfort"}]},{"@type":"WebSite","@id":"https:\/\/www.campingdelileverte.com\/de\/#website","url":"https:\/\/www.campingdelileverte.com\/de\/","name":"Camping Ile Verte","description":"","publisher":{"@id":"https:\/\/www.campingdelileverte.com\/de\/#organization"},"potentialAction":[{"@type":"SearchAction","target":{"@type":"EntryPoint","urlTemplate":"https:\/\/www.campingdelileverte.com\/de\/?s={search_term_string}"},"query-input":{"@type":"PropertyValueSpecification","valueRequired":true,"valueName":"search_term_string"}}],"inLanguage":"de"},{"@type":"Organization","@id":"https:\/\/www.campingdelileverte.com\/de\/#organization","name":"Camping Ile Verte","url":"https:\/\/www.campingdelileverte.com\/de\/","logo":{"@type":"ImageObject","inLanguage":"de","@id":"https:\/\/www.campingdelileverte.com\/de\/#\/schema\/logo\/image\/","url":"https:\/\/www.campingdelileverte.com\/wp-content\/uploads\/2021\/08\/camping-saint-malo.png","contentUrl":"https:\/\/www.campingdelileverte.com\/wp-content\/uploads\/2021\/08\/camping-saint-malo.png","width":370,"height":264,"caption":"Camping Ile Verte"},"image":{"@id":"https:\/\/www.campingdelileverte.com\/de\/#\/schema\/logo\/image\/"}}]}},"_links":{"self":[{"href":"https:\/\/www.campingdelileverte.com\/de\/wp-json\/wp\/v2\/pages\/9056","targetHints":{"allow":["GET"]}}],"collection":[{"href":"https:\/\/www.campingdelileverte.com\/de\/wp-json\/wp\/v2\/pages"}],"about":[{"href":"https:\/\/www.campingdelileverte.com\/de\/wp-json\/wp\/v2\/types\/page"}],"author":[{"embeddable":true,"href":"https:\/\/www.campingdelileverte.com\/de\/wp-json\/wp\/v2\/users\/1"}],"replies":[{"embeddable":true,"href":"https:\/\/www.campingdelileverte.com\/de\/wp-json\/wp\/v2\/comments?post=9056"}],"version-history":[{"count":8,"href":"https:\/\/www.campingdelileverte.com\/de\/wp-json\/wp\/v2\/pages\/9056\/revisions"}],"predecessor-version":[{"id":9537,"href":"https:\/\/www.campingdelileverte.com\/de\/wp-json\/wp\/v2\/pages\/9056\/revisions\/9537"}],"up":[{"embeddable":true,"href":"https:\/\/www.campingdelileverte.com\/de\/wp-json\/wp\/v2\/pages\/8318"}],"wp:featuredmedia":[{"embeddable":true,"href":"https:\/\/www.campingdelileverte.com\/de\/wp-json\/wp\/v2\/media\/8337"}],"wp:attachment":[{"href":"https:\/\/www.campingdelileverte.com\/de\/wp-json\/wp\/v2\/media?parent=9056"}],"curies":[{"name":"wp","href":"https:\/\/api.w.org\/{rel}","templated":true}]}}