{"id":9067,"date":"2021-09-28T14:21:33","date_gmt":"2021-09-28T12:21:33","guid":{"rendered":"https:\/\/www.campingdelileverte.com\/vermietung-mobilheim-saint-malo\/mobil-homes-2-zimmer\/louer-mobil-home-luxe\/"},"modified":"2021-12-20T16:20:42","modified_gmt":"2021-12-20T15:20:42","slug":"mobil-home-2-zimmer-luxus","status":"publish","type":"page","link":"https:\/\/www.campingdelileverte.com\/de\/vermietung-mobilheim-saint-malo\/mobil-homes-2-zimmer\/mobil-home-2-zimmer-luxus\/","title":{"rendered":"MH Luxe"},"content":{"rendered":"<section id=\"section-61556828f25ae\"\" class=\"section bg-white\" \/><div class=\"container\"><h1 class=\"element section-title center color4\">Mobil Home 2 zimmer Luxus<\/h1><\/div><\/section>\n\n<section id=\"section-61556828f2850\"\" class=\"section bg-white p-t-0 p-b-0\" \/><div class=\"container extralarge\"><ul class=\"liste-de-page hebergements\"><div class=\"row\"><li class=\"element hebergement call-to-action call-to-action--style-2  nombre-de-chambres-2 nombre-de-personnes-45 superficie-29\"><div class=\"hebergement_link\" id=\"7752\"><div class=\"call-to-action_image\"><img decoding=\"async\" src=\"https:\/\/www.campingdelileverte.com\/wp-content\/uploads\/2021\/08\/camping-cancale-mobil-home-luxe-2-chambres-terrasse-couverte.jpg\" data-src=\"https:\/\/www.campingdelileverte.com\/wp-content\/uploads\/2021\/08\/camping-cancale-mobil-home-luxe-2-chambres-terrasse-couverte.jpg\" alt=\"camping cancale mobil home luxe 2 chambres terrasse couverte\" class=\"\" \/><\/div><div class=\"call-to-action_contenu\"><div class=\"call-to-action_titre\">Mobil-Heim 2 ch LUXE<\/div><\/div><div class=\"hebergement-attributs\"><span class=\"attribut nombre-de-chambres\">2 <\/span><span class=\"attribut nombre-de-personnes\">4\/5 <\/span><span class=\"attribut superficie\">29m\u00b2<\/span><\/div><\/div><\/li><li class=\"element hebergement call-to-action call-to-action--style-2  nombre-de-chambres-2 nombre-de-personnes-45 superficie-29\"><div class=\"hebergement_link\" id=\"7779\"><div class=\"call-to-action_image\"><img decoding=\"async\" src=\"https:\/\/www.campingdelileverte.com\/wp-content\/uploads\/2021\/08\/camping-ille-et-vilaine-mobil-home-grand-luxe-2-chambres-terrasse-couverte.jpg\" data-src=\"https:\/\/www.campingdelileverte.com\/wp-content\/uploads\/2021\/08\/camping-ille-et-vilaine-mobil-home-grand-luxe-2-chambres-terrasse-couverte.jpg\" alt=\"camping ille et vilaine mobil home grand luxe 2 chambres terrasse couverte\" class=\"\" \/><\/div><div class=\"call-to-action_contenu\"><div class=\"call-to-action_titre\">Mobilheim 2 Zi GRAND LUXE 2020<\/div><\/div><div class=\"hebergement-attributs\"><span class=\"attribut nombre-de-chambres\">2 <\/span><span class=\"attribut nombre-de-personnes\">4\/5 <\/span><span class=\"attribut superficie\">29m\u00b2<\/span><\/div><\/div><\/li><li class=\"element hebergement call-to-action call-to-action--style-2  nombre-de-chambres-3 nombre-de-personnes-67 superficie-33\"><div class=\"hebergement_link\" id=\"7785\"><div class=\"call-to-action_image\"><img decoding=\"async\" src=\"https:\/\/www.campingdelileverte.com\/wp-content\/uploads\/2021\/08\/camping-mont-saint-michel-mobil-home-grand-luxe-3-chambres-terrasse-couverte-1.jpg\" data-src=\"https:\/\/www.campingdelileverte.com\/wp-content\/uploads\/2021\/08\/camping-mont-saint-michel-mobil-home-grand-luxe-3-chambres-terrasse-couverte-1.jpg\" alt=\"camping-mont-saint-michel-mobil-home-grand-luxe-3-chambres-terrasse \" class=\"\" \/><\/div><div class=\"call-to-action_contenu\"><div class=\"call-to-action_titre\">Mobilheim 3 Zi GRAND LUXE 2020<\/div><\/div><div class=\"hebergement-attributs\"><span class=\"attribut nombre-de-chambres\">3 <\/span><span class=\"attribut nombre-de-personnes\">6\/7 <\/span><span class=\"attribut superficie\">33m\u00b2<\/span><\/div><\/div><\/li><li class=\"element hebergement call-to-action call-to-action--style-2  nombre-de-chambres-3 nombre-de-personnes-67 superficie-33\"><div class=\"hebergement_link\" id=\"7806\"><div class=\"call-to-action_image\"><img decoding=\"async\" src=\"https:\/\/www.campingdelileverte.com\/wp-content\/uploads\/2021\/08\/camping-mont-saint-michel-location-mobil-home-luxe-3-chambres-exterieur.jpg\" data-src=\"https:\/\/www.campingdelileverte.com\/wp-content\/uploads\/2021\/08\/camping-mont-saint-michel-location-mobil-home-luxe-3-chambres-exterieur.jpg\" alt=\"camping mont saint michel location mobil home luxe 3 chambres exterieur\" class=\"\" \/><\/div><div class=\"call-to-action_contenu\"><div class=\"call-to-action_titre\">Mobilheim 3 Zi LUXUS<\/div><\/div><div class=\"hebergement-attributs\"><span class=\"attribut nombre-de-chambres\">3 <\/span><span class=\"attribut nombre-de-personnes\">6\/7 <\/span><span class=\"attribut superficie\">33m\u00b2<\/span><\/div><\/div><\/li><\/div><\/ul><\/div><\/section>\n\n<section id=\"section-61556828f2b74\"\" class=\"section bg-white p-t-0\" \/><div class=\"container extralarge\"><div class=\"element bloc-text left \">\n\t<p>F\u00fcr einen Urlaub im Komfort von Mobilheimen bietet unser Campingplatz in der Bretagne eine Reihe von Luxusmobilheimen: darunter eine 29,2 m\u00b2 gro\u00dfe private Terrasse.<br \/>\nMit zwei separate Schlafzimmer, eines mit Doppelbett und das andere mit zwei Einzelbetten, Luxus-Wohnmobil bietet Platz f\u00fcr bis zu 5 Personen mit dem Sofa im Wohnbereich unterzubringen. Kissen und Bettdecken sind vorhanden. Bettw\u00e4sche kann nach vorheriger Reservierung ausgeliehen werden.<br \/>\nDie moderne K\u00fcche Insel ist mit K\u00fchl- \/ Gefrierschrank, Geschirrsp\u00fcler, Herd 4-Flammen-Herd mit Dunstabzugshaube, Mikrowelle, Kaffeemaschine, Wasserkocher, Toaster und alle notwendigen Gerichte an die Anzahl der Personen angepasst.<br \/>\nIm Wohnbereich finden Sie einen TV und ein Erkerfenster mit Blick auf die Terrasse.<br \/>\nDas Mobilheim LUXE verf\u00fcgt \u00fcber ein Badezimmer mit einer ger\u00e4umigen Dusche und einem Waschbecken. Die Toiletten sind getrennt.<br \/>\nDrau\u00dfen finden Sie auf der \u00fcberdachten Terrasse Gartenm\u00f6bel, einen Sonnenschirm und einen Liegestuhl. Um Ihren Aufenthalt noch angenehmer zu gestalten, haben wir f\u00fcr diese Mobilheime farbenfrohe Fassaden gew\u00e4hlt. Ein Grill steht alle G\u00e4ste zur Verf\u00fcgung auf dem Campingplatz von der Gr\u00fcnen Insel zu bleiben, aber die Luxus-Mobilheime mit individuellem Grill ausgestattet sind. Auf Ihrer Website haben Sie die M\u00f6glichkeit, ein Auto zu parken.<br \/>\nBuchen Sie dieses Mobilheim f\u00fcr Ihren n\u00e4chsten Urlaub in Saint Malo in der Bretagne!<\/p>\n<\/div><div class=\"element section-title left color2 m-t-5 titre-cta\">Andere Mobilheime zu vermieten St Malo<\/div><div class=\"element bloc-text left \">\n\t<p>Sehe auch :<\/p>\n<ul>\n<li><a href=\"https:\/\/www.campingdelileverte.com\/de\/vermietung-mobilheim-saint-malo\/\">Mobil home Cancale<\/a><\/li>\n<li><a href=\"https:\/\/www.campingdelileverte.com\/de\/chalets-und-bungalows\/\">Vermietung Mobilheim 2 Zimmer Cancale<\/a><\/li>\n<\/ul>\n<\/div><\/div><\/section>\n\n<section id=\"section-6155682900808\"\" class=\"section bg-white\" \/><div class=\"container extralarge\"><div class=\"element section-title center titre-cta\">Sehen Sie sich unsere Unterk\u00fcnfte an<\/div><ul class=\"liste-de-page\"><li class=\"element call-to-action carre call-to-action--style-1 call-to-action--big\"><a href=\"https:\/\/www.campingdelileverte.com\/de\/die-stellplatze\/\"  class=\"call-to-action_link\" title=\"En savoir plus sur die standorte\"><div class=\"call-to-action_image\"><img decoding=\"async\" src=\"https:\/\/www.campingdelileverte.com\/wp-content\/uploads\/2021\/10\/camping-location-emplacement-caravaning-saint-malo-100x37.jpg\" data-src=\"https:\/\/www.campingdelileverte.com\/wp-content\/uploads\/2021\/10\/camping-location-emplacement-caravaning-saint-malo.jpg\" alt=\"camping location emplacement caravaning saint malo\" class=\"big\" \/><\/div><div class=\"call-to-action_contenu\"><div class=\"call-to-action_titre\">Die Standorte<\/div><\/div><\/a><\/li><li class=\"element call-to-action carre call-to-action--style-1 call-to-action--big call-to-action--style-1 call-to-action--big\"><a href=\"https:\/\/www.campingdelileverte.com\/de\/tarife-und-reservierung\/\"  class=\"call-to-action_link\" title=\"En savoir plus sur tarife und reservierung\"><div class=\"call-to-action_image\"><img decoding=\"async\" src=\"https:\/\/www.campingdelileverte.com\/wp-content\/uploads\/2021\/11\/camping-pas-cher-saint-benoit-des-ondes-100x37.jpg\" data-src=\"https:\/\/www.campingdelileverte.com\/wp-content\/uploads\/2021\/11\/camping-pas-cher-saint-benoit-des-ondes.jpg\" alt=\"camping pas cher saint benoit des ondes\" class=\"big\" \/><\/div><div class=\"call-to-action_contenu\"><div class=\"call-to-action_titre\">Tarife und Reservierung<\/div><\/div><\/a><\/li><li class=\"element call-to-action carre call-to-action--style-1 call-to-action--big call-to-action--style-1 call-to-action--big call-to-action--style-1 call-to-action--big\"><a href=\"https:\/\/www.campingdelileverte.com\/de\/chalets-und-bungalows\/\"  class=\"call-to-action_link\" title=\"En savoir plus sur  chalet und bungalow \"><div class=\"call-to-action_image\"><img decoding=\"async\" src=\"https:\/\/www.campingdelileverte.com\/wp-content\/uploads\/2021\/08\/LODGE-EXTERIEUR-2023-exterieur-100x67.jpg\" data-src=\"https:\/\/www.campingdelileverte.com\/wp-content\/uploads\/2021\/08\/LODGE-EXTERIEUR-2023-exterieur.jpg\" alt=\"\" class=\"big\" \/><\/div><div class=\"call-to-action_contenu\"><div class=\"call-to-action_titre\"> Chalet und Bungalow <\/div><\/div><\/a><\/li><\/ul><\/div><\/section>","protected":false},"excerpt":{"rendered":"","protected":false},"author":1,"featured_media":9068,"parent":8318,"menu_order":0,"comment_status":"closed","ping_status":"closed","template":"","meta":{"_acf_changed":false,"footnotes":""},"class_list":["post-9067","page","type-page","status-publish","has-post-thumbnail","hentry"],"acf":[],"yoast_head":"<!-- This site is optimized with the Yoast SEO plugin v25.3 - https:\/\/yoast.com\/wordpress\/plugins\/seo\/ -->\n<title>Mobil Home 2 zimmer Luxus - Vermeietung in der Norden Bretagne<\/title>\n<meta name=\"robots\" content=\"index, follow, max-snippet:-1, max-image-preview:large, max-video-preview:-1\" \/>\n<link rel=\"canonical\" href=\"https:\/\/www.campingdelileverte.com\/de\/vermietung-mobilheim-saint-malo\/mobil-homes-2-zimmer\/mobil-home-2-zimmer-luxus\/\" \/>\n<meta property=\"og:locale\" content=\"de_DE\" \/>\n<meta property=\"og:type\" content=\"article\" \/>\n<meta property=\"og:title\" content=\"Mobil Home 2 zimmer Luxus - Vermeietung in der Norden Bretagne\" \/>\n<meta property=\"og:url\" content=\"https:\/\/www.campingdelileverte.com\/de\/vermietung-mobilheim-saint-malo\/mobil-homes-2-zimmer\/mobil-home-2-zimmer-luxus\/\" \/>\n<meta property=\"og:site_name\" content=\"Camping Ile Verte\" \/>\n<meta property=\"article:modified_time\" content=\"2021-12-20T15:20:42+00:00\" \/>\n<meta property=\"og:image\" content=\"https:\/\/www.campingdelileverte.com\/wp-content\/uploads\/2021\/10\/camping-location-mobil-home-luxe-saint-malo.jpg\" \/>\n\t<meta property=\"og:image:width\" content=\"1900\" \/>\n\t<meta property=\"og:image:height\" content=\"700\" \/>\n\t<meta property=\"og:image:type\" content=\"image\/jpeg\" \/>\n<meta name=\"twitter:card\" content=\"summary_large_image\" \/>\n<script type=\"application\/ld+json\" class=\"yoast-schema-graph\">{\"@context\":\"https:\/\/schema.org\",\"@graph\":[{\"@type\":\"WebPage\",\"@id\":\"https:\/\/www.campingdelileverte.com\/de\/vermietung-mobilheim-saint-malo\/mobil-homes-2-zimmer\/mobil-home-2-zimmer-luxus\/\",\"url\":\"https:\/\/www.campingdelileverte.com\/de\/vermietung-mobilheim-saint-malo\/mobil-homes-2-zimmer\/mobil-home-2-zimmer-luxus\/\",\"name\":\"Mobil Home 2 zimmer Luxus - Vermeietung in der Norden Bretagne\",\"isPartOf\":{\"@id\":\"https:\/\/www.campingdelileverte.com\/de\/#website\"},\"primaryImageOfPage\":{\"@id\":\"https:\/\/www.campingdelileverte.com\/de\/vermietung-mobilheim-saint-malo\/mobil-homes-2-zimmer\/mobil-home-2-zimmer-luxus\/#primaryimage\"},\"image\":{\"@id\":\"https:\/\/www.campingdelileverte.com\/de\/vermietung-mobilheim-saint-malo\/mobil-homes-2-zimmer\/mobil-home-2-zimmer-luxus\/#primaryimage\"},\"thumbnailUrl\":\"https:\/\/www.campingdelileverte.com\/wp-content\/uploads\/2021\/10\/camping-location-mobil-home-luxe-saint-malo.jpg\",\"datePublished\":\"2021-09-28T12:21:33+00:00\",\"dateModified\":\"2021-12-20T15:20:42+00:00\",\"breadcrumb\":{\"@id\":\"https:\/\/www.campingdelileverte.com\/de\/vermietung-mobilheim-saint-malo\/mobil-homes-2-zimmer\/mobil-home-2-zimmer-luxus\/#breadcrumb\"},\"inLanguage\":\"de\",\"potentialAction\":[{\"@type\":\"ReadAction\",\"target\":[\"https:\/\/www.campingdelileverte.com\/de\/vermietung-mobilheim-saint-malo\/mobil-homes-2-zimmer\/mobil-home-2-zimmer-luxus\/\"]}]},{\"@type\":\"ImageObject\",\"inLanguage\":\"de\",\"@id\":\"https:\/\/www.campingdelileverte.com\/de\/vermietung-mobilheim-saint-malo\/mobil-homes-2-zimmer\/mobil-home-2-zimmer-luxus\/#primaryimage\",\"url\":\"https:\/\/www.campingdelileverte.com\/wp-content\/uploads\/2021\/10\/camping-location-mobil-home-luxe-saint-malo.jpg\",\"contentUrl\":\"https:\/\/www.campingdelileverte.com\/wp-content\/uploads\/2021\/10\/camping-location-mobil-home-luxe-saint-malo.jpg\",\"width\":1900,\"height\":700,\"caption\":\"camping location mobil home luxe saint malo\"},{\"@type\":\"BreadcrumbList\",\"@id\":\"https:\/\/www.campingdelileverte.com\/de\/vermietung-mobilheim-saint-malo\/mobil-homes-2-zimmer\/mobil-home-2-zimmer-luxus\/#breadcrumb\",\"itemListElement\":[{\"@type\":\"ListItem\",\"position\":1,\"name\":\"Camping Saint Malo\",\"item\":\"https:\/\/www.campingdelileverte.com\/de\/\"},{\"@type\":\"ListItem\",\"position\":2,\"name\":\"Standort Mobilheim Saint Malo\",\"item\":\"https:\/\/www.campingdelileverte.com\/de\/vermietung-mobilheim-saint-malo\/\"},{\"@type\":\"ListItem\",\"position\":3,\"name\":\"Mobilheim 2 Zimmer Cancale\",\"item\":\"https:\/\/www.campingdelileverte.com\/de\/vermietung-mobilheim-saint-malo\/mobil-homes-2-zimmer\/\"},{\"@type\":\"ListItem\",\"position\":4,\"name\":\"Mobil Home 2 zimmer Luxus\"}]},{\"@type\":\"WebSite\",\"@id\":\"https:\/\/www.campingdelileverte.com\/de\/#website\",\"url\":\"https:\/\/www.campingdelileverte.com\/de\/\",\"name\":\"Camping Ile Verte\",\"description\":\"\",\"publisher\":{\"@id\":\"https:\/\/www.campingdelileverte.com\/de\/#organization\"},\"potentialAction\":[{\"@type\":\"SearchAction\",\"target\":{\"@type\":\"EntryPoint\",\"urlTemplate\":\"https:\/\/www.campingdelileverte.com\/de\/?s={search_term_string}\"},\"query-input\":{\"@type\":\"PropertyValueSpecification\",\"valueRequired\":true,\"valueName\":\"search_term_string\"}}],\"inLanguage\":\"de\"},{\"@type\":\"Organization\",\"@id\":\"https:\/\/www.campingdelileverte.com\/de\/#organization\",\"name\":\"Camping Ile Verte\",\"url\":\"https:\/\/www.campingdelileverte.com\/de\/\",\"logo\":{\"@type\":\"ImageObject\",\"inLanguage\":\"de\",\"@id\":\"https:\/\/www.campingdelileverte.com\/de\/#\/schema\/logo\/image\/\",\"url\":\"https:\/\/www.campingdelileverte.com\/wp-content\/uploads\/2021\/08\/camping-saint-malo.png\",\"contentUrl\":\"https:\/\/www.campingdelileverte.com\/wp-content\/uploads\/2021\/08\/camping-saint-malo.png\",\"width\":370,\"height\":264,\"caption\":\"Camping Ile Verte\"},\"image\":{\"@id\":\"https:\/\/www.campingdelileverte.com\/de\/#\/schema\/logo\/image\/\"}}]}<\/script>\n<!-- \/ Yoast SEO plugin. -->","yoast_head_json":{"title":"Mobil Home 2 zimmer Luxus - Vermeietung in der Norden Bretagne","robots":{"index":"index","follow":"follow","max-snippet":"max-snippet:-1","max-image-preview":"max-image-preview:large","max-video-preview":"max-video-preview:-1"},"canonical":"https:\/\/www.campingdelileverte.com\/de\/vermietung-mobilheim-saint-malo\/mobil-homes-2-zimmer\/mobil-home-2-zimmer-luxus\/","og_locale":"de_DE","og_type":"article","og_title":"Mobil Home 2 zimmer Luxus - Vermeietung in der Norden Bretagne","og_url":"https:\/\/www.campingdelileverte.com\/de\/vermietung-mobilheim-saint-malo\/mobil-homes-2-zimmer\/mobil-home-2-zimmer-luxus\/","og_site_name":"Camping Ile Verte","article_modified_time":"2021-12-20T15:20:42+00:00","og_image":[{"width":1900,"height":700,"url":"https:\/\/www.campingdelileverte.com\/wp-content\/uploads\/2021\/10\/camping-location-mobil-home-luxe-saint-malo.jpg","type":"image\/jpeg"}],"twitter_card":"summary_large_image","schema":{"@context":"https:\/\/schema.org","@graph":[{"@type":"WebPage","@id":"https:\/\/www.campingdelileverte.com\/de\/vermietung-mobilheim-saint-malo\/mobil-homes-2-zimmer\/mobil-home-2-zimmer-luxus\/","url":"https:\/\/www.campingdelileverte.com\/de\/vermietung-mobilheim-saint-malo\/mobil-homes-2-zimmer\/mobil-home-2-zimmer-luxus\/","name":"Mobil Home 2 zimmer Luxus - Vermeietung in der Norden Bretagne","isPartOf":{"@id":"https:\/\/www.campingdelileverte.com\/de\/#website"},"primaryImageOfPage":{"@id":"https:\/\/www.campingdelileverte.com\/de\/vermietung-mobilheim-saint-malo\/mobil-homes-2-zimmer\/mobil-home-2-zimmer-luxus\/#primaryimage"},"image":{"@id":"https:\/\/www.campingdelileverte.com\/de\/vermietung-mobilheim-saint-malo\/mobil-homes-2-zimmer\/mobil-home-2-zimmer-luxus\/#primaryimage"},"thumbnailUrl":"https:\/\/www.campingdelileverte.com\/wp-content\/uploads\/2021\/10\/camping-location-mobil-home-luxe-saint-malo.jpg","datePublished":"2021-09-28T12:21:33+00:00","dateModified":"2021-12-20T15:20:42+00:00","breadcrumb":{"@id":"https:\/\/www.campingdelileverte.com\/de\/vermietung-mobilheim-saint-malo\/mobil-homes-2-zimmer\/mobil-home-2-zimmer-luxus\/#breadcrumb"},"inLanguage":"de","potentialAction":[{"@type":"ReadAction","target":["https:\/\/www.campingdelileverte.com\/de\/vermietung-mobilheim-saint-malo\/mobil-homes-2-zimmer\/mobil-home-2-zimmer-luxus\/"]}]},{"@type":"ImageObject","inLanguage":"de","@id":"https:\/\/www.campingdelileverte.com\/de\/vermietung-mobilheim-saint-malo\/mobil-homes-2-zimmer\/mobil-home-2-zimmer-luxus\/#primaryimage","url":"https:\/\/www.campingdelileverte.com\/wp-content\/uploads\/2021\/10\/camping-location-mobil-home-luxe-saint-malo.jpg","contentUrl":"https:\/\/www.campingdelileverte.com\/wp-content\/uploads\/2021\/10\/camping-location-mobil-home-luxe-saint-malo.jpg","width":1900,"height":700,"caption":"camping location mobil home luxe saint malo"},{"@type":"BreadcrumbList","@id":"https:\/\/www.campingdelileverte.com\/de\/vermietung-mobilheim-saint-malo\/mobil-homes-2-zimmer\/mobil-home-2-zimmer-luxus\/#breadcrumb","itemListElement":[{"@type":"ListItem","position":1,"name":"Camping Saint Malo","item":"https:\/\/www.campingdelileverte.com\/de\/"},{"@type":"ListItem","position":2,"name":"Standort Mobilheim Saint Malo","item":"https:\/\/www.campingdelileverte.com\/de\/vermietung-mobilheim-saint-malo\/"},{"@type":"ListItem","position":3,"name":"Mobilheim 2 Zimmer Cancale","item":"https:\/\/www.campingdelileverte.com\/de\/vermietung-mobilheim-saint-malo\/mobil-homes-2-zimmer\/"},{"@type":"ListItem","position":4,"name":"Mobil Home 2 zimmer Luxus"}]},{"@type":"WebSite","@id":"https:\/\/www.campingdelileverte.com\/de\/#website","url":"https:\/\/www.campingdelileverte.com\/de\/","name":"Camping Ile Verte","description":"","publisher":{"@id":"https:\/\/www.campingdelileverte.com\/de\/#organization"},"potentialAction":[{"@type":"SearchAction","target":{"@type":"EntryPoint","urlTemplate":"https:\/\/www.campingdelileverte.com\/de\/?s={search_term_string}"},"query-input":{"@type":"PropertyValueSpecification","valueRequired":true,"valueName":"search_term_string"}}],"inLanguage":"de"},{"@type":"Organization","@id":"https:\/\/www.campingdelileverte.com\/de\/#organization","name":"Camping Ile Verte","url":"https:\/\/www.campingdelileverte.com\/de\/","logo":{"@type":"ImageObject","inLanguage":"de","@id":"https:\/\/www.campingdelileverte.com\/de\/#\/schema\/logo\/image\/","url":"https:\/\/www.campingdelileverte.com\/wp-content\/uploads\/2021\/08\/camping-saint-malo.png","contentUrl":"https:\/\/www.campingdelileverte.com\/wp-content\/uploads\/2021\/08\/camping-saint-malo.png","width":370,"height":264,"caption":"Camping Ile Verte"},"image":{"@id":"https:\/\/www.campingdelileverte.com\/de\/#\/schema\/logo\/image\/"}}]}},"_links":{"self":[{"href":"https:\/\/www.campingdelileverte.com\/de\/wp-json\/wp\/v2\/pages\/9067","targetHints":{"allow":["GET"]}}],"collection":[{"href":"https:\/\/www.campingdelileverte.com\/de\/wp-json\/wp\/v2\/pages"}],"about":[{"href":"https:\/\/www.campingdelileverte.com\/de\/wp-json\/wp\/v2\/types\/page"}],"author":[{"embeddable":true,"href":"https:\/\/www.campingdelileverte.com\/de\/wp-json\/wp\/v2\/users\/1"}],"replies":[{"embeddable":true,"href":"https:\/\/www.campingdelileverte.com\/de\/wp-json\/wp\/v2\/comments?post=9067"}],"version-history":[{"count":7,"href":"https:\/\/www.campingdelileverte.com\/de\/wp-json\/wp\/v2\/pages\/9067\/revisions"}],"predecessor-version":[{"id":9539,"href":"https:\/\/www.campingdelileverte.com\/de\/wp-json\/wp\/v2\/pages\/9067\/revisions\/9539"}],"up":[{"embeddable":true,"href":"https:\/\/www.campingdelileverte.com\/de\/wp-json\/wp\/v2\/pages\/8318"}],"wp:featuredmedia":[{"embeddable":true,"href":"https:\/\/www.campingdelileverte.com\/de\/wp-json\/wp\/v2\/media\/9068"}],"wp:attachment":[{"href":"https:\/\/www.campingdelileverte.com\/de\/wp-json\/wp\/v2\/media?parent=9067"}],"curies":[{"name":"wp","href":"https:\/\/api.w.org\/{rel}","templated":true}]}}