{"id":9073,"date":"2021-09-28T14:43:50","date_gmt":"2021-09-28T12:43:50","guid":{"rendered":"https:\/\/www.campingdelileverte.com\/vermietung-mobilheim-saint-malo\/location-mobil-home-3-chambres-cancale\/"},"modified":"2021-12-15T16:04:37","modified_gmt":"2021-12-15T15:04:37","slug":"mobil-homes-3-zimmer","status":"publish","type":"page","link":"https:\/\/www.campingdelileverte.com\/de\/vermietung-mobilheim-saint-malo\/mobil-homes-3-zimmer\/","title":{"rendered":"MH 3ch"},"content":{"rendered":"<section id=\"section-6153115d17658\"\" class=\"section bg-white\" \/><div class=\"container\"><h1 class=\"element section-title center color4\">Mobil homes 3 zimmer<\/h1><\/div><\/section>\n\n<section id=\"section-6153115d17a3a\"\" class=\"section bg-white p-t-0 p-b-0\" \/><div class=\"container extralarge\"><ul class=\"liste-de-page hebergements\"><div class=\"row\"><li class=\"element hebergement call-to-action call-to-action--style-2  nombre-de-chambres-3 nombre-de-personnes-6 superficie-31\"><div class=\"hebergement_link\" id=\"7769\"><div class=\"call-to-action_image\"><img decoding=\"async\" src=\"https:\/\/www.campingdelileverte.com\/wp-content\/uploads\/2021\/08\/camping-saint-malo-mobil-home-confort-3-chambres-exterieur.jpg\" data-src=\"https:\/\/www.campingdelileverte.com\/wp-content\/uploads\/2021\/08\/camping-saint-malo-mobil-home-confort-3-chambres-exterieur.jpg\" alt=\"camping saint malo mobil home confort 3 chambres exterieur\" class=\"\" \/><\/div><div class=\"call-to-action_contenu\"><div class=\"call-to-action_titre\">Mobilheim 3 Zi BERMUDES CONFORT<\/div><\/div><div class=\"hebergement-attributs\"><span class=\"attribut nombre-de-chambres\">3 <\/span><span class=\"attribut nombre-de-personnes\">6 <\/span><span class=\"attribut superficie\">31m\u00b2<\/span><\/div><\/div><\/li><li class=\"element hebergement call-to-action call-to-action--style-2  nombre-de-chambres-3 nombre-de-personnes-67 superficie-33\"><div class=\"hebergement_link\" id=\"7785\"><div class=\"call-to-action_image\"><img decoding=\"async\" src=\"https:\/\/www.campingdelileverte.com\/wp-content\/uploads\/2021\/08\/camping-mont-saint-michel-mobil-home-grand-luxe-3-chambres-terrasse-couverte-1.jpg\" data-src=\"https:\/\/www.campingdelileverte.com\/wp-content\/uploads\/2021\/08\/camping-mont-saint-michel-mobil-home-grand-luxe-3-chambres-terrasse-couverte-1.jpg\" alt=\"camping-mont-saint-michel-mobil-home-grand-luxe-3-chambres-terrasse \" class=\"\" \/><\/div><div class=\"call-to-action_contenu\"><div class=\"call-to-action_titre\">Mobilheim 3 Zi GRAND LUXE 2020<\/div><\/div><div class=\"hebergement-attributs\"><span class=\"attribut nombre-de-chambres\">3 <\/span><span class=\"attribut nombre-de-personnes\">6\/7 <\/span><span class=\"attribut superficie\">33m\u00b2<\/span><\/div><\/div><\/li><li class=\"element hebergement call-to-action call-to-action--style-2  nombre-de-chambres-3 nombre-de-personnes-6 superficie-38\"><div class=\"hebergement_link\" id=\"7792\"><div class=\"call-to-action_image\"><img decoding=\"async\" src=\"https:\/\/www.campingdelileverte.com\/wp-content\/uploads\/2021\/08\/Design-sans-titre.png\" data-src=\"https:\/\/www.campingdelileverte.com\/wp-content\/uploads\/2021\/08\/Design-sans-titre.png\" alt=\"\" class=\"\" \/><\/div><div class=\"call-to-action_contenu\"><div class=\"call-to-action_titre\">Residenz KEY WEST 3 ch 2 sdb<\/div><\/div><div class=\"hebergement-attributs\"><span class=\"attribut nombre-de-chambres\">3 <\/span><span class=\"attribut nombre-de-personnes\">6 <\/span><span class=\"attribut superficie\">38m\u00b2<\/span><\/div><\/div><\/li><li class=\"element hebergement call-to-action call-to-action--style-2  nombre-de-chambres-3 nombre-de-personnes-67 superficie-33\"><div class=\"hebergement_link\" id=\"7806\"><div class=\"call-to-action_image\"><img decoding=\"async\" src=\"https:\/\/www.campingdelileverte.com\/wp-content\/uploads\/2021\/08\/camping-mont-saint-michel-location-mobil-home-luxe-3-chambres-exterieur.jpg\" data-src=\"https:\/\/www.campingdelileverte.com\/wp-content\/uploads\/2021\/08\/camping-mont-saint-michel-location-mobil-home-luxe-3-chambres-exterieur.jpg\" alt=\"camping mont saint michel location mobil home luxe 3 chambres exterieur\" class=\"\" \/><\/div><div class=\"call-to-action_contenu\"><div class=\"call-to-action_titre\">Mobilheim 3 Zi LUXUS<\/div><\/div><div class=\"hebergement-attributs\"><span class=\"attribut nombre-de-chambres\">3 <\/span><span class=\"attribut nombre-de-personnes\">6\/7 <\/span><span class=\"attribut superficie\">33m\u00b2<\/span><\/div><\/div><\/li><li class=\"element hebergement call-to-action call-to-action--style-2  nombre-de-chambres-3 nombre-de-personnes-6 superficie-38\"><div class=\"hebergement_link\" id=\"7813\"><div class=\"call-to-action_image\"><img decoding=\"async\" src=\"https:\/\/www.campingdelileverte.com\/wp-content\/uploads\/2021\/08\/camping-mont-saint-michel-location-mobil-home-taos-3-chambres-2-salles-de-bain-terrasse-couverte-1.jpg\" data-src=\"https:\/\/www.campingdelileverte.com\/wp-content\/uploads\/2021\/08\/camping-mont-saint-michel-location-mobil-home-taos-3-chambres-2-salles-de-bain-terrasse-couverte-1.jpg\" alt=\"camping-mont-saint-michel-location-mobil-home-taos-3-chambres-2-salles-de bain terrasse couverte\" class=\"\" \/><\/div><div class=\"call-to-action_contenu\"><div class=\"call-to-action_titre\">Residenz TAOS Prestige 3 ch 2 sdb<\/div><\/div><div class=\"hebergement-attributs\"><span class=\"attribut nombre-de-chambres\">3 <\/span><span class=\"attribut nombre-de-personnes\">6 <\/span><span class=\"attribut superficie\">38m\u00b2<\/span><\/div><\/div><\/li><li class=\"element hebergement call-to-action call-to-action--style-2  nombre-de-chambres-3 nombre-de-personnes-6 superficie-38\"><div class=\"hebergement_link\" id=\"10986\"><div class=\"call-to-action_image\"><img decoding=\"async\" src=\"https:\/\/www.campingdelileverte.com\/wp-content\/uploads\/2025\/12\/10.png\" data-src=\"https:\/\/www.campingdelileverte.com\/wp-content\/uploads\/2025\/12\/10.png\" alt=\"\" class=\"\" \/><\/div><div class=\"call-to-action_contenu\"><div class=\"call-to-action_titre\">Mobile-home TAOS 3 chambres 2 sdb<\/div><\/div><div class=\"hebergement-attributs\"><span class=\"attribut nombre-de-chambres\">3 <\/span><span class=\"attribut nombre-de-personnes\">6 <\/span><span class=\"attribut superficie\">38m\u00b2<\/span><\/div><\/div><\/li><\/div><\/ul><\/div><\/section>\n\n<section id=\"section-6153115d18382\"\" class=\"section bg-white\" \/><div class=\"container full\"><div class=\"colonnes-wrap valign-top \"><div class=\"element colonne \"><h2 class=\"element section-title left color2\">Mieten Sie ein Mobilheim f\u00fcr 6 bis 8 Personen in Saint Malo<\/h2><div class=\"element bloc-text left \">\n\t<p>F\u00fcr gro\u00dfe Familien und Gruppen von 6 oder 7 Personen stellen wir Ihnen sch\u00f6ne Mobilheime mit 3 Schlafzimmern zur Verf\u00fcgung, die voll ausgestattet sind. Die Residenz Taos Prestige (6 Personen, 38 m2) gleicht mit ihrem zeitgen\u00f6ssischen Design einem Architektenhaus. Dieses Mobilheim der neuen Generation verf\u00fcgt \u00fcber drei Schlafzimmer (1 Hauptschlafzimmer mit Doppelbett, 1 Schlafzimmer mit 2 Einzelbetten, 1 Schlafzimmer mit Etagenbett), zwei Badezimmer und luxuri\u00f6se Annehmlichkeiten, darunter ein TV und ein Geschirrsp\u00fcler.<\/p>\n<p>Mit seiner modernen K\u00fcche und der zentralen Insel wird das luxuri\u00f6se Mobilheim (33 m2) vor allem die blauen Kabel ansprechen. Sie k\u00f6nnen Ihre Gerichte des Tages mit den Produkten des Meeres oder der auf dem Markt von Saint-Beno\u00eet-des-Ondes gekauften B\u00f6den zusammenstellen. Diese Ferienwohnung verf\u00fcgt nur \u00fcber 2 Schlafzimmer. Das Schlafsofa kann als Zustellbett f\u00fcr 1 Kind dienen.<\/p>\n<p>Die Mobilheime Bermuda und Bermuda Confort (31 m2) verf\u00fcgen \u00fcber 3 Schlafzimmer und bieten dank ihres Schlafsofas Platz f\u00fcr bis zu 8 Personen. Das Comfort-Modell beinhaltet Fernsehen.<\/p>\n<\/div><\/div><div class=\"element colonne \"><h2 class=\"element section-title left color2\">Mit Au\u00dfenterrassen<\/h2><div class=\"element bloc-text left \">\n\t<p>Und wenn Sie zu Ihrem Mietobjekt bei \u00cele Verte in der N\u00e4he von Cancale in der Bretagne ein privates Spa hinzuf\u00fcgen? Die Residenz Taos Prestige beherbergt eine sch\u00f6ne halb\u00fcberdachte Terrasse mit Gartenm\u00f6beln, Liegest\u00fchlen und eigenem Whirlpool f\u00fcr 5 Personen. F\u00fchlen Sie sich nach Ihrer Fahrt mit dem Sandyacht und der Camping-Themenparty mit dem Bed\u00fcrfnis, Ihre Batterien aufzuladen? Tauchen Sie in Ihren Whirlpool ein und entkommen Sie ein letztes Mal, bevor Sie in Ihr gem\u00fctliches Bett zur\u00fcckkehren. Wenn Sie dieses Modell buchen, wird ein Grill bereitgestellt.<\/p>\n<p>Die Mobilheime Luxury, Bermuda und Bermuda Confort verf\u00fcgen \u00fcber eine sch\u00f6ne, halb \u00fcberdachte Holzterrasse mit Gartenm\u00f6beln, Sonnenschirm, Grill und Plancha. Die Ausstattung eines perfekten modernen Wohnmobils!<\/p>\n<p>Alle privaten Terrassen sind erh\u00f6ht und gut ausgerichtet, so dass Sie zu jeder Tageszeit einen guten Sonnenschein genie\u00dfen und Ihre Privatsph\u00e4re bewahren k\u00f6nnen.<\/p>\n<\/div><\/div><\/div><\/div><\/section>\n\n<section id=\"section-6153115d18a30\"\" class=\"section bg-white\" \/><div class=\"container extralarge\"><div class=\"element section-title center titre-cta\">Finden Sie unsere Vermietungen<\/div><ul class=\"liste-de-page\"><li class=\"element call-to-action carre call-to-action--style-1 call-to-action--big\"><a href=\"https:\/\/www.campingdelileverte.com\/de\/tarife-und-reservierung\/\"  class=\"call-to-action_link\" title=\"En savoir plus sur tarife und reservierung\"><div class=\"call-to-action_image\"><img decoding=\"async\" src=\"https:\/\/www.campingdelileverte.com\/wp-content\/uploads\/2021\/11\/camping-pas-cher-saint-benoit-des-ondes-100x37.jpg\" data-src=\"https:\/\/www.campingdelileverte.com\/wp-content\/uploads\/2021\/11\/camping-pas-cher-saint-benoit-des-ondes.jpg\" alt=\"camping pas cher saint benoit des ondes\" class=\"big\" \/><\/div><div class=\"call-to-action_contenu\"><div class=\"call-to-action_titre\">Tarife und Reservierung<\/div><\/div><\/a><\/li><li class=\"element call-to-action carre call-to-action--style-1 call-to-action--big call-to-action--style-1 call-to-action--big\"><a href=\"https:\/\/www.campingdelileverte.com\/de\/vermietung-mobilheim-saint-malo\/\"  class=\"call-to-action_link\" title=\"En savoir plus sur mobilheim\"><div class=\"call-to-action_image\"><img decoding=\"async\" src=\"https:\/\/www.campingdelileverte.com\/wp-content\/uploads\/2021\/11\/camping-location-mobil-home-spa-privatif-saint-benoit-des-ondes-100x37.jpg\" data-src=\"https:\/\/www.campingdelileverte.com\/wp-content\/uploads\/2021\/11\/camping-location-mobil-home-spa-privatif-saint-benoit-des-ondes.jpg\" alt=\"camping-location-mobil-home spa privatif saint benoit des ondes\" class=\"big\" \/><\/div><div class=\"call-to-action_contenu\"><div class=\"call-to-action_titre\">Mobilheim<\/div><\/div><\/a><\/li><li class=\"element call-to-action carre call-to-action--style-1 call-to-action--big call-to-action--style-1 call-to-action--big call-to-action--style-1 call-to-action--big\"><a href=\"https:\/\/www.campingdelileverte.com\/de\/vermietung-mobilheim-saint-malo\/mobilheime-mit-whirlpool\/\"  class=\"call-to-action_link\" title=\"En savoir plus sur mobilheime mit whirlpool\"><div class=\"call-to-action_image\"><img decoding=\"async\" src=\"https:\/\/www.campingdelileverte.com\/wp-content\/uploads\/2021\/10\/camping-location-mobil-home-spa-saint-malo-100x37.jpg\" data-src=\"https:\/\/www.campingdelileverte.com\/wp-content\/uploads\/2021\/10\/camping-location-mobil-home-spa-saint-malo.jpg\" alt=\"camping location mobil home spa saint malo\" class=\"big\" \/><\/div><div class=\"call-to-action_contenu\"><div class=\"call-to-action_titre\">Mobilheime mit Whirlpool<\/div><\/div><\/a><\/li><\/ul><\/div><\/section>","protected":false},"excerpt":{"rendered":"","protected":false},"author":1,"featured_media":9074,"parent":8283,"menu_order":0,"comment_status":"closed","ping_status":"closed","template":"","meta":{"_acf_changed":false,"footnotes":""},"class_list":["post-9073","page","type-page","status-publish","has-post-thumbnail","hentry"],"acf":[],"yoast_head":"<!-- This site is optimized with the Yoast SEO plugin v25.3 - https:\/\/yoast.com\/wordpress\/plugins\/seo\/ -->\n<title>Mobilheim 3 zimmer - Vermeietung in der Norden Bretagne<\/title>\n<meta name=\"description\" content=\"Buchen Sie Ihr Mobilheim mit 3 Zimmern auf dem Campingplatz Ile Verte f\u00fcr Ihren n\u00e4chsten Urlaub zwischen Saint Malo, Cancale und dem Mont Saint Michel.\" \/>\n<meta name=\"robots\" content=\"index, follow, max-snippet:-1, max-image-preview:large, max-video-preview:-1\" \/>\n<link rel=\"canonical\" href=\"https:\/\/www.campingdelileverte.com\/de\/vermietung-mobilheim-saint-malo\/mobil-homes-3-zimmer\/\" \/>\n<meta property=\"og:locale\" content=\"de_DE\" \/>\n<meta property=\"og:type\" content=\"article\" \/>\n<meta property=\"og:title\" content=\"Mobilheim 3 zimmer - Vermeietung in der Norden Bretagne\" \/>\n<meta property=\"og:description\" content=\"Buchen Sie Ihr Mobilheim mit 3 Zimmern auf dem Campingplatz Ile Verte f\u00fcr Ihren n\u00e4chsten Urlaub zwischen Saint Malo, Cancale und dem Mont Saint Michel.\" \/>\n<meta property=\"og:url\" content=\"https:\/\/www.campingdelileverte.com\/de\/vermietung-mobilheim-saint-malo\/mobil-homes-3-zimmer\/\" \/>\n<meta property=\"og:site_name\" content=\"Camping Ile Verte\" \/>\n<meta property=\"article:modified_time\" content=\"2021-12-15T15:04:37+00:00\" \/>\n<meta property=\"og:image\" content=\"https:\/\/www.campingdelileverte.com\/wp-content\/uploads\/2021\/10\/camping-location-mobil-home-3-chambres-cancale.jpg\" \/>\n\t<meta property=\"og:image:width\" content=\"1900\" \/>\n\t<meta property=\"og:image:height\" content=\"699\" \/>\n\t<meta property=\"og:image:type\" content=\"image\/jpeg\" \/>\n<meta name=\"twitter:card\" content=\"summary_large_image\" \/>\n<script type=\"application\/ld+json\" class=\"yoast-schema-graph\">{\"@context\":\"https:\/\/schema.org\",\"@graph\":[{\"@type\":\"WebPage\",\"@id\":\"https:\/\/www.campingdelileverte.com\/de\/vermietung-mobilheim-saint-malo\/mobil-homes-3-zimmer\/\",\"url\":\"https:\/\/www.campingdelileverte.com\/de\/vermietung-mobilheim-saint-malo\/mobil-homes-3-zimmer\/\",\"name\":\"Mobilheim 3 zimmer - Vermeietung in der Norden Bretagne\",\"isPartOf\":{\"@id\":\"https:\/\/www.campingdelileverte.com\/de\/#website\"},\"primaryImageOfPage\":{\"@id\":\"https:\/\/www.campingdelileverte.com\/de\/vermietung-mobilheim-saint-malo\/mobil-homes-3-zimmer\/#primaryimage\"},\"image\":{\"@id\":\"https:\/\/www.campingdelileverte.com\/de\/vermietung-mobilheim-saint-malo\/mobil-homes-3-zimmer\/#primaryimage\"},\"thumbnailUrl\":\"https:\/\/www.campingdelileverte.com\/wp-content\/uploads\/2021\/10\/camping-location-mobil-home-3-chambres-cancale.jpg\",\"datePublished\":\"2021-09-28T12:43:50+00:00\",\"dateModified\":\"2021-12-15T15:04:37+00:00\",\"description\":\"Buchen Sie Ihr Mobilheim mit 3 Zimmern auf dem Campingplatz Ile Verte f\u00fcr Ihren n\u00e4chsten Urlaub zwischen Saint Malo, Cancale und dem Mont Saint Michel.\",\"breadcrumb\":{\"@id\":\"https:\/\/www.campingdelileverte.com\/de\/vermietung-mobilheim-saint-malo\/mobil-homes-3-zimmer\/#breadcrumb\"},\"inLanguage\":\"de\",\"potentialAction\":[{\"@type\":\"ReadAction\",\"target\":[\"https:\/\/www.campingdelileverte.com\/de\/vermietung-mobilheim-saint-malo\/mobil-homes-3-zimmer\/\"]}]},{\"@type\":\"ImageObject\",\"inLanguage\":\"de\",\"@id\":\"https:\/\/www.campingdelileverte.com\/de\/vermietung-mobilheim-saint-malo\/mobil-homes-3-zimmer\/#primaryimage\",\"url\":\"https:\/\/www.campingdelileverte.com\/wp-content\/uploads\/2021\/10\/camping-location-mobil-home-3-chambres-cancale.jpg\",\"contentUrl\":\"https:\/\/www.campingdelileverte.com\/wp-content\/uploads\/2021\/10\/camping-location-mobil-home-3-chambres-cancale.jpg\",\"width\":1900,\"height\":699,\"caption\":\"camping location mobil home 3 chambres cancale\"},{\"@type\":\"BreadcrumbList\",\"@id\":\"https:\/\/www.campingdelileverte.com\/de\/vermietung-mobilheim-saint-malo\/mobil-homes-3-zimmer\/#breadcrumb\",\"itemListElement\":[{\"@type\":\"ListItem\",\"position\":1,\"name\":\"Camping Saint Malo\",\"item\":\"https:\/\/www.campingdelileverte.com\/de\/\"},{\"@type\":\"ListItem\",\"position\":2,\"name\":\"Standort Mobilheim Saint Malo\",\"item\":\"https:\/\/www.campingdelileverte.com\/de\/vermietung-mobilheim-saint-malo\/\"},{\"@type\":\"ListItem\",\"position\":3,\"name\":\"Mobil homes 3 zimmer\"}]},{\"@type\":\"WebSite\",\"@id\":\"https:\/\/www.campingdelileverte.com\/de\/#website\",\"url\":\"https:\/\/www.campingdelileverte.com\/de\/\",\"name\":\"Camping Ile Verte\",\"description\":\"\",\"publisher\":{\"@id\":\"https:\/\/www.campingdelileverte.com\/de\/#organization\"},\"potentialAction\":[{\"@type\":\"SearchAction\",\"target\":{\"@type\":\"EntryPoint\",\"urlTemplate\":\"https:\/\/www.campingdelileverte.com\/de\/?s={search_term_string}\"},\"query-input\":{\"@type\":\"PropertyValueSpecification\",\"valueRequired\":true,\"valueName\":\"search_term_string\"}}],\"inLanguage\":\"de\"},{\"@type\":\"Organization\",\"@id\":\"https:\/\/www.campingdelileverte.com\/de\/#organization\",\"name\":\"Camping Ile Verte\",\"url\":\"https:\/\/www.campingdelileverte.com\/de\/\",\"logo\":{\"@type\":\"ImageObject\",\"inLanguage\":\"de\",\"@id\":\"https:\/\/www.campingdelileverte.com\/de\/#\/schema\/logo\/image\/\",\"url\":\"https:\/\/www.campingdelileverte.com\/wp-content\/uploads\/2021\/08\/camping-saint-malo.png\",\"contentUrl\":\"https:\/\/www.campingdelileverte.com\/wp-content\/uploads\/2021\/08\/camping-saint-malo.png\",\"width\":370,\"height\":264,\"caption\":\"Camping Ile Verte\"},\"image\":{\"@id\":\"https:\/\/www.campingdelileverte.com\/de\/#\/schema\/logo\/image\/\"}}]}<\/script>\n<!-- \/ Yoast SEO plugin. -->","yoast_head_json":{"title":"Mobilheim 3 zimmer - Vermeietung in der Norden Bretagne","description":"Buchen Sie Ihr Mobilheim mit 3 Zimmern auf dem Campingplatz Ile Verte f\u00fcr Ihren n\u00e4chsten Urlaub zwischen Saint Malo, Cancale und dem Mont Saint Michel.","robots":{"index":"index","follow":"follow","max-snippet":"max-snippet:-1","max-image-preview":"max-image-preview:large","max-video-preview":"max-video-preview:-1"},"canonical":"https:\/\/www.campingdelileverte.com\/de\/vermietung-mobilheim-saint-malo\/mobil-homes-3-zimmer\/","og_locale":"de_DE","og_type":"article","og_title":"Mobilheim 3 zimmer - Vermeietung in der Norden Bretagne","og_description":"Buchen Sie Ihr Mobilheim mit 3 Zimmern auf dem Campingplatz Ile Verte f\u00fcr Ihren n\u00e4chsten Urlaub zwischen Saint Malo, Cancale und dem Mont Saint Michel.","og_url":"https:\/\/www.campingdelileverte.com\/de\/vermietung-mobilheim-saint-malo\/mobil-homes-3-zimmer\/","og_site_name":"Camping Ile Verte","article_modified_time":"2021-12-15T15:04:37+00:00","og_image":[{"width":1900,"height":699,"url":"https:\/\/www.campingdelileverte.com\/wp-content\/uploads\/2021\/10\/camping-location-mobil-home-3-chambres-cancale.jpg","type":"image\/jpeg"}],"twitter_card":"summary_large_image","schema":{"@context":"https:\/\/schema.org","@graph":[{"@type":"WebPage","@id":"https:\/\/www.campingdelileverte.com\/de\/vermietung-mobilheim-saint-malo\/mobil-homes-3-zimmer\/","url":"https:\/\/www.campingdelileverte.com\/de\/vermietung-mobilheim-saint-malo\/mobil-homes-3-zimmer\/","name":"Mobilheim 3 zimmer - Vermeietung in der Norden Bretagne","isPartOf":{"@id":"https:\/\/www.campingdelileverte.com\/de\/#website"},"primaryImageOfPage":{"@id":"https:\/\/www.campingdelileverte.com\/de\/vermietung-mobilheim-saint-malo\/mobil-homes-3-zimmer\/#primaryimage"},"image":{"@id":"https:\/\/www.campingdelileverte.com\/de\/vermietung-mobilheim-saint-malo\/mobil-homes-3-zimmer\/#primaryimage"},"thumbnailUrl":"https:\/\/www.campingdelileverte.com\/wp-content\/uploads\/2021\/10\/camping-location-mobil-home-3-chambres-cancale.jpg","datePublished":"2021-09-28T12:43:50+00:00","dateModified":"2021-12-15T15:04:37+00:00","description":"Buchen Sie Ihr Mobilheim mit 3 Zimmern auf dem Campingplatz Ile Verte f\u00fcr Ihren n\u00e4chsten Urlaub zwischen Saint Malo, Cancale und dem Mont Saint Michel.","breadcrumb":{"@id":"https:\/\/www.campingdelileverte.com\/de\/vermietung-mobilheim-saint-malo\/mobil-homes-3-zimmer\/#breadcrumb"},"inLanguage":"de","potentialAction":[{"@type":"ReadAction","target":["https:\/\/www.campingdelileverte.com\/de\/vermietung-mobilheim-saint-malo\/mobil-homes-3-zimmer\/"]}]},{"@type":"ImageObject","inLanguage":"de","@id":"https:\/\/www.campingdelileverte.com\/de\/vermietung-mobilheim-saint-malo\/mobil-homes-3-zimmer\/#primaryimage","url":"https:\/\/www.campingdelileverte.com\/wp-content\/uploads\/2021\/10\/camping-location-mobil-home-3-chambres-cancale.jpg","contentUrl":"https:\/\/www.campingdelileverte.com\/wp-content\/uploads\/2021\/10\/camping-location-mobil-home-3-chambres-cancale.jpg","width":1900,"height":699,"caption":"camping location mobil home 3 chambres cancale"},{"@type":"BreadcrumbList","@id":"https:\/\/www.campingdelileverte.com\/de\/vermietung-mobilheim-saint-malo\/mobil-homes-3-zimmer\/#breadcrumb","itemListElement":[{"@type":"ListItem","position":1,"name":"Camping Saint Malo","item":"https:\/\/www.campingdelileverte.com\/de\/"},{"@type":"ListItem","position":2,"name":"Standort Mobilheim Saint Malo","item":"https:\/\/www.campingdelileverte.com\/de\/vermietung-mobilheim-saint-malo\/"},{"@type":"ListItem","position":3,"name":"Mobil homes 3 zimmer"}]},{"@type":"WebSite","@id":"https:\/\/www.campingdelileverte.com\/de\/#website","url":"https:\/\/www.campingdelileverte.com\/de\/","name":"Camping Ile Verte","description":"","publisher":{"@id":"https:\/\/www.campingdelileverte.com\/de\/#organization"},"potentialAction":[{"@type":"SearchAction","target":{"@type":"EntryPoint","urlTemplate":"https:\/\/www.campingdelileverte.com\/de\/?s={search_term_string}"},"query-input":{"@type":"PropertyValueSpecification","valueRequired":true,"valueName":"search_term_string"}}],"inLanguage":"de"},{"@type":"Organization","@id":"https:\/\/www.campingdelileverte.com\/de\/#organization","name":"Camping Ile Verte","url":"https:\/\/www.campingdelileverte.com\/de\/","logo":{"@type":"ImageObject","inLanguage":"de","@id":"https:\/\/www.campingdelileverte.com\/de\/#\/schema\/logo\/image\/","url":"https:\/\/www.campingdelileverte.com\/wp-content\/uploads\/2021\/08\/camping-saint-malo.png","contentUrl":"https:\/\/www.campingdelileverte.com\/wp-content\/uploads\/2021\/08\/camping-saint-malo.png","width":370,"height":264,"caption":"Camping Ile Verte"},"image":{"@id":"https:\/\/www.campingdelileverte.com\/de\/#\/schema\/logo\/image\/"}}]}},"_links":{"self":[{"href":"https:\/\/www.campingdelileverte.com\/de\/wp-json\/wp\/v2\/pages\/9073","targetHints":{"allow":["GET"]}}],"collection":[{"href":"https:\/\/www.campingdelileverte.com\/de\/wp-json\/wp\/v2\/pages"}],"about":[{"href":"https:\/\/www.campingdelileverte.com\/de\/wp-json\/wp\/v2\/types\/page"}],"author":[{"embeddable":true,"href":"https:\/\/www.campingdelileverte.com\/de\/wp-json\/wp\/v2\/users\/1"}],"replies":[{"embeddable":true,"href":"https:\/\/www.campingdelileverte.com\/de\/wp-json\/wp\/v2\/comments?post=9073"}],"version-history":[{"count":2,"href":"https:\/\/www.campingdelileverte.com\/de\/wp-json\/wp\/v2\/pages\/9073\/revisions"}],"predecessor-version":[{"id":9078,"href":"https:\/\/www.campingdelileverte.com\/de\/wp-json\/wp\/v2\/pages\/9073\/revisions\/9078"}],"up":[{"embeddable":true,"href":"https:\/\/www.campingdelileverte.com\/de\/wp-json\/wp\/v2\/pages\/8283"}],"wp:featuredmedia":[{"embeddable":true,"href":"https:\/\/www.campingdelileverte.com\/de\/wp-json\/wp\/v2\/media\/9074"}],"wp:attachment":[{"href":"https:\/\/www.campingdelileverte.com\/de\/wp-json\/wp\/v2\/media?parent=9073"}],"curies":[{"name":"wp","href":"https:\/\/api.w.org\/{rel}","templated":true}]}}