{"id":8439,"date":"2021-08-12T14:47:55","date_gmt":"2021-08-12T12:47:55","guid":{"rendered":"https:\/\/www.campingdelileverte.com\/activites-camping-saint-malo\/"},"modified":"2025-09-11T17:00:21","modified_gmt":"2025-09-11T15:00:21","slug":"activiteiten-en-ontspanning","status":"publish","type":"page","link":"https:\/\/www.campingdelileverte.com\/nl\/activiteiten-en-ontspanning\/","title":{"rendered":"Le Camping : Activit\u00e9s et loisirs"},"content":{"rendered":"<section id=\"section-group1\"\" class=\"section home-first bg-white\" \/><div class=\"container extralarge\"><div class=\"colonnes-wrap valign-middle \"><div class=\"element colonne w-45 p-3 bg-color5\"><h1 class=\"element section-title left color4\">Activiteiten en Ontspanning<\/h1><h2 class=\"element section-title left color2\">Op de camping<\/h2><div class=\"element bloc-text left \">\n\t<p>De Camping de L\u2019Ile Verte stelt activiteiten te uwer beschikking voor groot en klein\u00a0!<br \/>\n<span class=\"liste\">VOOR UW KINDEREN<\/span>\u00a0: een speeltuin met glijbaan, zandbak, springkasteel, en zeker niet onbelangrijk een tafelvoetbal\u00a0! E\u00e9n keer per week in juli en augustus, zijn er georganiseerde activiteiten waar de kinderen kunnen aan deelnemen, boogschieten (aangepast aan de kinderen) of aan slackline (touw gespannen tussen 2 bomen waar men op probeert te stappen zoals een koorddanser\u00a0!)<br \/>\n<span class=\"liste\">VOOR DE GROTE<\/span>\u00a0: een ping-pong (denk eraan uw pingpongpaletten en balletje in de bagage te steken), 2 petanque banen (elke week is er petanque-wedstrijd), traditionele bretoense spelen in hout.<br \/>\nIndien jullie de fietsen niet konden meebrengen, hebben jullie de mogelijkheid om ter plaatse fietsen te huren, om de kust tussen\u00a0<strong>Saint Malo<\/strong>,\u00a0<strong>Cancale<\/strong>\u00a0en de\u00a0<strong>Mont-Saint-Michel<\/strong>\u00a0te ontdekken. De kaarten met verschillende fietsparcours zijn beschikbaar aan het onthaal.<br \/>\nZie ook :\u00a0<a title=\"camping met zwembad\" href=\"https:\/\/www.campingdelileverte.com\/nl\/het-zwembad\/\">Camping St Malo met zwembad<\/a><\/p>\n<\/div><\/div><div class=\"element colonne w-55\"><div class=\"element fancybox-container\"><a class=\"fancybox\" href=\"https:\/\/www.campingdelileverte.com\/wp-content\/uploads\/2021\/09\/camping-jeux-enfants-saint-malo.jpg\"><img decoding=\"async\" src=\"https:\/\/www.campingdelileverte.com\/wp-content\/uploads\/2021\/09\/camping-jeux-enfants-saint-malo-100x67.jpg\" data-src=\"https:\/\/www.campingdelileverte.com\/wp-content\/uploads\/2021\/09\/camping-jeux-enfants-saint-malo.jpg\" alt=\"camping kinderspelen saint malo\" class=\"images_image\" \/><\/a><a class=\"fancybox\" href=\"https:\/\/www.campingdelileverte.com\/wp-content\/uploads\/2021\/09\/camping-petanque-saint-malo.jpg\"><img decoding=\"async\" src=\"https:\/\/www.campingdelileverte.com\/wp-content\/uploads\/2021\/09\/camping-petanque-saint-malo-100x67.jpg\" data-src=\"https:\/\/www.campingdelileverte.com\/wp-content\/uploads\/2021\/09\/camping-petanque-saint-malo.jpg\" alt=\"camping petanque saint malo\" class=\"images_image\" \/><\/a><a class=\"fancybox\" href=\"https:\/\/www.campingdelileverte.com\/wp-content\/uploads\/2021\/11\/camping-avec-table-de-ping-pong-cancalel.jpg\"><img decoding=\"async\" src=\"https:\/\/www.campingdelileverte.com\/wp-content\/uploads\/2021\/11\/camping-avec-table-de-ping-pong-cancalel-100x67.jpg\" data-src=\"https:\/\/www.campingdelileverte.com\/wp-content\/uploads\/2021\/11\/camping-avec-table-de-ping-pong-cancalel.jpg\" alt=\"camping visite guidee mont saint michel\" class=\"images_image\" \/><\/a><\/div><\/div><\/div><\/div><\/section>\n\n<section id=\"section-group2\"\" class=\"section home-third bg-white p-t-0 p-b-0\" \/><div class=\"container full\"><div class=\"element images\"><div class=\"image\"><img decoding=\"async\" src=\"https:\/\/www.campingdelileverte.com\/wp-content\/uploads\/2021\/11\/camping-char-a-voile-cancale-100x33.jpg\" data-src=\"https:\/\/www.campingdelileverte.com\/wp-content\/uploads\/2021\/11\/camping-char-a-voile-cancale.jpg\" alt=\"camping char a voile cancale\" class=\"images_image\" \/><\/div><\/div><div class=\"element images\"><div class=\"image\"><img decoding=\"async\" src=\"https:\/\/www.campingdelileverte.com\/wp-content\/uploads\/2021\/08\/wave-100x16.png\" data-src=\"https:\/\/www.campingdelileverte.com\/wp-content\/uploads\/2021\/08\/wave.png\" alt=\"vague piscine saint malo\" class=\"images_image\" \/><\/div><\/div><\/div><\/section>\n\n<section id=\"section-group3\"\" class=\"section home-third-bis bg-white\" \/><div class=\"container\"><h2 class=\"element section-title center color2\">In de nabijheid van de camping : Saint Malo, le Mont Saint Michel\u2026<\/h2><div class=\"element bloc-text center \">\n\t<p>Profiteer van de talrijke activiteiten in de buurt van de Camping de L\u2019Ile Verte\u00a0:<\/p>\n<p><span class=\"liste\">BIJ MOOI WEER<\/span>\u00a0: waag jullie aan het strandzeilen (Hirel-4km), probeer eens een wandeling te paard in de baai (paarden man\u00e8ge in Saint M\u00e9loir des Ondes-3km), een rondje op de Karting (Saint M\u00e9loir des Ondes-2km), laat jullie verleiden door een oversteek van de baai van de Mont-Saint-Michel (Les chemins de la baie- Gen\u00eats), aangetrokken tot cano\u00eb-kayak\/ bergbeklimming\/boogschieten\/ MTB op de open basis van Couesnon in Pontorson (30km), bezoek ook de zoo van Bourbansais (Pleuqueueuc- 20min), het pretpatk van Cobac Parc (Lanh\u00e9lin-25km), en smul van een heerlijk ijsje bij Sanchez (Saint-Malo)\u2026<\/p>\n<p><span class=\"liste\">BIJ MINDER MOOI WEER\u2026<\/span>\u00a0: bezoek Le Grand Aquarium (Saint-Malo- 15km), of het M\u00e9di\u00e9valys (Dol de Bretagne), neem de kinderen mee naar Max Aventurees (overdekte speeltuin voor kinderen in Saint-Malo), of souvenir-shoppen in l\u2019Atelier d\u2019Emilie (Saint-Malo), proef een pannenkoek in \u2018Cr\u00eaperie des Ondes\u2019 of van de oesters in \u2018Jardin du Fruit de Mer\u2019 in het dorp\u2026<\/p>\n<\/div><div class=\"element images\"><div class=\"image\"><img decoding=\"async\" src=\"https:\/\/www.campingdelileverte.com\/wp-content\/uploads\/2021\/08\/tortillon-100x100.png\" data-src=\"https:\/\/www.campingdelileverte.com\/wp-content\/uploads\/2021\/08\/tortillon.png\" alt=\"camping piscine bretagne\" class=\"images_image tortillon\" \/><\/div><\/div><\/div><\/section>\n\n<section id=\"section-group4\"\" class=\"section home-third bg-white p-t-0 p-b-0\" \/><div class=\"container full\"><div class=\"element images\"><div class=\"image\"><img decoding=\"async\" src=\"https:\/\/www.campingdelileverte.com\/wp-content\/uploads\/2021\/09\/camping-degustation-huitres-saint-malo-100x37.jpg\" data-src=\"https:\/\/www.campingdelileverte.com\/wp-content\/uploads\/2021\/09\/camping-degustation-huitres-saint-malo.jpg\" alt=\"camping degustation huitres saint malo\" class=\"images_image\" \/><\/div><\/div><div class=\"element images\"><div class=\"image\"><img decoding=\"async\" src=\"https:\/\/www.campingdelileverte.com\/wp-content\/uploads\/2021\/08\/wave-100x16.png\" data-src=\"https:\/\/www.campingdelileverte.com\/wp-content\/uploads\/2021\/08\/wave.png\" alt=\"vague piscine saint malo\" class=\"images_image\" \/><\/div><\/div><\/div><\/section>\n\n<section id=\"section-group5\"\" class=\"section home-first bg-white\" \/><div class=\"container extralarge\"><div class=\"colonnes-wrap valign-middle \"><div class=\"element colonne w-55\"><div class=\"element fancybox-container\"><a class=\"fancybox\" href=\"https:\/\/www.campingdelileverte.com\/wp-content\/uploads\/2021\/09\/camping-produits-locaux-mont-saint-michel.jpg\"><img decoding=\"async\" src=\"https:\/\/www.campingdelileverte.com\/wp-content\/uploads\/2021\/09\/camping-produits-locaux-mont-saint-michel-100x67.jpg\" data-src=\"https:\/\/www.campingdelileverte.com\/wp-content\/uploads\/2021\/09\/camping-produits-locaux-mont-saint-michel.jpg\" alt=\"camping produits locaux mont saint michel\" class=\"images_image\" \/><\/a><a class=\"fancybox\" href=\"https:\/\/www.campingdelileverte.com\/wp-content\/uploads\/2021\/11\/camping-soirees-concert-cancale.jpg\"><img decoding=\"async\" src=\"https:\/\/www.campingdelileverte.com\/wp-content\/uploads\/2021\/11\/camping-soirees-concert-cancale-100x67.jpg\" data-src=\"https:\/\/www.campingdelileverte.com\/wp-content\/uploads\/2021\/11\/camping-soirees-concert-cancale.jpg\" alt=\"camping spectacle musique cancale ille et vilaine\" class=\"images_image\" \/><\/a><a class=\"fancybox\" href=\"https:\/\/www.campingdelileverte.com\/wp-content\/uploads\/2021\/09\/camping-activite-aquatique-saint-malo-1.jpg\"><img decoding=\"async\" src=\"https:\/\/www.campingdelileverte.com\/wp-content\/uploads\/2021\/09\/camping-activite-aquatique-saint-malo-1-100x67.jpg\" data-src=\"https:\/\/www.campingdelileverte.com\/wp-content\/uploads\/2021\/09\/camping-activite-aquatique-saint-malo-1.jpg\" alt=\"camping activite aquatique saint malo\" class=\"images_image\" \/><\/a><\/div><\/div><div class=\"element colonne w-45 p-3 bg-color5\"><h2 class=\"element section-title left color2\">Activiteiten op de camping van Saint Malo<\/h2><div class=\"element bloc-text left \">\n\t<p>Of je nu met je gezin of met vrienden bent, je zult zeker genieten van een gezellige vakantie op onze camping <a href=\"\/nl\/\">Ile Verte<\/a>.<\/p>\n<p>Tijdens uw verblijf in het hoogseizoen kunt u genieten van activiteiten die door ons team worden georganiseerd: bingo, petanquetoernooi, aquagym, wandeltochten&#8230; en gezellige momenten delen tijdens de maaltijdavonden in de bar-snackbar van onze 4-sterrencamping.<\/p>\n<p>Voor onvergetelijke momenten met uw kinderen of vrienden, aarzel niet en reserveer nu op onze camping in Bretagne.<\/p>\n<\/div><\/div><\/div><\/div><\/section>\n\n<section id=\"section-611ce00696f04\"\" class=\"section bg-color5\" \/><div class=\"container extralarge\"><div class=\"element section-title left titre-cta\">Ontdek de andere diensten van de camping<\/div><ul class=\"liste-de-page\"><li class=\"element call-to-action carre call-to-action--style-1 call-to-action--big\"><a href=\"https:\/\/www.campingdelileverte.com\/nl\/bar-snack\/\"  class=\"call-to-action_link\" title=\"En savoir plus sur bar\/snack\"><div class=\"call-to-action_image\"><img decoding=\"async\" src=\"https:\/\/www.campingdelileverte.com\/wp-content\/uploads\/2021\/08\/camping-saint-malo-bar-snack-100x46.jpg\" data-src=\"https:\/\/www.campingdelileverte.com\/wp-content\/uploads\/2021\/08\/camping-saint-malo-bar-snack.jpg\" alt=\"camping saint malo bar snack\" class=\"big\" \/><\/div><div class=\"call-to-action_contenu\"><div class=\"call-to-action_titre\">Bar\/Snack<\/div><\/div><\/a><\/li><li class=\"element call-to-action carre call-to-action--style-1 call-to-action--big call-to-action--style-1 call-to-action--big\"><a href=\"https:\/\/www.campingdelileverte.com\/nl\/4-sterren-camping-diensten\/\"  class=\"call-to-action_link\" title=\"En savoir plus sur de diensten\"><div class=\"call-to-action_image\"><img decoding=\"async\" src=\"https:\/\/www.campingdelileverte.com\/wp-content\/uploads\/2021\/11\/camping-avec-sanitaires-cancale-100x37.jpg\" data-src=\"https:\/\/www.campingdelileverte.com\/wp-content\/uploads\/2021\/11\/camping-avec-sanitaires-cancale.jpg\" alt=\"camping avec sanitaires cancale\" class=\"big\" \/><\/div><div class=\"call-to-action_contenu\"><div class=\"call-to-action_titre\">De diensten<\/div><\/div><\/a><\/li><li class=\"element call-to-action carre call-to-action--style-1 call-to-action--big call-to-action--style-1 call-to-action--big call-to-action--style-1 call-to-action--big\"><a href=\"https:\/\/www.campingdelileverte.com\/nl\/het-zwembad\/\"  class=\"call-to-action_link\" title=\"En savoir plus sur het zwembad\"><div class=\"call-to-action_image\"><img decoding=\"async\" src=\"https:\/\/www.campingdelileverte.com\/wp-content\/uploads\/2021\/08\/piscine-bretagne-100x46.jpg\" data-src=\"https:\/\/www.campingdelileverte.com\/wp-content\/uploads\/2021\/08\/piscine-bretagne.jpg\" alt=\"piscine bretagne\" class=\"big\" \/><\/div><div class=\"call-to-action_contenu\"><div class=\"call-to-action_titre\">Het zwembad<\/div><\/div><\/a><\/li><\/ul><\/div><\/section>","protected":false},"excerpt":{"rendered":"","protected":false},"author":1,"featured_media":8441,"parent":0,"menu_order":0,"comment_status":"closed","ping_status":"closed","template":"","meta":{"_acf_changed":false,"footnotes":""},"class_list":["post-8439","page","type-page","status-publish","has-post-thumbnail","hentry"],"acf":[],"yoast_head":"<!-- This site is optimized with the Yoast SEO plugin v25.3 - https:\/\/yoast.com\/wordpress\/plugins\/seo\/ -->\n<title>Activiteiten en Ontspanning - Camping Ile Verte<\/title>\n<meta name=\"description\" content=\"In de omgeving van camping Ile Verte kunt u Saint Malo, Cancale en de Mont Saint Michel ontdekken. Vele activiteiten wachten op u!\" \/>\n<meta name=\"robots\" content=\"index, follow, max-snippet:-1, max-image-preview:large, max-video-preview:-1\" \/>\n<link rel=\"canonical\" href=\"https:\/\/www.campingdelileverte.com\/nl\/activiteiten-en-ontspanning\/\" \/>\n<meta property=\"og:locale\" content=\"nl_NL\" \/>\n<meta property=\"og:type\" content=\"article\" \/>\n<meta property=\"og:title\" content=\"Activiteiten en Ontspanning - Camping Ile Verte\" \/>\n<meta property=\"og:description\" content=\"In de omgeving van camping Ile Verte kunt u Saint Malo, Cancale en de Mont Saint Michel ontdekken. Vele activiteiten wachten op u!\" \/>\n<meta property=\"og:url\" content=\"https:\/\/www.campingdelileverte.com\/nl\/activiteiten-en-ontspanning\/\" \/>\n<meta property=\"og:site_name\" content=\"Camping Ile Verte\" \/>\n<meta property=\"article:modified_time\" content=\"2025-09-11T15:00:21+00:00\" \/>\n<meta property=\"og:image\" content=\"https:\/\/www.campingdelileverte.com\/wp-content\/uploads\/2021\/11\/camping-aire-de-jeux-enfants-saint-benoit-des-ondes.jpg\" \/>\n\t<meta property=\"og:image:width\" content=\"1900\" \/>\n\t<meta property=\"og:image:height\" content=\"700\" \/>\n\t<meta property=\"og:image:type\" content=\"image\/jpeg\" \/>\n<meta name=\"twitter:card\" content=\"summary_large_image\" \/>\n<meta name=\"twitter:label1\" content=\"Geschatte leestijd\" \/>\n\t<meta name=\"twitter:data1\" content=\"1 minuut\" \/>\n<script type=\"application\/ld+json\" class=\"yoast-schema-graph\">{\"@context\":\"https:\/\/schema.org\",\"@graph\":[{\"@type\":\"WebPage\",\"@id\":\"https:\/\/www.campingdelileverte.com\/nl\/activiteiten-en-ontspanning\/\",\"url\":\"https:\/\/www.campingdelileverte.com\/nl\/activiteiten-en-ontspanning\/\",\"name\":\"Activiteiten en Ontspanning - Camping Ile Verte\",\"isPartOf\":{\"@id\":\"https:\/\/www.campingdelileverte.com\/nl\/#website\"},\"primaryImageOfPage\":{\"@id\":\"https:\/\/www.campingdelileverte.com\/nl\/activiteiten-en-ontspanning\/#primaryimage\"},\"image\":{\"@id\":\"https:\/\/www.campingdelileverte.com\/nl\/activiteiten-en-ontspanning\/#primaryimage\"},\"thumbnailUrl\":\"https:\/\/www.campingdelileverte.com\/wp-content\/uploads\/2021\/11\/camping-aire-de-jeux-enfants-saint-benoit-des-ondes.jpg\",\"datePublished\":\"2021-08-12T12:47:55+00:00\",\"dateModified\":\"2025-09-11T15:00:21+00:00\",\"description\":\"In de omgeving van camping Ile Verte kunt u Saint Malo, Cancale en de Mont Saint Michel ontdekken. Vele activiteiten wachten op u!\",\"breadcrumb\":{\"@id\":\"https:\/\/www.campingdelileverte.com\/nl\/activiteiten-en-ontspanning\/#breadcrumb\"},\"inLanguage\":\"nl-NL\",\"potentialAction\":[{\"@type\":\"ReadAction\",\"target\":[\"https:\/\/www.campingdelileverte.com\/nl\/activiteiten-en-ontspanning\/\"]}]},{\"@type\":\"ImageObject\",\"inLanguage\":\"nl-NL\",\"@id\":\"https:\/\/www.campingdelileverte.com\/nl\/activiteiten-en-ontspanning\/#primaryimage\",\"url\":\"https:\/\/www.campingdelileverte.com\/wp-content\/uploads\/2021\/11\/camping-aire-de-jeux-enfants-saint-benoit-des-ondes.jpg\",\"contentUrl\":\"https:\/\/www.campingdelileverte.com\/wp-content\/uploads\/2021\/11\/camping-aire-de-jeux-enfants-saint-benoit-des-ondes.jpg\",\"width\":1900,\"height\":700,\"caption\":\"camping aire de jeux enfants saint benoit des ondes\"},{\"@type\":\"BreadcrumbList\",\"@id\":\"https:\/\/www.campingdelileverte.com\/nl\/activiteiten-en-ontspanning\/#breadcrumb\",\"itemListElement\":[{\"@type\":\"ListItem\",\"position\":1,\"name\":\"Camping Saint Malo\",\"item\":\"https:\/\/www.campingdelileverte.com\/nl\/\"},{\"@type\":\"ListItem\",\"position\":2,\"name\":\"Activiteiten en Ontspanning\"}]},{\"@type\":\"WebSite\",\"@id\":\"https:\/\/www.campingdelileverte.com\/nl\/#website\",\"url\":\"https:\/\/www.campingdelileverte.com\/nl\/\",\"name\":\"Camping Ile Verte\",\"description\":\"\",\"publisher\":{\"@id\":\"https:\/\/www.campingdelileverte.com\/nl\/#organization\"},\"potentialAction\":[{\"@type\":\"SearchAction\",\"target\":{\"@type\":\"EntryPoint\",\"urlTemplate\":\"https:\/\/www.campingdelileverte.com\/nl\/?s={search_term_string}\"},\"query-input\":{\"@type\":\"PropertyValueSpecification\",\"valueRequired\":true,\"valueName\":\"search_term_string\"}}],\"inLanguage\":\"nl-NL\"},{\"@type\":\"Organization\",\"@id\":\"https:\/\/www.campingdelileverte.com\/nl\/#organization\",\"name\":\"Camping Ile Verte\",\"url\":\"https:\/\/www.campingdelileverte.com\/nl\/\",\"logo\":{\"@type\":\"ImageObject\",\"inLanguage\":\"nl-NL\",\"@id\":\"https:\/\/www.campingdelileverte.com\/nl\/#\/schema\/logo\/image\/\",\"url\":\"https:\/\/www.campingdelileverte.com\/wp-content\/uploads\/2021\/08\/camping-saint-malo.png\",\"contentUrl\":\"https:\/\/www.campingdelileverte.com\/wp-content\/uploads\/2021\/08\/camping-saint-malo.png\",\"width\":370,\"height\":264,\"caption\":\"Camping Ile Verte\"},\"image\":{\"@id\":\"https:\/\/www.campingdelileverte.com\/nl\/#\/schema\/logo\/image\/\"}}]}<\/script>\n<!-- \/ Yoast SEO plugin. -->","yoast_head_json":{"title":"Activiteiten en Ontspanning - Camping Ile Verte","description":"In de omgeving van camping Ile Verte kunt u Saint Malo, Cancale en de Mont Saint Michel ontdekken. Vele activiteiten wachten op u!","robots":{"index":"index","follow":"follow","max-snippet":"max-snippet:-1","max-image-preview":"max-image-preview:large","max-video-preview":"max-video-preview:-1"},"canonical":"https:\/\/www.campingdelileverte.com\/nl\/activiteiten-en-ontspanning\/","og_locale":"nl_NL","og_type":"article","og_title":"Activiteiten en Ontspanning - Camping Ile Verte","og_description":"In de omgeving van camping Ile Verte kunt u Saint Malo, Cancale en de Mont Saint Michel ontdekken. Vele activiteiten wachten op u!","og_url":"https:\/\/www.campingdelileverte.com\/nl\/activiteiten-en-ontspanning\/","og_site_name":"Camping Ile Verte","article_modified_time":"2025-09-11T15:00:21+00:00","og_image":[{"width":1900,"height":700,"url":"https:\/\/www.campingdelileverte.com\/wp-content\/uploads\/2021\/11\/camping-aire-de-jeux-enfants-saint-benoit-des-ondes.jpg","type":"image\/jpeg"}],"twitter_card":"summary_large_image","twitter_misc":{"Geschatte leestijd":"1 minuut"},"schema":{"@context":"https:\/\/schema.org","@graph":[{"@type":"WebPage","@id":"https:\/\/www.campingdelileverte.com\/nl\/activiteiten-en-ontspanning\/","url":"https:\/\/www.campingdelileverte.com\/nl\/activiteiten-en-ontspanning\/","name":"Activiteiten en Ontspanning - Camping Ile Verte","isPartOf":{"@id":"https:\/\/www.campingdelileverte.com\/nl\/#website"},"primaryImageOfPage":{"@id":"https:\/\/www.campingdelileverte.com\/nl\/activiteiten-en-ontspanning\/#primaryimage"},"image":{"@id":"https:\/\/www.campingdelileverte.com\/nl\/activiteiten-en-ontspanning\/#primaryimage"},"thumbnailUrl":"https:\/\/www.campingdelileverte.com\/wp-content\/uploads\/2021\/11\/camping-aire-de-jeux-enfants-saint-benoit-des-ondes.jpg","datePublished":"2021-08-12T12:47:55+00:00","dateModified":"2025-09-11T15:00:21+00:00","description":"In de omgeving van camping Ile Verte kunt u Saint Malo, Cancale en de Mont Saint Michel ontdekken. Vele activiteiten wachten op u!","breadcrumb":{"@id":"https:\/\/www.campingdelileverte.com\/nl\/activiteiten-en-ontspanning\/#breadcrumb"},"inLanguage":"nl-NL","potentialAction":[{"@type":"ReadAction","target":["https:\/\/www.campingdelileverte.com\/nl\/activiteiten-en-ontspanning\/"]}]},{"@type":"ImageObject","inLanguage":"nl-NL","@id":"https:\/\/www.campingdelileverte.com\/nl\/activiteiten-en-ontspanning\/#primaryimage","url":"https:\/\/www.campingdelileverte.com\/wp-content\/uploads\/2021\/11\/camping-aire-de-jeux-enfants-saint-benoit-des-ondes.jpg","contentUrl":"https:\/\/www.campingdelileverte.com\/wp-content\/uploads\/2021\/11\/camping-aire-de-jeux-enfants-saint-benoit-des-ondes.jpg","width":1900,"height":700,"caption":"camping aire de jeux enfants saint benoit des ondes"},{"@type":"BreadcrumbList","@id":"https:\/\/www.campingdelileverte.com\/nl\/activiteiten-en-ontspanning\/#breadcrumb","itemListElement":[{"@type":"ListItem","position":1,"name":"Camping Saint Malo","item":"https:\/\/www.campingdelileverte.com\/nl\/"},{"@type":"ListItem","position":2,"name":"Activiteiten en Ontspanning"}]},{"@type":"WebSite","@id":"https:\/\/www.campingdelileverte.com\/nl\/#website","url":"https:\/\/www.campingdelileverte.com\/nl\/","name":"Camping Ile Verte","description":"","publisher":{"@id":"https:\/\/www.campingdelileverte.com\/nl\/#organization"},"potentialAction":[{"@type":"SearchAction","target":{"@type":"EntryPoint","urlTemplate":"https:\/\/www.campingdelileverte.com\/nl\/?s={search_term_string}"},"query-input":{"@type":"PropertyValueSpecification","valueRequired":true,"valueName":"search_term_string"}}],"inLanguage":"nl-NL"},{"@type":"Organization","@id":"https:\/\/www.campingdelileverte.com\/nl\/#organization","name":"Camping Ile Verte","url":"https:\/\/www.campingdelileverte.com\/nl\/","logo":{"@type":"ImageObject","inLanguage":"nl-NL","@id":"https:\/\/www.campingdelileverte.com\/nl\/#\/schema\/logo\/image\/","url":"https:\/\/www.campingdelileverte.com\/wp-content\/uploads\/2021\/08\/camping-saint-malo.png","contentUrl":"https:\/\/www.campingdelileverte.com\/wp-content\/uploads\/2021\/08\/camping-saint-malo.png","width":370,"height":264,"caption":"Camping Ile Verte"},"image":{"@id":"https:\/\/www.campingdelileverte.com\/nl\/#\/schema\/logo\/image\/"}}]}},"_links":{"self":[{"href":"https:\/\/www.campingdelileverte.com\/nl\/wp-json\/wp\/v2\/pages\/8439","targetHints":{"allow":["GET"]}}],"collection":[{"href":"https:\/\/www.campingdelileverte.com\/nl\/wp-json\/wp\/v2\/pages"}],"about":[{"href":"https:\/\/www.campingdelileverte.com\/nl\/wp-json\/wp\/v2\/types\/page"}],"author":[{"embeddable":true,"href":"https:\/\/www.campingdelileverte.com\/nl\/wp-json\/wp\/v2\/users\/1"}],"replies":[{"embeddable":true,"href":"https:\/\/www.campingdelileverte.com\/nl\/wp-json\/wp\/v2\/comments?post=8439"}],"version-history":[{"count":11,"href":"https:\/\/www.campingdelileverte.com\/nl\/wp-json\/wp\/v2\/pages\/8439\/revisions"}],"predecessor-version":[{"id":10755,"href":"https:\/\/www.campingdelileverte.com\/nl\/wp-json\/wp\/v2\/pages\/8439\/revisions\/10755"}],"wp:featuredmedia":[{"embeddable":true,"href":"https:\/\/www.campingdelileverte.com\/nl\/wp-json\/wp\/v2\/media\/8441"}],"wp:attachment":[{"href":"https:\/\/www.campingdelileverte.com\/nl\/wp-json\/wp\/v2\/media?parent=8439"}],"curies":[{"name":"wp","href":"https:\/\/api.w.org\/{rel}","templated":true}]}}